{"id":8467,"date":"2023-02-02T14:06:22","date_gmt":"2023-02-02T17:06:22","guid":{"rendered":"https:\/\/infomacrio.com.br\/index.php\/produto\/caneta-p-limpeza-de-conector-optico\/"},"modified":"2026-03-31T16:50:39","modified_gmt":"2026-03-31T19:50:39","slug":"caneta-p-limpeza-de-conector-optico","status":"publish","type":"product","link":"https:\/\/infomacrio.com.br\/index.php\/produto\/caneta-p-limpeza-de-conector-optico\/","title":{"rendered":"CANETA P\/ LIMPEZA DE CONECTOR OPTICO"},"content":{"rendered":"<p>. A Caneta de limpeza \u00f3ptica foi feita para realizar a higieniza\u00e7\u00e3o de conectores e adaptadores \u00f3pticos que possuam o padr\u00e3o SC, FC e ST. Essa caneta \u00e9 essencial para t\u00e9cnicos de redes de fibra \u00f3ptica pois elas garantem a elimina\u00e7\u00e3o de impurezas\u00a0 que podem estar presentes nos conectores e\/ou adaptadores.<\/p>\n<p>. F\u00e1cil manuseio<\/p>\n<p>. Vida \u00fatil de aproximadamente 800 limpezas.<\/p>\n","protected":false},"excerpt":{"rendered":"<p>CANETA P\/ LIMPEZA DE CONECTOR OPTICO<\/p>\n","protected":false},"featured_media":8468,"template":"","meta":{"om_disable_all_campaigns":false,"_monsterinsights_skip_tracking":false,"_monsterinsights_sitenote_active":false,"_monsterinsights_sitenote_note":"","_monsterinsights_sitenote_category":0},"product_brand":[],"product_cat":[313,408],"product_tag":[],"class_list":{"0":"post-8467","1":"product","2":"type-product","3":"status-publish","4":"has-post-thumbnail","6":"product_cat-ferramentas","7":"product_cat-para-diversos","8":"thunk-woo-product-list","9":"big-store-woo-hover-zoom","10":"open-single-product-tab-horizontal","11":"open-shadow-","12":"open-shadow-hover-","14":"first","15":"instock","16":"sale","17":"shipping-taxable","18":"purchasable","19":"product-type-simple"},"aioseo_notices":[],"_links":{"self":[{"href":"https:\/\/infomacrio.com.br\/index.php\/wp-json\/wp\/v2\/product\/8467","targetHints":{"allow":["GET"]}}],"collection":[{"href":"https:\/\/infomacrio.com.br\/index.php\/wp-json\/wp\/v2\/product"}],"about":[{"href":"https:\/\/infomacrio.com.br\/index.php\/wp-json\/wp\/v2\/types\/product"}],"wp:featuredmedia":[{"embeddable":true,"href":"https:\/\/infomacrio.com.br\/index.php\/wp-json\/wp\/v2\/media\/8468"}],"wp:attachment":[{"href":"https:\/\/infomacrio.com.br\/index.php\/wp-json\/wp\/v2\/media?parent=8467"}],"wp:term":[{"taxonomy":"product_brand","embeddable":true,"href":"https:\/\/infomacrio.com.br\/index.php\/wp-json\/wp\/v2\/product_brand?post=8467"},{"taxonomy":"product_cat","embeddable":true,"href":"https:\/\/infomacrio.com.br\/index.php\/wp-json\/wp\/v2\/product_cat?post=8467"},{"taxonomy":"product_tag","embeddable":true,"href":"https:\/\/infomacrio.com.br\/index.php\/wp-json\/wp\/v2\/product_tag?post=8467"}],"curies":[{"name":"wp","href":"https:\/\/api.w.org\/{rel}","templated":true}]}}