{"id":8428,"date":"2023-01-18T11:02:31","date_gmt":"2023-01-18T14:02:31","guid":{"rendered":"https:\/\/infomacrio.com.br\/index.php\/produto\/roteador-tp-link-ax1800-d-band-ex220-wifi-6\/"},"modified":"2025-09-16T15:04:03","modified_gmt":"2025-09-16T18:04:03","slug":"roteador-tp-link-ax1800-d-band-ex220-wifi-6","status":"publish","type":"product","link":"https:\/\/infomacrio.com.br\/index.php\/produto\/roteador-tp-link-ax1800-d-band-ex220-wifi-6\/","title":{"rendered":"ROTEADOR TP-LINK AX1800 EX220 WIFI 6"},"content":{"rendered":"<div class=\"box highlights\">\n<ul>\n<li><strong>Velocidades de Wi-Fi de 1,8 Gbps:\u00a0<\/strong>Aproveite uma navega\u00e7\u00e3o, streaming e download mais r\u00e1pidos em duas bandas.<\/li>\n<li><strong>Mais Conex\u00f5es:<\/strong>\u00a0As tecnologias OFDMA e MU-MIMO aumentam a capacidade e permitem a transmiss\u00e3o simult\u00e2nea para mais dispositivos.<\/li>\n<li><strong>Cobertura Estendida:\u00a0<\/strong>Antenas de alto desempenho e tecnologia de forma\u00e7\u00e3o de feixes se combinam para fornecer recep\u00e7\u00e3o focada a dispositivos distantes.<\/li>\n<li><strong>Compat\u00edvel com EasyMesh:<\/strong>\u00a0Crie uma rede mesh inteligente com cobertura cont\u00ednua e maior flexibilidade com base na tecnologia mesh padr\u00e3o.<\/li>\n<li><strong>Seguran\u00e7a Aprimorada:<\/strong>\u00a0Criptografia WPA3, Multi-SSID e controles parentais oferecem uma experi\u00eancia online personalizada e mais segura.<\/li>\n<li><strong>Conex\u00f5es com Fio Gigabit:<\/strong>\u00a01 porta Gigabit WAN e 3 portas Gigabit LAN fornecem acesso \u00e0 internet r\u00e1pido e flex\u00edvel.<\/li>\n<li><strong>Configura\u00e7\u00e3o F\u00e1cil:<\/strong>\u00a0Configure sua rede em minutos com o poderoso aplicativo Aginet.<\/li>\n<li><strong>Gerenciamento Remoto: \u00a0<\/strong>TAUC (TP-Link Aginet Unified Cloud, baseado em TR-369), e s\u00e3o suportados os protocolos TR-069, TR-098, TR-181, TR-111 e TR-143.<\/li>\n<\/ul>\n<p><span id=\"footnote-1\">*<\/span>As taxas m\u00e1ximas de sinal sem fio s\u00e3o as taxas f\u00edsicas derivadas das especifica\u00e7\u00f5es do padr\u00e3o IEEE 802.11. A taxa real de transfer\u00eancia de dados sem fio e a cobertura sem fio n\u00e3o s\u00e3o garantidas e variar\u00e3o devido \u00e0s condi\u00e7\u00f5es da rede, limita\u00e7\u00f5es do cliente e fatores ambientais, incluindo materiais de constru\u00e7\u00e3o, obst\u00e1culos, volume e densidade do tr\u00e1fego e localiza\u00e7\u00e3o do cliente.<\/p>\n<p><span id=\"footnote-2\">**<\/span>O uso do WiFi 6 (802.11ax), e recursos incluindo OFDMA, 1024-QAM, MU-MIMO e WPA3\u00a0exige que os clientes tamb\u00e9m suportem os recursos correspondentes.<\/p>\n<p><sup><span id=\"footnote-3\">\u25b3<\/span><\/sup>Rede mesh requer dois ou mais dispositivos. Este produto \u00e9 compat\u00edvel com a tecnologia EasyMesh padronizada, mas n\u00e3o obteve a certifica\u00e7\u00e3o Wi-Fi EasyMesh<sup>TM<\/sup>.<\/p>\n<p>Velocidades de internet de 1000 Mbps requerem planos de servi\u00e7o e equipamentos compat\u00edveis.<\/p>\n<p>A velocidade real da rede pode ser limitada pela taxa da porta WAN ou LAN Ethernet do produto, pela taxa suportada pelo cabo de rede, pelos fatores do provedor de servi\u00e7os de internet e por outras condi\u00e7\u00f5es ambientais.<\/p>\n<\/div>\n","protected":false},"excerpt":{"rendered":"<p>ROTEADOR TP-LINK AX1800 EX220 WIFI 6<\/p>\n","protected":false},"featured_media":10082,"template":"","meta":{"om_disable_all_campaigns":false,"_monsterinsights_skip_tracking":false,"_monsterinsights_sitenote_active":false,"_monsterinsights_sitenote_note":"","_monsterinsights_sitenote_category":0},"product_brand":[],"product_cat":[423,294],"product_tag":[],"class_list":{"0":"post-8428","1":"product","2":"type-product","3":"status-publish","4":"has-post-thumbnail","6":"product_cat-roteador-wireless","7":"product_cat-wireless","8":"thunk-woo-product-list","9":"big-store-woo-hover-zoom","10":"open-single-product-tab-horizontal","11":"open-shadow-","12":"open-shadow-hover-","14":"first","15":"instock","16":"sale","17":"shipping-taxable","18":"purchasable","19":"product-type-simple"},"aioseo_notices":[],"_links":{"self":[{"href":"https:\/\/infomacrio.com.br\/index.php\/wp-json\/wp\/v2\/product\/8428","targetHints":{"allow":["GET"]}}],"collection":[{"href":"https:\/\/infomacrio.com.br\/index.php\/wp-json\/wp\/v2\/product"}],"about":[{"href":"https:\/\/infomacrio.com.br\/index.php\/wp-json\/wp\/v2\/types\/product"}],"wp:featuredmedia":[{"embeddable":true,"href":"https:\/\/infomacrio.com.br\/index.php\/wp-json\/wp\/v2\/media\/10082"}],"wp:attachment":[{"href":"https:\/\/infomacrio.com.br\/index.php\/wp-json\/wp\/v2\/media?parent=8428"}],"wp:term":[{"taxonomy":"product_brand","embeddable":true,"href":"https:\/\/infomacrio.com.br\/index.php\/wp-json\/wp\/v2\/product_brand?post=8428"},{"taxonomy":"product_cat","embeddable":true,"href":"https:\/\/infomacrio.com.br\/index.php\/wp-json\/wp\/v2\/product_cat?post=8428"},{"taxonomy":"product_tag","embeddable":true,"href":"https:\/\/infomacrio.com.br\/index.php\/wp-json\/wp\/v2\/product_tag?post=8428"}],"curies":[{"name":"wp","href":"https:\/\/api.w.org\/{rel}","templated":true}]}}