{"id":8397,"date":"2023-01-07T12:12:19","date_gmt":"2023-01-07T15:12:19","guid":{"rendered":"https:\/\/infomacrio.com.br\/index.php\/produto\/headset-hp-gamer-h220-led-azul-usb-p3\/"},"modified":"2026-03-05T13:34:05","modified_gmt":"2026-03-05T16:34:05","slug":"headset-hp-gamer-h220-led-azul-usb-p3","status":"publish","type":"product","link":"https:\/\/infomacrio.com.br\/index.php\/produto\/headset-hp-gamer-h220-led-azul-usb-p3\/","title":{"rendered":"HEADSET HP GAMER H220 P2+USB LED AZUL"},"content":{"rendered":"<p>HP H220 \u00e9 o headset ideal para quem quer um visual diferenciado, mas sem abrir m\u00e3o de conforto e qualidade de som. A almofada de tecido e respir\u00e1vel e suave. A ilumina\u00e7\u00e3o LED em conjunto com o acabamento met\u00e1lico e futur\u00edstico e elegante. O headset ainda conta com redu\u00e7\u00e3o de ruido no microfone, e \u00e1udio est\u00e9reo de profundidade bem definido.<\/p>\n","protected":false},"excerpt":{"rendered":"<p>HEADSET HP GAMER H220 P2+USB LED AZUL<\/p>\n","protected":false},"featured_media":8406,"template":"","meta":{"om_disable_all_campaigns":false,"_monsterinsights_skip_tracking":false,"_monsterinsights_sitenote_active":false,"_monsterinsights_sitenote_note":"","_monsterinsights_sitenote_category":0},"product_brand":[],"product_cat":[380,296,336],"product_tag":[],"class_list":{"0":"post-8397","1":"product","2":"type-product","3":"status-publish","4":"has-post-thumbnail","6":"product_cat-headset","7":"product_cat-informatica","8":"product_cat-som","9":"thunk-woo-product-list","10":"big-store-woo-hover-zoom","11":"open-single-product-tab-horizontal","12":"open-shadow-","13":"open-shadow-hover-","15":"first","16":"instock","17":"sale","18":"shipping-taxable","19":"purchasable","20":"product-type-simple"},"aioseo_notices":[],"_links":{"self":[{"href":"https:\/\/infomacrio.com.br\/index.php\/wp-json\/wp\/v2\/product\/8397","targetHints":{"allow":["GET"]}}],"collection":[{"href":"https:\/\/infomacrio.com.br\/index.php\/wp-json\/wp\/v2\/product"}],"about":[{"href":"https:\/\/infomacrio.com.br\/index.php\/wp-json\/wp\/v2\/types\/product"}],"wp:featuredmedia":[{"embeddable":true,"href":"https:\/\/infomacrio.com.br\/index.php\/wp-json\/wp\/v2\/media\/8406"}],"wp:attachment":[{"href":"https:\/\/infomacrio.com.br\/index.php\/wp-json\/wp\/v2\/media?parent=8397"}],"wp:term":[{"taxonomy":"product_brand","embeddable":true,"href":"https:\/\/infomacrio.com.br\/index.php\/wp-json\/wp\/v2\/product_brand?post=8397"},{"taxonomy":"product_cat","embeddable":true,"href":"https:\/\/infomacrio.com.br\/index.php\/wp-json\/wp\/v2\/product_cat?post=8397"},{"taxonomy":"product_tag","embeddable":true,"href":"https:\/\/infomacrio.com.br\/index.php\/wp-json\/wp\/v2\/product_tag?post=8397"}],"curies":[{"name":"wp","href":"https:\/\/api.w.org\/{rel}","templated":true}]}}