{"id":8393,"date":"2023-01-07T12:12:14","date_gmt":"2023-01-07T15:12:14","guid":{"rendered":"https:\/\/infomacrio.com.br\/index.php\/produto\/cx-som-hoopson-rbm-020-bluetooth-multimidia-100w\/"},"modified":"2025-07-29T11:58:47","modified_gmt":"2025-07-29T14:58:47","slug":"cx-som-hoopson-rbm-020-bluetooth-multimidia-100w","status":"publish","type":"product","link":"https:\/\/infomacrio.com.br\/index.php\/produto\/cx-som-hoopson-rbm-020-bluetooth-multimidia-100w\/","title":{"rendered":"CX SOM HOOPSON RBM-020 BLUETOOTH MULTIM\u00cdDIA 100W"},"content":{"rendered":"<p>Display: Digital, Conex\u00f5es: Bluetooth, USB, TF card, FM, Auxiliar, R\u00e1dio FM, Pareamento duplo:: Conecte um celular com 2 RBM-020, Vers\u00e3o do Bluetooth: 5.0, Alcance do Bluetooth: at\u00e9 10 metros, Formatos compat\u00edveis: Mp3 e WAV, Ilumina\u00e7\u00e3o: LED RGB, Alto falantes: 8\u2033 x1, Pot\u00eancia RMS: 100w, Imped\u00e2ncia: 2.5 Omhs, Capacidade da Bateria: 1500mAh, Entrada: DC 3.7v, Frequ\u00eancia: 150- 18000MHz, Rela\u00e7\u00e3o sinal\/ru\u00eddo: &gt; 70dB, FM: 88-108MHz, Dimens\u00f5es: 242x197x380mm, Peso: 1.6kg, Conte\u00fado da caixa: Manual, caixa, controle remoto.<\/p>\n<p>\u2022 Display: Digital<br \/>\n\u2022 Conex\u00f5es: Bluetooth, USB, TF card, FM, Auxiliar, R\u00e1dio FM<br \/>\n\u2022 Fun\u00e7\u00f5es TWS: Conecte em at\u00e9 2 Caixas<br \/>\n\u2022 Vers\u00e3o Bluetooth: 5.0<br \/>\n\u2022 Alcance do Bluetooth: at\u00e9 10 metros<br \/>\n\u2022 Formatos Compat\u00edveis: Mp3 e WAV<br \/>\n\u2022 Ilumina\u00e7\u00e3o: LED RGB<br \/>\n\u2022 Alto Falante: 8&#8243;x1<br \/>\n\u2022 Pot\u00eancia RMS: 100W<br \/>\n\u2022 Imped\u00e2ncia: 2.5 Omhs<br \/>\n\u2022 Capacidade da Bateria: 1500mah<br \/>\n\u2022 Entrada: DC 3.7V<br \/>\n\u2022 Frequ\u00eancia: 150-18000Hz<br \/>\n\u2022 Rela\u00e7\u00e3o Sinal \/ Ru\u00eddo: &gt;70dB<br \/>\n\u2022 FM: 88-108MHz<br \/>\n\u2022 Dimens\u00f5es: 242x197x380mm<br \/>\n\u2022 Peso: 1.6Kg<\/p>\n","protected":false},"excerpt":{"rendered":"<p>CX SOM HOOPSON RBM-020 BLUETOOTH MULTIM\u00cdDIA 100W<\/p>\n","protected":false},"featured_media":8403,"template":"","meta":{"om_disable_all_campaigns":false,"_monsterinsights_skip_tracking":false,"_monsterinsights_sitenote_active":false,"_monsterinsights_sitenote_note":"","_monsterinsights_sitenote_category":0},"product_brand":[],"product_cat":[337,296,336],"product_tag":[],"class_list":{"0":"post-8393","1":"product","2":"type-product","3":"status-publish","4":"has-post-thumbnail","6":"product_cat-caixa-de-som","7":"product_cat-informatica","8":"product_cat-som","9":"thunk-woo-product-list","10":"big-store-woo-hover-zoom","11":"open-single-product-tab-horizontal","12":"open-shadow-","13":"open-shadow-hover-","15":"first","16":"instock","17":"sale","18":"shipping-taxable","19":"purchasable","20":"product-type-simple"},"aioseo_notices":[],"_links":{"self":[{"href":"https:\/\/infomacrio.com.br\/index.php\/wp-json\/wp\/v2\/product\/8393","targetHints":{"allow":["GET"]}}],"collection":[{"href":"https:\/\/infomacrio.com.br\/index.php\/wp-json\/wp\/v2\/product"}],"about":[{"href":"https:\/\/infomacrio.com.br\/index.php\/wp-json\/wp\/v2\/types\/product"}],"wp:featuredmedia":[{"embeddable":true,"href":"https:\/\/infomacrio.com.br\/index.php\/wp-json\/wp\/v2\/media\/8403"}],"wp:attachment":[{"href":"https:\/\/infomacrio.com.br\/index.php\/wp-json\/wp\/v2\/media?parent=8393"}],"wp:term":[{"taxonomy":"product_brand","embeddable":true,"href":"https:\/\/infomacrio.com.br\/index.php\/wp-json\/wp\/v2\/product_brand?post=8393"},{"taxonomy":"product_cat","embeddable":true,"href":"https:\/\/infomacrio.com.br\/index.php\/wp-json\/wp\/v2\/product_cat?post=8393"},{"taxonomy":"product_tag","embeddable":true,"href":"https:\/\/infomacrio.com.br\/index.php\/wp-json\/wp\/v2\/product_tag?post=8393"}],"curies":[{"name":"wp","href":"https:\/\/api.w.org\/{rel}","templated":true}]}}