{"id":8340,"date":"2022-11-29T19:13:37","date_gmt":"2022-11-29T22:13:37","guid":{"rendered":"https:\/\/infomacrio.com.br\/index.php\/produto\/conector-optico-shoreline-t-click-apc\/"},"modified":"2026-04-14T11:21:17","modified_gmt":"2026-04-14T14:21:17","slug":"conector-optico-shoreline-t-click-apc","status":"publish","type":"product","link":"https:\/\/infomacrio.com.br\/index.php\/produto\/conector-optico-shoreline-t-click-apc\/","title":{"rendered":"CONECTOR OPTICO SHORELINE T-CLICK APC"},"content":{"rendered":"<p>O Conector R\u00e1pido B-W Tipo T Click foi desenvolvido para ser utilizado em campo em cabos Drop Flat (Low Friction) de at\u00e9 3 mm. F\u00e1cil montagem, n\u00e3o exige nenhuma ferramenta especial, al\u00e9m de ferramentas normais para prepara\u00e7\u00e3o da \ufb01bra \u00f3ptica (decapador do cabo, decapador da \ufb01bra, gabarito, clivador e componentes de limpeza). Foi projetado para uma termina\u00e7\u00e3o mec\u00e2nica simples e r\u00e1pida em campo, sendo poss\u00edvel a reutiliza\u00e7\u00e3o sem perda de suas caracter\u00edsticas t\u00e9cnicas.<\/p>\n<p>Especifica\u00e7\u00f5es T\u00e9cnicas:<\/p>\n<p>Conector Fast SC \/ APC reutiliz\u00e1vel sem perdas<br \/>\nComprimento: 58 mm<br \/>\nPolimento: APC<br \/>\nTipo: campo compat\u00edvel<br \/>\nPerda de inser\u00e7\u00e3o \u2264 0.5dB<br \/>\nPerda de retorno \u2265 55dB<br \/>\nCabo FTTH compat\u00edvel: 2.0 \/ 3.0 mm<br \/>\nFabricado em material retardante \u00e0 chamas<br \/>\nMontagem de forma r\u00e1pida e simplificada<\/p>\n","protected":false},"excerpt":{"rendered":"<p>CONECTOR OPTICO SHORELINE T-CLICK APC<\/p>\n","protected":false},"featured_media":8344,"template":"","meta":{"om_disable_all_campaigns":false,"_monsterinsights_skip_tracking":false,"_monsterinsights_sitenote_active":false,"_monsterinsights_sitenote_note":"","_monsterinsights_sitenote_category":0},"product_brand":[],"product_cat":[317,316,301],"product_tag":[],"class_list":{"0":"post-8340","1":"product","2":"type-product","3":"status-publish","4":"has-post-thumbnail","6":"product_cat-apc","7":"product_cat-conector-optico","8":"product_cat-fibra-optica","9":"thunk-woo-product-list","10":"big-store-woo-hover-zoom","11":"open-single-product-tab-horizontal","12":"open-shadow-","13":"open-shadow-hover-","15":"first","16":"instock","17":"sale","18":"shipping-taxable","19":"purchasable","20":"product-type-simple"},"aioseo_notices":[],"_links":{"self":[{"href":"https:\/\/infomacrio.com.br\/index.php\/wp-json\/wp\/v2\/product\/8340","targetHints":{"allow":["GET"]}}],"collection":[{"href":"https:\/\/infomacrio.com.br\/index.php\/wp-json\/wp\/v2\/product"}],"about":[{"href":"https:\/\/infomacrio.com.br\/index.php\/wp-json\/wp\/v2\/types\/product"}],"wp:featuredmedia":[{"embeddable":true,"href":"https:\/\/infomacrio.com.br\/index.php\/wp-json\/wp\/v2\/media\/8344"}],"wp:attachment":[{"href":"https:\/\/infomacrio.com.br\/index.php\/wp-json\/wp\/v2\/media?parent=8340"}],"wp:term":[{"taxonomy":"product_brand","embeddable":true,"href":"https:\/\/infomacrio.com.br\/index.php\/wp-json\/wp\/v2\/product_brand?post=8340"},{"taxonomy":"product_cat","embeddable":true,"href":"https:\/\/infomacrio.com.br\/index.php\/wp-json\/wp\/v2\/product_cat?post=8340"},{"taxonomy":"product_tag","embeddable":true,"href":"https:\/\/infomacrio.com.br\/index.php\/wp-json\/wp\/v2\/product_tag?post=8340"}],"curies":[{"name":"wp","href":"https:\/\/api.w.org\/{rel}","templated":true}]}}