{"id":8233,"date":"2022-11-18T17:51:28","date_gmt":"2022-11-18T20:51:28","guid":{"rendered":"https:\/\/infomacrio.com.br\/index.php\/produto\/gabinete-hayom-gamer-gb1713-c-4-fan-rgb\/"},"modified":"2026-03-06T10:48:47","modified_gmt":"2026-03-06T13:48:47","slug":"gabinete-hayom-gamer-gb1713-c-4-fan-rgb","status":"publish","type":"product","link":"https:\/\/infomacrio.com.br\/index.php\/produto\/gabinete-hayom-gamer-gb1713-c-4-fan-rgb\/","title":{"rendered":"GABINETE HAYOM GAMER GB1713 PRETO C\/ 4 FAN RGB"},"content":{"rendered":"<p>O gabinete GB1713 possui design moderno e elegante, agradando os gamers e o p\u00fablico profissional. Painel frontal em malha de metal e fibra para um melhor fluxo de ar e compatibilidade para at\u00e9 3 fans de 120mm. Painel lateral em vidro temperado para exibir os componentes internos. Cobertura de fonte de alimenta\u00e7\u00e3o em todo o comprimento do gabinete para uma apar\u00eancia s\u00f3bria e para esconder os cabos.<\/p>\n<p>Placa M\u00e3e ATX\/MICRO ATX<br \/>\nPosi\u00e7\u00e3o Fonte Inferior<\/p>\n<p>Placa de v\u00eddeo M\u00e1ximo 310mm<br \/>\nDisco 3.5 HDD* 1 \/ 2.5 SSD* 1 (e 1 Slot hibrido)<br \/>\nPainel Frontal USB3.0*1 \/ USB2.0*2 \/ Audio<br \/>\nVidro Temperado<br \/>\nPCI-E 7 Slots dispon\u00edveis<br \/>\nSuporta at\u00e9 6 Fans (4 Inclusos)<br \/>\nFrente: 3 x 120mm (Incluso)<br \/>\nTraseira: 1 x 120mm (Incluso)<br \/>\nCima: 2 x 120mm<br \/>\nWater Coolers Suportados<br \/>\nTraseira: 120mm<br \/>\nAltura M\u00e1xima do Cooler do Processador:<br \/>\n150mm<br \/>\nTamanho 330x180x425mm<br \/>\nPeso Bruto: 4,3kg<\/p>\n","protected":false},"excerpt":{"rendered":"<p>GABINETE HAYOM GAMER GB1713 PRETO C\/ 4 FAN RGB<\/p>\n","protected":false},"featured_media":8232,"template":"","meta":{"om_disable_all_campaigns":false,"_monsterinsights_skip_tracking":false,"_monsterinsights_sitenote_active":false,"_monsterinsights_sitenote_note":"","_monsterinsights_sitenote_category":0},"product_brand":[],"product_cat":[376,354,296],"product_tag":[],"class_list":{"0":"post-8233","1":"product","2":"type-product","3":"status-publish","4":"has-post-thumbnail","6":"product_cat-gabinete","7":"product_cat-hardware","8":"product_cat-informatica","9":"thunk-woo-product-list","10":"big-store-woo-hover-zoom","11":"open-single-product-tab-horizontal","12":"open-shadow-","13":"open-shadow-hover-","15":"first","16":"instock","17":"sale","18":"shipping-taxable","19":"purchasable","20":"product-type-simple"},"aioseo_notices":[],"_links":{"self":[{"href":"https:\/\/infomacrio.com.br\/index.php\/wp-json\/wp\/v2\/product\/8233","targetHints":{"allow":["GET"]}}],"collection":[{"href":"https:\/\/infomacrio.com.br\/index.php\/wp-json\/wp\/v2\/product"}],"about":[{"href":"https:\/\/infomacrio.com.br\/index.php\/wp-json\/wp\/v2\/types\/product"}],"wp:featuredmedia":[{"embeddable":true,"href":"https:\/\/infomacrio.com.br\/index.php\/wp-json\/wp\/v2\/media\/8232"}],"wp:attachment":[{"href":"https:\/\/infomacrio.com.br\/index.php\/wp-json\/wp\/v2\/media?parent=8233"}],"wp:term":[{"taxonomy":"product_brand","embeddable":true,"href":"https:\/\/infomacrio.com.br\/index.php\/wp-json\/wp\/v2\/product_brand?post=8233"},{"taxonomy":"product_cat","embeddable":true,"href":"https:\/\/infomacrio.com.br\/index.php\/wp-json\/wp\/v2\/product_cat?post=8233"},{"taxonomy":"product_tag","embeddable":true,"href":"https:\/\/infomacrio.com.br\/index.php\/wp-json\/wp\/v2\/product_tag?post=8233"}],"curies":[{"name":"wp","href":"https:\/\/api.w.org\/{rel}","templated":true}]}}