{"id":8126,"date":"2022-11-18T17:50:25","date_gmt":"2022-11-18T20:50:25","guid":{"rendered":"https:\/\/infomacrio.com.br\/index.php\/produto\/tubete-protetor-de-fusao-60mm-c-100un\/"},"modified":"2026-05-05T10:23:27","modified_gmt":"2026-05-05T13:23:27","slug":"tubete-protetor-de-fusao-60mm-c-100un","status":"publish","type":"product","link":"https:\/\/infomacrio.com.br\/index.php\/produto\/tubete-protetor-de-fusao-60mm-c-100un\/","title":{"rendered":"TUBETE &#8211; PROTETOR DE FUSAO 60MM C\/100UN"},"content":{"rendered":"<p>O Tubete \u00e9 composto de uma haste de a\u00e7o inoxid\u00e1vel, um tubo pl\u00e1stico interno e um tubo de pl\u00e1stico externo termo retr\u00e1til. O protetor de emenda \u00f3ptica \u00e9 utilizados para preservar e manter a integridade das emendas \u00f3pticas.<\/p>\n","protected":false},"excerpt":{"rendered":"<p>TUBETE &#8211; PROTETOR DE FUSAO 60MM C\/100UN<\/p>\n","protected":false},"featured_media":8125,"template":"","meta":{"om_disable_all_campaigns":false,"_monsterinsights_skip_tracking":false,"_monsterinsights_sitenote_active":false,"_monsterinsights_sitenote_note":"","_monsterinsights_sitenote_category":0},"product_brand":[],"product_cat":[303,302,301],"product_tag":[],"class_list":{"0":"post-8126","1":"product","2":"type-product","3":"status-publish","4":"has-post-thumbnail","6":"product_cat-acessorios-p-cto","7":"product_cat-cto","8":"product_cat-fibra-optica","9":"thunk-woo-product-list","10":"big-store-woo-hover-zoom","11":"open-single-product-tab-horizontal","12":"open-shadow-","13":"open-shadow-hover-","15":"first","16":"instock","17":"sale","18":"shipping-taxable","19":"purchasable","20":"product-type-simple"},"aioseo_notices":[],"_links":{"self":[{"href":"https:\/\/infomacrio.com.br\/index.php\/wp-json\/wp\/v2\/product\/8126","targetHints":{"allow":["GET"]}}],"collection":[{"href":"https:\/\/infomacrio.com.br\/index.php\/wp-json\/wp\/v2\/product"}],"about":[{"href":"https:\/\/infomacrio.com.br\/index.php\/wp-json\/wp\/v2\/types\/product"}],"wp:featuredmedia":[{"embeddable":true,"href":"https:\/\/infomacrio.com.br\/index.php\/wp-json\/wp\/v2\/media\/8125"}],"wp:attachment":[{"href":"https:\/\/infomacrio.com.br\/index.php\/wp-json\/wp\/v2\/media?parent=8126"}],"wp:term":[{"taxonomy":"product_brand","embeddable":true,"href":"https:\/\/infomacrio.com.br\/index.php\/wp-json\/wp\/v2\/product_brand?post=8126"},{"taxonomy":"product_cat","embeddable":true,"href":"https:\/\/infomacrio.com.br\/index.php\/wp-json\/wp\/v2\/product_cat?post=8126"},{"taxonomy":"product_tag","embeddable":true,"href":"https:\/\/infomacrio.com.br\/index.php\/wp-json\/wp\/v2\/product_tag?post=8126"}],"curies":[{"name":"wp","href":"https:\/\/api.w.org\/{rel}","templated":true}]}}