{"id":8080,"date":"2022-11-18T17:50:00","date_gmt":"2022-11-18T20:50:00","guid":{"rendered":"https:\/\/infomacrio.com.br\/index.php\/produto\/power-meter-2flex-com-vfl-2f-fpmt-vfl\/"},"modified":"2026-02-27T15:48:46","modified_gmt":"2026-02-27T18:48:46","slug":"power-meter-2flex-com-vfl-2f-fpmt-vfl","status":"publish","type":"product","link":"https:\/\/infomacrio.com.br\/index.php\/produto\/power-meter-2flex-com-vfl-2f-fpmt-vfl\/","title":{"rendered":"POWER METER 2FLEX COM VFL 2F-FPMT-VFL"},"content":{"rendered":"<p>O Power Meter \u00d3ptico com VFL 2F-FPMT-VFL \u00e9 um medidor de pot\u00eancia para fibra \u00f3ptica que possui tamb\u00e9m um localizador de falhas de luz vis\u00edvel com alcance de 20 Km. As diversas funcionalidades deste Power Meter \u00d3ptico com VFL 2F-FPMT-VFL, ou simplesmente, medidor de pot\u00eancia para fibra \u00f3ptica, o tornam uma ferramenta poderosa e de suma import\u00e2ncia na constru\u00e7\u00e3o e manuten\u00e7\u00e3o de redes em FTTx. Muito mais conveniente para transportar e operar. Alta estabilidade, multi-onda, sa\u00edda de laser de modo \u00fanico ou multimodo. Vem com adaptador SC.<\/p>\n<p><strong>Caracter\u00edsticas T\u00e9cnicas:<\/strong><\/p>\n<ul>\n<li>Medi\u00e7\u00e3o em redes PON para os comprimentos de onda: 1310 nm, 1490 nm e 1550 nm;<\/li>\n<li>Comprimentos de onda para leitura OPM: 850, 1300,1310, 1490, 1550 e 1625nm;<\/li>\n<li>Fun\u00e7\u00e3o auto-off para economia de bateria;<\/li>\n<li>Fun\u00e7\u00e3o backlight, para opera\u00e7\u00e3o em ambientes sem ilumina\u00e7\u00e3o;<\/li>\n<\/ul>\n<p><strong>Especifica\u00e7\u00f5es t\u00e9cnicas<\/strong><\/p>\n<ul>\n<li>Tipo de detector: InGaAs;<\/li>\n<li>Conector \u00f3ptico: FC, SC, ST intercambi\u00e1veis;<\/li>\n<li>Tipo de fibra: Monomodo;<\/li>\n<li>Unidade de medida:dB, dBm, xW;<\/li>\n<li>Resolu\u00e7\u00e3o:0,01 db;<\/li>\n<li>Fonte de alimenta\u00e7\u00e3o:3x 1,5 pilhas AA*;<\/li>\n<li>Tempo de autonomia da bateria: 90 horas (Power Meter) e 50 horas (Power Meter com VFL);<\/li>\n<li>Temperatura de opera\u00e7\u00e3o: -10 ~ 60\u00b0C;<\/li>\n<li>Temperatura de Armazenamento: -25 ~ 70\u00b0C;<\/li>\n<li>Dimens\u00f5es (LxAxP):19x 8,5 x 4,5 cm;<\/li>\n<li>Peso bruto: 320g.<\/li>\n<\/ul>\n","protected":false},"excerpt":{"rendered":"<p>POWER METER 2FLEX COM VFL 2F-FPMT-VFL<\/p>\n","protected":false},"featured_media":11108,"template":"","meta":{"om_disable_all_campaigns":false,"_monsterinsights_skip_tracking":false,"_monsterinsights_sitenote_active":false,"_monsterinsights_sitenote_note":"","_monsterinsights_sitenote_category":0},"product_brand":[],"product_cat":[313,348,417],"product_tag":[],"class_list":{"0":"post-8080","1":"product","2":"type-product","3":"status-publish","4":"has-post-thumbnail","6":"product_cat-ferramentas","7":"product_cat-para-fibra-optica","8":"product_cat-power-meter","9":"thunk-woo-product-list","10":"big-store-woo-hover-zoom","11":"open-single-product-tab-horizontal","12":"open-shadow-","13":"open-shadow-hover-","15":"first","16":"outofstock","17":"sale","18":"shipping-taxable","19":"purchasable","20":"product-type-simple"},"aioseo_notices":[],"_links":{"self":[{"href":"https:\/\/infomacrio.com.br\/index.php\/wp-json\/wp\/v2\/product\/8080","targetHints":{"allow":["GET"]}}],"collection":[{"href":"https:\/\/infomacrio.com.br\/index.php\/wp-json\/wp\/v2\/product"}],"about":[{"href":"https:\/\/infomacrio.com.br\/index.php\/wp-json\/wp\/v2\/types\/product"}],"wp:featuredmedia":[{"embeddable":true,"href":"https:\/\/infomacrio.com.br\/index.php\/wp-json\/wp\/v2\/media\/11108"}],"wp:attachment":[{"href":"https:\/\/infomacrio.com.br\/index.php\/wp-json\/wp\/v2\/media?parent=8080"}],"wp:term":[{"taxonomy":"product_brand","embeddable":true,"href":"https:\/\/infomacrio.com.br\/index.php\/wp-json\/wp\/v2\/product_brand?post=8080"},{"taxonomy":"product_cat","embeddable":true,"href":"https:\/\/infomacrio.com.br\/index.php\/wp-json\/wp\/v2\/product_cat?post=8080"},{"taxonomy":"product_tag","embeddable":true,"href":"https:\/\/infomacrio.com.br\/index.php\/wp-json\/wp\/v2\/product_tag?post=8080"}],"curies":[{"name":"wp","href":"https:\/\/api.w.org\/{rel}","templated":true}]}}