{"id":8057,"date":"2022-11-18T17:49:49","date_gmt":"2022-11-18T20:49:49","guid":{"rendered":"https:\/\/infomacrio.com.br\/index.php\/produto\/suporte-isolador-preto-2-vias\/"},"modified":"2025-12-02T18:06:11","modified_gmt":"2025-12-02T21:06:11","slug":"suporte-isolador-preto-2-vias","status":"publish","type":"product","link":"https:\/\/infomacrio.com.br\/index.php\/produto\/suporte-isolador-preto-2-vias\/","title":{"rendered":"SUPORTE ISOLADOR PRETO 2 VIAS"},"content":{"rendered":"<p>O Isolador Fechado Para Cabo Drop Fechado 2 Vias Com Suporte Preto,\u00a0Isolador de 2 vias e\/ou Roldana pl\u00e1stica \u00e9 com suporte e tem o objetivo de facilitar a instala\u00e7\u00e3o ou ancoragem de cabos Drop \u00f3pticos e cabos telef\u00f4nicos no poste.<\/p>\n<p>\u00c9 usado principalmente na instala\u00e7\u00e3o de clientes, podendo ser fixado com a Fita de A\u00e7o.<\/p>\n<p>Esse isolador, facilita a montagem durante a instala\u00e7\u00e3o dispensando o suporte em L e parafuso PR60.<\/p>\n<p>\u2013 Prote\u00e7\u00e3o UV;<br \/>\n\u2013 A instala\u00e7\u00e3o \u00e9 feita com fita e abra\u00e7adeira;<br \/>\n\u2013 Suporta at\u00e9 150kg.<\/p>\n","protected":false},"excerpt":{"rendered":"<p>SUPORTE ISOLADOR PRETO 2 VIAS<\/p>\n","protected":false},"featured_media":8056,"template":"","meta":{"om_disable_all_campaigns":false,"_monsterinsights_skip_tracking":false,"_monsterinsights_sitenote_active":false,"_monsterinsights_sitenote_note":"","_monsterinsights_sitenote_category":0},"product_brand":[],"product_cat":[311,383],"product_tag":[],"class_list":{"0":"post-8057","1":"product","2":"type-product","3":"status-publish","4":"has-post-thumbnail","6":"product_cat-ancoragem","7":"product_cat-injetados","8":"thunk-woo-product-list","9":"big-store-woo-hover-zoom","10":"open-single-product-tab-horizontal","11":"open-shadow-","12":"open-shadow-hover-","14":"first","15":"instock","16":"sale","17":"shipping-taxable","18":"purchasable","19":"product-type-simple"},"aioseo_notices":[],"_links":{"self":[{"href":"https:\/\/infomacrio.com.br\/index.php\/wp-json\/wp\/v2\/product\/8057","targetHints":{"allow":["GET"]}}],"collection":[{"href":"https:\/\/infomacrio.com.br\/index.php\/wp-json\/wp\/v2\/product"}],"about":[{"href":"https:\/\/infomacrio.com.br\/index.php\/wp-json\/wp\/v2\/types\/product"}],"wp:featuredmedia":[{"embeddable":true,"href":"https:\/\/infomacrio.com.br\/index.php\/wp-json\/wp\/v2\/media\/8056"}],"wp:attachment":[{"href":"https:\/\/infomacrio.com.br\/index.php\/wp-json\/wp\/v2\/media?parent=8057"}],"wp:term":[{"taxonomy":"product_brand","embeddable":true,"href":"https:\/\/infomacrio.com.br\/index.php\/wp-json\/wp\/v2\/product_brand?post=8057"},{"taxonomy":"product_cat","embeddable":true,"href":"https:\/\/infomacrio.com.br\/index.php\/wp-json\/wp\/v2\/product_cat?post=8057"},{"taxonomy":"product_tag","embeddable":true,"href":"https:\/\/infomacrio.com.br\/index.php\/wp-json\/wp\/v2\/product_tag?post=8057"}],"curies":[{"name":"wp","href":"https:\/\/api.w.org\/{rel}","templated":true}]}}