{"id":8053,"date":"2022-11-18T17:49:46","date_gmt":"2022-11-18T20:49:46","guid":{"rendered":"https:\/\/infomacrio.com.br\/index.php\/produto\/suporte-supa-3x1-universal\/"},"modified":"2026-01-21T10:28:56","modified_gmt":"2026-01-21T13:28:56","slug":"suporte-supa-3x1-universal","status":"publish","type":"product","link":"https:\/\/infomacrio.com.br\/index.php\/produto\/suporte-supa-3x1-universal\/","title":{"rendered":"SUPORTE ANCORAGEM SUPA 3X1 UNIVERSAL"},"content":{"rendered":"<p>O Suporte SUPA 3X1 \u00e9 um acess\u00f3rio desenvolvido especialmente para ancoragem e passagem de cabos de fibra \u00f3ptica, acomodando at\u00e9 2 cabos simultaneamente. Ele tamb\u00e9m \u00e9 utilizado para atendimento \u00e0 clientes em suas duas cavidades, comportando at\u00e9 8 clientes atrav\u00e9s de auto-sustent\u00e1vel.<\/p>\n","protected":false},"excerpt":{"rendered":"<p>SUPORTE ANCORAGEM SUPA 3X1 UNIVERSAL<\/p>\n","protected":false},"featured_media":8050,"template":"","meta":{"om_disable_all_campaigns":false,"_monsterinsights_skip_tracking":false,"_monsterinsights_sitenote_active":false,"_monsterinsights_sitenote_note":"","_monsterinsights_sitenote_category":0},"product_brand":[],"product_cat":[311,383],"product_tag":[],"class_list":{"0":"post-8053","1":"product","2":"type-product","3":"status-publish","4":"has-post-thumbnail","6":"product_cat-ancoragem","7":"product_cat-injetados","8":"thunk-woo-product-list","9":"big-store-woo-hover-zoom","10":"open-single-product-tab-horizontal","11":"open-shadow-","12":"open-shadow-hover-","14":"first","15":"instock","16":"sale","17":"shipping-taxable","18":"purchasable","19":"product-type-simple"},"aioseo_notices":[],"_links":{"self":[{"href":"https:\/\/infomacrio.com.br\/index.php\/wp-json\/wp\/v2\/product\/8053","targetHints":{"allow":["GET"]}}],"collection":[{"href":"https:\/\/infomacrio.com.br\/index.php\/wp-json\/wp\/v2\/product"}],"about":[{"href":"https:\/\/infomacrio.com.br\/index.php\/wp-json\/wp\/v2\/types\/product"}],"wp:featuredmedia":[{"embeddable":true,"href":"https:\/\/infomacrio.com.br\/index.php\/wp-json\/wp\/v2\/media\/8050"}],"wp:attachment":[{"href":"https:\/\/infomacrio.com.br\/index.php\/wp-json\/wp\/v2\/media?parent=8053"}],"wp:term":[{"taxonomy":"product_brand","embeddable":true,"href":"https:\/\/infomacrio.com.br\/index.php\/wp-json\/wp\/v2\/product_brand?post=8053"},{"taxonomy":"product_cat","embeddable":true,"href":"https:\/\/infomacrio.com.br\/index.php\/wp-json\/wp\/v2\/product_cat?post=8053"},{"taxonomy":"product_tag","embeddable":true,"href":"https:\/\/infomacrio.com.br\/index.php\/wp-json\/wp\/v2\/product_tag?post=8053"}],"curies":[{"name":"wp","href":"https:\/\/api.w.org\/{rel}","templated":true}]}}