{"id":8047,"date":"2022-11-18T17:49:43","date_gmt":"2022-11-18T20:49:43","guid":{"rendered":"https:\/\/infomacrio.com.br\/index.php\/produto\/switch-2flex-8-portas-2f-n1008n-10-100\/"},"modified":"2026-04-15T11:28:43","modified_gmt":"2026-04-15T14:28:43","slug":"switch-2flex-8-portas-2f-n1008n-10-100","status":"publish","type":"product","link":"https:\/\/infomacrio.com.br\/index.php\/produto\/switch-2flex-8-portas-2f-n1008n-10-100\/","title":{"rendered":"SWITCH 2FLEX 8 PTS 2F-N1008N 10\/100"},"content":{"rendered":"<p>O switch 8 portas 10\/100Mbps auto negoci\u00e1veis. LED indicador de atividade de Link. Suporta fun\u00e7\u00e3o MDI\/MDIX. Tens\u00e3o de trabalho 5v 1A. Cada porta pode ser entrada e sa\u00edda de link. Plug and play, nenhuma configura\u00e7\u00e3o necess\u00e1ria. Suporta cabo direto ou crossover. Tecnologia de Ethernet Verde economiza at\u00e9 60% de energia. Controle de fluxo IEEE 802.3x fornece transfer\u00eancia de dados confi\u00e1vel. Caixa de pl\u00e1stico, de mesa ou de montagem na parede.<\/p>\n<p><strong>Caracter\u00edsticas T\u00e9cnicas<\/strong><\/p>\n<ul>\n<li>Mem\u00f3ria buffer de 2Mb;<\/li>\n<li>Todas as portas s\u00e3o blindadas;<\/li>\n<li>Todas as portas s\u00e3o confeccionadas com 8 pinos;<\/li>\n<li>Tens\u00e3o de trabalho de 5~12VDC.<\/li>\n<li>Chipset: IC+178G;<\/li>\n<li>Padr\u00f5es: IEEE 802.3, IEEE 802.3u, IEEE 802.3x;<\/li>\n<li>Cabo de conex\u00e3o: 10\/100base-Tx:UTPCat5;Cat6;<\/li>\n<li>Capacidade de comuta\u00e7\u00e3o: 100Mb\/s;<\/li>\n<li>Temperatura de armazenagem: -40\u00baC~70\u00baC;<\/li>\n<li>N\u00famero de portas:8x 10\/100Mbps Auto negoci\u00e1veis.<\/li>\n<\/ul>\n","protected":false},"excerpt":{"rendered":"<p>SWITCH 2FLEX 8 PTS 2F-N1008N 10\/100<\/p>\n","protected":false},"featured_media":10669,"template":"","meta":{"om_disable_all_campaigns":false,"_monsterinsights_skip_tracking":false,"_monsterinsights_sitenote_active":false,"_monsterinsights_sitenote_note":"","_monsterinsights_sitenote_category":0},"product_brand":[],"product_cat":[369,298,368],"product_tag":[],"class_list":{"0":"post-8047","1":"product","2":"type-product","3":"status-publish","4":"has-post-thumbnail","6":"product_cat-fast","7":"product_cat-network","8":"product_cat-switch","9":"thunk-woo-product-list","10":"big-store-woo-hover-zoom","11":"open-single-product-tab-horizontal","12":"open-shadow-","13":"open-shadow-hover-","15":"first","16":"instock","17":"sale","18":"shipping-taxable","19":"purchasable","20":"product-type-simple"},"aioseo_notices":[],"_links":{"self":[{"href":"https:\/\/infomacrio.com.br\/index.php\/wp-json\/wp\/v2\/product\/8047","targetHints":{"allow":["GET"]}}],"collection":[{"href":"https:\/\/infomacrio.com.br\/index.php\/wp-json\/wp\/v2\/product"}],"about":[{"href":"https:\/\/infomacrio.com.br\/index.php\/wp-json\/wp\/v2\/types\/product"}],"wp:featuredmedia":[{"embeddable":true,"href":"https:\/\/infomacrio.com.br\/index.php\/wp-json\/wp\/v2\/media\/10669"}],"wp:attachment":[{"href":"https:\/\/infomacrio.com.br\/index.php\/wp-json\/wp\/v2\/media?parent=8047"}],"wp:term":[{"taxonomy":"product_brand","embeddable":true,"href":"https:\/\/infomacrio.com.br\/index.php\/wp-json\/wp\/v2\/product_brand?post=8047"},{"taxonomy":"product_cat","embeddable":true,"href":"https:\/\/infomacrio.com.br\/index.php\/wp-json\/wp\/v2\/product_cat?post=8047"},{"taxonomy":"product_tag","embeddable":true,"href":"https:\/\/infomacrio.com.br\/index.php\/wp-json\/wp\/v2\/product_tag?post=8047"}],"curies":[{"name":"wp","href":"https:\/\/api.w.org\/{rel}","templated":true}]}}