{"id":8028,"date":"2022-11-18T17:49:32","date_gmt":"2022-11-18T20:49:32","guid":{"rendered":"https:\/\/infomacrio.com.br\/index.php\/produto\/nobreak-ts-shara-600va-bivolt-115-220v\/"},"modified":"2025-06-23T12:12:12","modified_gmt":"2025-06-23T15:12:12","slug":"nobreak-ts-shara-600va-bivolt-115-220v","status":"publish","type":"product","link":"https:\/\/infomacrio.com.br\/index.php\/produto\/nobreak-ts-shara-600va-bivolt-115-220v\/","title":{"rendered":"NOBREAK TS-SHARA 600VA BIVOLT* 115\/220V"},"content":{"rendered":"<p>O Nobreak UPS Mini tem a melhor rela\u00e7\u00e3o custo x benef\u00edcio por ser o equipamento mais compacto do mercado, mas que re\u00fane todas as caracter\u00edsticas e fun\u00e7\u00f5es necess\u00e1rias para fornecer energia ininterrupta e protegida aos equipamentos conectados a ele. Este modelo \u00e9 indicado tanto para o uso dom\u00e9stico quanto corporativo, suportando uma carga de at\u00e9 600VA.<\/p>\n<p>Pot\u00eancia:\u00a0600VA<\/p>\n<p>Tens\u00e3o de entrada:\u00a0115V \/ 220V (bivolt autom\u00e1tico)<\/p>\n<p>Tens\u00e3o de sa\u00edda:\u00a0115V<\/p>\n<p>Quantidade de tomadas:\u00a03 tomadas com energia protegida e ininterrupta + 3 tomadas com energia protegida<\/p>\n<p>Frequ\u00eancia de rede:\u00a050Hz ou 60Hz(+\/-5%) com detec\u00e7\u00e3o autom\u00e1tica<\/p>\n<p>Frequ\u00eancia de inversor:\u00a0+\/-1%<\/p>\n<p>Bateria(s):\u00a01 bateria interna de 12V 5Ah<\/p>\n<p>Autonomia M\u00e9dia:\u00a020 minutos<\/p>\n<p>Tens\u00e3o de opera\u00e7\u00e3o da bateria:\u00a012v<\/p>\n<p>Fator de pot\u00eancia sa\u00edda:\u00a00.65<\/p>\n<p>Tempo de transfer\u00eancia:\u00a01 ms<\/p>\n<p>Forma da onda no inversor:\u00a0Semissenoidal (Senoidal por aproxima\u00e7\u00e3o &#8211; Trapezoidal &#8211; PWM)<\/p>\n<p>Circuito desmagnetizador:\u00a0Sim<\/p>\n<p>Rendimento em rede (com meia carga):\u00a0&gt;96%<\/p>\n<p>Rendimento em inversor (com meia carga):\u00a0&gt;80%<\/p>\n<p>Faixa de Entrada:\u00a0de 90V a 260V Bivolt autom\u00e1tico (SOB DEMANDA)<\/p>\n<p>Faixa de Entrada 115V:\u00a099V-138V (CA)<\/p>\n<p>Faixa de Entrada 220V:\u00a0189V-264V (CA)<\/p>\n<p>Toler\u00e2ncia para tens\u00e3o de sa\u00edda em inversor:\u00a0Tens\u00e3o nominal de sa\u00edda +\/-6%<\/p>\n<p>Prote\u00e7\u00e3o contra sobrecarga, subtens\u00e3o e sobretens\u00e3o:\u00a0Sim<\/p>\n<p>Prote\u00e7\u00e3o externa contra curto-circuito:\u00a0Sim<\/p>\n<p>Comprimento do cabo de alimenta\u00e7\u00e3o:\u00a01,25m (+\/- 50mm)<\/p>\n<p>Supressor de transientes para rede el\u00e9trica:\u00a0150Vrms, 35J, 2500A (De acordo com a a ANSI (C62.41 categoria A).<\/p>\n<p>Peso:\u00a04.4kg<\/p>\n<p>Altura:\u00a0150mm<\/p>\n<p>Largura:\u00a0122mm<\/p>\n","protected":false},"excerpt":{"rendered":"<p>NOBREAK TS-SHARA 600VA BIVOLT* 115\/220V<\/p>\n","protected":false},"featured_media":8027,"template":"","meta":{"om_disable_all_campaigns":false,"_monsterinsights_skip_tracking":false,"_monsterinsights_sitenote_active":false,"_monsterinsights_sitenote_note":"","_monsterinsights_sitenote_category":0},"product_brand":[],"product_cat":[324,395],"product_tag":[],"class_list":{"0":"post-8028","1":"product","2":"type-product","3":"status-publish","4":"has-post-thumbnail","6":"product_cat-energia","7":"product_cat-nobreak","8":"thunk-woo-product-list","9":"big-store-woo-hover-zoom","10":"open-single-product-tab-horizontal","11":"open-shadow-","12":"open-shadow-hover-","14":"first","15":"outofstock","16":"sale","17":"shipping-taxable","18":"purchasable","19":"product-type-simple"},"aioseo_notices":[],"_links":{"self":[{"href":"https:\/\/infomacrio.com.br\/index.php\/wp-json\/wp\/v2\/product\/8028","targetHints":{"allow":["GET"]}}],"collection":[{"href":"https:\/\/infomacrio.com.br\/index.php\/wp-json\/wp\/v2\/product"}],"about":[{"href":"https:\/\/infomacrio.com.br\/index.php\/wp-json\/wp\/v2\/types\/product"}],"wp:featuredmedia":[{"embeddable":true,"href":"https:\/\/infomacrio.com.br\/index.php\/wp-json\/wp\/v2\/media\/8027"}],"wp:attachment":[{"href":"https:\/\/infomacrio.com.br\/index.php\/wp-json\/wp\/v2\/media?parent=8028"}],"wp:term":[{"taxonomy":"product_brand","embeddable":true,"href":"https:\/\/infomacrio.com.br\/index.php\/wp-json\/wp\/v2\/product_brand?post=8028"},{"taxonomy":"product_cat","embeddable":true,"href":"https:\/\/infomacrio.com.br\/index.php\/wp-json\/wp\/v2\/product_cat?post=8028"},{"taxonomy":"product_tag","embeddable":true,"href":"https:\/\/infomacrio.com.br\/index.php\/wp-json\/wp\/v2\/product_tag?post=8028"}],"curies":[{"name":"wp","href":"https:\/\/api.w.org\/{rel}","templated":true}]}}