{"id":8026,"date":"2022-11-18T17:49:31","date_gmt":"2022-11-18T20:49:31","guid":{"rendered":"https:\/\/infomacrio.com.br\/index.php\/produto\/patch-cord-cat5e-azul-5-metros-2flex\/"},"modified":"2025-08-08T08:01:52","modified_gmt":"2025-08-08T11:01:52","slug":"patch-cord-cat5e-azul-5-metros-2flex","status":"publish","type":"product","link":"https:\/\/infomacrio.com.br\/index.php\/produto\/patch-cord-cat5e-azul-5-metros-2flex\/","title":{"rendered":"PATCH CORD CAT5E 5 METROS"},"content":{"rendered":"<p>Utilizados para conectar ou fazer manobras entre dois dispositivos de rede dentro do Rack, fazer a interliga\u00e7\u00e3o entre uma m\u00e1quina at\u00e9 seu ponto de rede ou switch e tamb\u00e9m para aplica\u00e7\u00f5es de transmiss\u00e3o de dados em alta velocidade. Este produto est\u00e1 em conformidade com a Diretiva Europ\u00e9ia RoHS: uma medida restritiva ao uso de metais pesados na fabrica\u00e7\u00e3o dos produtos e relacionadas \u00e0 preserva\u00e7\u00e3o do meio ambiente.<\/p>\n","protected":false},"excerpt":{"rendered":"<p>PATCH CORD CAT5E 5 METROS<\/p>\n","protected":false},"featured_media":8025,"template":"","meta":{"om_disable_all_campaigns":false,"_monsterinsights_skip_tracking":false,"_monsterinsights_sitenote_active":false,"_monsterinsights_sitenote_note":"","_monsterinsights_sitenote_category":0},"product_brand":[],"product_cat":[298,409],"product_tag":[],"class_list":{"0":"post-8026","1":"product","2":"type-product","3":"status-publish","4":"has-post-thumbnail","6":"product_cat-network","7":"product_cat-patch-cord","8":"thunk-woo-product-list","9":"big-store-woo-hover-zoom","10":"open-single-product-tab-horizontal","11":"open-shadow-","12":"open-shadow-hover-","14":"first","15":"outofstock","16":"sale","17":"shipping-taxable","18":"purchasable","19":"product-type-simple"},"aioseo_notices":[],"_links":{"self":[{"href":"https:\/\/infomacrio.com.br\/index.php\/wp-json\/wp\/v2\/product\/8026","targetHints":{"allow":["GET"]}}],"collection":[{"href":"https:\/\/infomacrio.com.br\/index.php\/wp-json\/wp\/v2\/product"}],"about":[{"href":"https:\/\/infomacrio.com.br\/index.php\/wp-json\/wp\/v2\/types\/product"}],"wp:featuredmedia":[{"embeddable":true,"href":"https:\/\/infomacrio.com.br\/index.php\/wp-json\/wp\/v2\/media\/8025"}],"wp:attachment":[{"href":"https:\/\/infomacrio.com.br\/index.php\/wp-json\/wp\/v2\/media?parent=8026"}],"wp:term":[{"taxonomy":"product_brand","embeddable":true,"href":"https:\/\/infomacrio.com.br\/index.php\/wp-json\/wp\/v2\/product_brand?post=8026"},{"taxonomy":"product_cat","embeddable":true,"href":"https:\/\/infomacrio.com.br\/index.php\/wp-json\/wp\/v2\/product_cat?post=8026"},{"taxonomy":"product_tag","embeddable":true,"href":"https:\/\/infomacrio.com.br\/index.php\/wp-json\/wp\/v2\/product_tag?post=8026"}],"curies":[{"name":"wp","href":"https:\/\/api.w.org\/{rel}","templated":true}]}}