{"id":7950,"date":"2022-11-18T17:48:49","date_gmt":"2022-11-18T20:48:49","guid":{"rendered":"https:\/\/infomacrio.com.br\/index.php\/produto\/teclado-hayom-gamer-mecanico-tc3218\/"},"modified":"2024-10-23T11:24:17","modified_gmt":"2024-10-23T14:24:17","slug":"teclado-hayom-gamer-mecanico-tc3218","status":"publish","type":"product","link":"https:\/\/infomacrio.com.br\/index.php\/produto\/teclado-hayom-gamer-mecanico-tc3218\/","title":{"rendered":"TECLADO MEC\u00c2NICO HAYOM GAMER TC3218"},"content":{"rendered":"<p>Teclas M\u00eacanicas,  Switch Blue, Keycaps Double-shot injection, Cabo de 1,5m PU, 20 modos de ilumina\u00e7\u00e3o em execu\u00e7\u00e3o, Keypad de inje\u00e7\u00e3o dupla, Superficie de metal, Rollover N-KEY, Teclas mec\u00e2nicas, Modo de ilumina\u00e7\u00e3o personalizado, Suporte win 7, win 8, win 10.<\/p>\n","protected":false},"excerpt":{"rendered":"<p>TECLADO MEC\u00c2NICO HAYOM GAMER TC3218<\/p>\n","protected":false},"featured_media":7949,"template":"","meta":{"om_disable_all_campaigns":false,"_monsterinsights_skip_tracking":false,"_monsterinsights_sitenote_active":false,"_monsterinsights_sitenote_note":"","_monsterinsights_sitenote_category":0},"product_brand":[],"product_cat":[296,384,427],"product_tag":[],"class_list":{"0":"post-7950","1":"product","2":"type-product","3":"status-publish","4":"has-post-thumbnail","6":"product_cat-informatica","7":"product_cat-perifericos","8":"product_cat-teclado","9":"thunk-woo-product-list","10":"big-store-woo-hover-zoom","11":"open-single-product-tab-horizontal","12":"open-shadow-","13":"open-shadow-hover-","15":"first","16":"outofstock","17":"sale","18":"shipping-taxable","19":"purchasable","20":"product-type-simple"},"aioseo_notices":[],"_links":{"self":[{"href":"https:\/\/infomacrio.com.br\/index.php\/wp-json\/wp\/v2\/product\/7950","targetHints":{"allow":["GET"]}}],"collection":[{"href":"https:\/\/infomacrio.com.br\/index.php\/wp-json\/wp\/v2\/product"}],"about":[{"href":"https:\/\/infomacrio.com.br\/index.php\/wp-json\/wp\/v2\/types\/product"}],"wp:featuredmedia":[{"embeddable":true,"href":"https:\/\/infomacrio.com.br\/index.php\/wp-json\/wp\/v2\/media\/7949"}],"wp:attachment":[{"href":"https:\/\/infomacrio.com.br\/index.php\/wp-json\/wp\/v2\/media?parent=7950"}],"wp:term":[{"taxonomy":"product_brand","embeddable":true,"href":"https:\/\/infomacrio.com.br\/index.php\/wp-json\/wp\/v2\/product_brand?post=7950"},{"taxonomy":"product_cat","embeddable":true,"href":"https:\/\/infomacrio.com.br\/index.php\/wp-json\/wp\/v2\/product_cat?post=7950"},{"taxonomy":"product_tag","embeddable":true,"href":"https:\/\/infomacrio.com.br\/index.php\/wp-json\/wp\/v2\/product_tag?post=7950"}],"curies":[{"name":"wp","href":"https:\/\/api.w.org\/{rel}","templated":true}]}}