{"id":7944,"date":"2022-11-18T17:48:46","date_gmt":"2022-11-18T20:48:46","guid":{"rendered":"https:\/\/infomacrio.com.br\/index.php\/produto\/roteador-mercusys-mw301r-300mbps-2ant\/"},"modified":"2026-02-05T13:12:22","modified_gmt":"2026-02-05T16:12:22","slug":"roteador-mercusys-mw301r-300mbps-2ant","status":"publish","type":"product","link":"https:\/\/infomacrio.com.br\/index.php\/produto\/roteador-mercusys-mw301r-300mbps-2ant\/","title":{"rendered":"ROTEADOR MERCUSYS MW301R N300 2ANT"},"content":{"rendered":"<p>A taxa de transmiss\u00e3o wireless de 300 Mbps \u00e9 ideal para trabalhos b\u00e1sicos.<\/p>\n<p>Duas antenas de 5dBi fornecem ampla cobertura wireless.<\/p>\n<p>P\u00e1gina Web intuitiva que orienta durante o processo de instala\u00e7\u00e3o em minutos.<\/p>\n<p>Agile Config &#8211; Para provedores, permite configura\u00e7\u00e3o em massa dos\u00a0roteadores Mercusys.<\/p>\n<p>O MW301R fornece Wi-Fi r\u00e1pido e est\u00e1vel para seus dispositivos conectados. As velocidades wireless s\u00e3o ideais para streaming em HD, jogos online e r\u00e1pidos downloads de arquivos.<\/p>\n","protected":false},"excerpt":{"rendered":"<p>ROTEADOR MERCUSYS MW301R N300 2ANT<\/p>\n","protected":false},"featured_media":7943,"template":"","meta":{"om_disable_all_campaigns":false,"_monsterinsights_skip_tracking":false,"_monsterinsights_sitenote_active":false,"_monsterinsights_sitenote_note":"","_monsterinsights_sitenote_category":0},"product_brand":[],"product_cat":[423,294],"product_tag":[],"class_list":{"0":"post-7944","1":"product","2":"type-product","3":"status-publish","4":"has-post-thumbnail","6":"product_cat-roteador-wireless","7":"product_cat-wireless","8":"thunk-woo-product-list","9":"big-store-woo-hover-zoom","10":"open-single-product-tab-horizontal","11":"open-shadow-","12":"open-shadow-hover-","14":"first","15":"outofstock","16":"sale","17":"shipping-taxable","18":"purchasable","19":"product-type-simple"},"aioseo_notices":[],"_links":{"self":[{"href":"https:\/\/infomacrio.com.br\/index.php\/wp-json\/wp\/v2\/product\/7944","targetHints":{"allow":["GET"]}}],"collection":[{"href":"https:\/\/infomacrio.com.br\/index.php\/wp-json\/wp\/v2\/product"}],"about":[{"href":"https:\/\/infomacrio.com.br\/index.php\/wp-json\/wp\/v2\/types\/product"}],"wp:featuredmedia":[{"embeddable":true,"href":"https:\/\/infomacrio.com.br\/index.php\/wp-json\/wp\/v2\/media\/7943"}],"wp:attachment":[{"href":"https:\/\/infomacrio.com.br\/index.php\/wp-json\/wp\/v2\/media?parent=7944"}],"wp:term":[{"taxonomy":"product_brand","embeddable":true,"href":"https:\/\/infomacrio.com.br\/index.php\/wp-json\/wp\/v2\/product_brand?post=7944"},{"taxonomy":"product_cat","embeddable":true,"href":"https:\/\/infomacrio.com.br\/index.php\/wp-json\/wp\/v2\/product_cat?post=7944"},{"taxonomy":"product_tag","embeddable":true,"href":"https:\/\/infomacrio.com.br\/index.php\/wp-json\/wp\/v2\/product_tag?post=7944"}],"curies":[{"name":"wp","href":"https:\/\/api.w.org\/{rel}","templated":true}]}}