{"id":7893,"date":"2022-11-18T17:48:18","date_gmt":"2022-11-18T20:48:18","guid":{"rendered":"https:\/\/infomacrio.com.br\/index.php\/produto\/repetidor-wireless-mercusys-mw300re-3ant\/"},"modified":"2026-04-28T12:36:25","modified_gmt":"2026-04-28T15:36:25","slug":"repetidor-wireless-mercusys-mw300re-3ant","status":"publish","type":"product","link":"https:\/\/infomacrio.com.br\/index.php\/produto\/repetidor-wireless-mercusys-mw300re-3ant\/","title":{"rendered":"REPETIDOR WIRELESS MERCUSYS MW300RE 3ANT"},"content":{"rendered":"<p>O modo Repetidor amplifica o sinal wireless para lugares antes inalcan\u00e7\u00e1veis ou dif\u00edceis de se cabear perfeitamente<\/p>\n<p>Duas antenas externas com tecnologia MIMO diferenciam o MW300RE dos repetidores comuns<\/p>\n<p>Aumente facilmente sua cobertura wireless ao pressionar o bot\u00e3o WPS<\/p>\n<p>Tamanho miniatura e projeto mont\u00e1vel em parede que tornam sua implementa\u00e7\u00e3o e mobilidade f\u00e1cil<\/p>\n<p>O LED multicolorido ajuda voc\u00ea a encontrar o local certo a fim de obter a melhor extens\u00e3o Wi-Fi.<\/p>\n","protected":false},"excerpt":{"rendered":"<p>REPETIDOR WIRELESS MERCUSYS MW300RE 3ANT<\/p>\n","protected":false},"featured_media":7892,"template":"","meta":{"om_disable_all_campaigns":false,"_monsterinsights_skip_tracking":false,"_monsterinsights_sitenote_active":false,"_monsterinsights_sitenote_note":"","_monsterinsights_sitenote_category":0},"product_brand":[],"product_cat":[421,294],"product_tag":[],"class_list":{"0":"post-7893","1":"product","2":"type-product","3":"status-publish","4":"has-post-thumbnail","6":"product_cat-repetidor-de-sinal-wireless","7":"product_cat-wireless","8":"thunk-woo-product-list","9":"big-store-woo-hover-zoom","10":"open-single-product-tab-horizontal","11":"open-shadow-","12":"open-shadow-hover-","14":"first","15":"instock","16":"sale","17":"shipping-taxable","18":"purchasable","19":"product-type-simple"},"aioseo_notices":[],"_links":{"self":[{"href":"https:\/\/infomacrio.com.br\/index.php\/wp-json\/wp\/v2\/product\/7893","targetHints":{"allow":["GET"]}}],"collection":[{"href":"https:\/\/infomacrio.com.br\/index.php\/wp-json\/wp\/v2\/product"}],"about":[{"href":"https:\/\/infomacrio.com.br\/index.php\/wp-json\/wp\/v2\/types\/product"}],"wp:featuredmedia":[{"embeddable":true,"href":"https:\/\/infomacrio.com.br\/index.php\/wp-json\/wp\/v2\/media\/7892"}],"wp:attachment":[{"href":"https:\/\/infomacrio.com.br\/index.php\/wp-json\/wp\/v2\/media?parent=7893"}],"wp:term":[{"taxonomy":"product_brand","embeddable":true,"href":"https:\/\/infomacrio.com.br\/index.php\/wp-json\/wp\/v2\/product_brand?post=7893"},{"taxonomy":"product_cat","embeddable":true,"href":"https:\/\/infomacrio.com.br\/index.php\/wp-json\/wp\/v2\/product_cat?post=7893"},{"taxonomy":"product_tag","embeddable":true,"href":"https:\/\/infomacrio.com.br\/index.php\/wp-json\/wp\/v2\/product_tag?post=7893"}],"curies":[{"name":"wp","href":"https:\/\/api.w.org\/{rel}","templated":true}]}}