{"id":7887,"date":"2022-11-18T17:48:15","date_gmt":"2022-11-18T20:48:15","guid":{"rendered":"https:\/\/infomacrio.com.br\/index.php\/produto\/roku-express-streaming-player-fhd\/"},"modified":"2024-06-17T10:22:48","modified_gmt":"2024-06-17T13:22:48","slug":"roku-express-streaming-player-fhd","status":"publish","type":"product","link":"https:\/\/infomacrio.com.br\/index.php\/produto\/roku-express-streaming-player-fhd\/","title":{"rendered":"ROKU EXPRESS STREAMING PLAYER FHD"},"content":{"rendered":"<p>O Roku Express oferece uma experi\u00eancia incr\u00edvel de<br \/>\n streaming  por um pre\u00e7o que cabe no seu bolso. Com este dispositivo compacto e<br \/>\n avan\u00e7ado,  voc\u00ea far\u00e1 streaming do seu conte\u00fado favorito com facilidade. De<br \/>\n filmes e s\u00e9ries  na Netflix e no Prime Video ao conte\u00fado local do Globoplay,<br \/>\n voc\u00ea pode escolher  o  que assistir entre mais de 5.000 canais de<br \/>\n streaming.<\/p>\n<p><\/p>\n<p>Com Roku Express voc\u00ea transforma qualquer TV em uma Smart TV de<br \/>\nverdade. Fa\u00e7a streaming de quase tudo que quiser, incluindo programas de TV,<br \/>\ns\u00e9ries, filmes, not\u00edcias ao vivo, esportes e muito  mais.<\/p>\n<p><\/p>\n<p>N\u00e3o h\u00e1 taxa pelo de uso do equipamento nem contratos e, com o sistema<br \/>\nde busca Roku voc\u00ea encontra o que assistir entre os mais de 100.000 filmes e<br \/>\nepis\u00f3dios de TV  dispon\u00edveis.<\/p>\n<p><\/p>\n<p>Roku Express inclui um cabo hdmi de alta velocidade e um controle<br \/>\n remoto  simples.<\/p>\n<p><\/p>\n<p>Compat\u00edvel com os principais assistentes de<br \/>\nvoz!<\/p>\n","protected":false},"excerpt":{"rendered":"<p>ROKU EXPRESS STREAMING PLAYER FHD<\/p>\n","protected":false},"featured_media":7886,"template":"","meta":{"om_disable_all_campaigns":false,"_monsterinsights_skip_tracking":false,"_monsterinsights_sitenote_active":false,"_monsterinsights_sitenote_note":"","_monsterinsights_sitenote_category":0},"product_brand":[],"product_cat":[296,391,424],"product_tag":[],"class_list":{"0":"post-7887","1":"product","2":"type-product","3":"status-publish","4":"has-post-thumbnail","6":"product_cat-informatica","7":"product_cat-monitor-tv","8":"product_cat-streaming","9":"thunk-woo-product-list","10":"big-store-woo-hover-zoom","11":"open-single-product-tab-horizontal","12":"open-shadow-","13":"open-shadow-hover-","15":"first","16":"outofstock","17":"sale","18":"shipping-taxable","19":"purchasable","20":"product-type-simple"},"aioseo_notices":[],"_links":{"self":[{"href":"https:\/\/infomacrio.com.br\/index.php\/wp-json\/wp\/v2\/product\/7887","targetHints":{"allow":["GET"]}}],"collection":[{"href":"https:\/\/infomacrio.com.br\/index.php\/wp-json\/wp\/v2\/product"}],"about":[{"href":"https:\/\/infomacrio.com.br\/index.php\/wp-json\/wp\/v2\/types\/product"}],"wp:featuredmedia":[{"embeddable":true,"href":"https:\/\/infomacrio.com.br\/index.php\/wp-json\/wp\/v2\/media\/7886"}],"wp:attachment":[{"href":"https:\/\/infomacrio.com.br\/index.php\/wp-json\/wp\/v2\/media?parent=7887"}],"wp:term":[{"taxonomy":"product_brand","embeddable":true,"href":"https:\/\/infomacrio.com.br\/index.php\/wp-json\/wp\/v2\/product_brand?post=7887"},{"taxonomy":"product_cat","embeddable":true,"href":"https:\/\/infomacrio.com.br\/index.php\/wp-json\/wp\/v2\/product_cat?post=7887"},{"taxonomy":"product_tag","embeddable":true,"href":"https:\/\/infomacrio.com.br\/index.php\/wp-json\/wp\/v2\/product_tag?post=7887"}],"curies":[{"name":"wp","href":"https:\/\/api.w.org\/{rel}","templated":true}]}}