{"id":7883,"date":"2022-11-18T17:48:13","date_gmt":"2022-11-18T20:48:13","guid":{"rendered":"https:\/\/infomacrio.com.br\/index.php\/produto\/cto-ftth-16fo-2travas-anatel-s-splitter\/"},"modified":"2026-04-15T09:18:43","modified_gmt":"2026-04-15T12:18:43","slug":"cto-ftth-16fo-2travas-anatel-s-splitter","status":"publish","type":"product","link":"https:\/\/infomacrio.com.br\/index.php\/produto\/cto-ftth-16fo-2travas-anatel-s-splitter\/","title":{"rendered":"CTO FTTH 16F 2*TRAVAS C\/ CHAVE VAZIA"},"content":{"rendered":"<p>Ideal para uso Indoor ou Outdoor;<\/p>\n<p>F\u00e1cil Instala\u00e7\u00e3o: o painel de distribui\u00e7\u00e3o pode ser virado, facilitando tamb\u00e9m a manuten\u00e7\u00e3o;<\/p>\n<p>Permite aterramento;<\/p>\n<p>Os cabos \u00f3pticos, extens\u00f5es e cord\u00f5es seguem pelo mesmo caminho sem perturbar o<br \/>\nfuncionamento uns dos outros;<\/p>\n<p>Suporte para adaptador \u00f3ptico SC;<\/p>\n<p>Material: PC ABS;<\/p>\n<p>N\u00edvel de prote\u00e7\u00e3o: IP55;<\/p>\n<p>Possui dupla trava de press\u00e3o e prote\u00e7\u00e3o para fechadura;<\/p>\n<p>Acompanha Manual em Portugu\u00eas e chave para travamento;<\/p>\n<p>Acompanha parafusos e acess\u00f3rios;<\/p>\n<p>Cor: Preta.<\/p>\n","protected":false},"excerpt":{"rendered":"<p>CTO FTTH 16F 2*TRAVAS C\/ CHAVE VAZIA<\/p>\n","protected":false},"featured_media":7878,"template":"","meta":{"om_disable_all_campaigns":false,"_monsterinsights_skip_tracking":false,"_monsterinsights_sitenote_active":false,"_monsterinsights_sitenote_note":"","_monsterinsights_sitenote_category":0},"product_brand":[],"product_cat":[302,357,301],"product_tag":[],"class_list":{"0":"post-7883","1":"product","2":"type-product","3":"status-publish","4":"has-post-thumbnail","6":"product_cat-cto","7":"product_cat-cto-16fo","8":"product_cat-fibra-optica","9":"thunk-woo-product-list","10":"big-store-woo-hover-zoom","11":"open-single-product-tab-horizontal","12":"open-shadow-","13":"open-shadow-hover-","15":"first","16":"instock","17":"shipping-taxable","18":"product-type-simple"},"aioseo_notices":[],"_links":{"self":[{"href":"https:\/\/infomacrio.com.br\/index.php\/wp-json\/wp\/v2\/product\/7883","targetHints":{"allow":["GET"]}}],"collection":[{"href":"https:\/\/infomacrio.com.br\/index.php\/wp-json\/wp\/v2\/product"}],"about":[{"href":"https:\/\/infomacrio.com.br\/index.php\/wp-json\/wp\/v2\/types\/product"}],"wp:featuredmedia":[{"embeddable":true,"href":"https:\/\/infomacrio.com.br\/index.php\/wp-json\/wp\/v2\/media\/7878"}],"wp:attachment":[{"href":"https:\/\/infomacrio.com.br\/index.php\/wp-json\/wp\/v2\/media?parent=7883"}],"wp:term":[{"taxonomy":"product_brand","embeddable":true,"href":"https:\/\/infomacrio.com.br\/index.php\/wp-json\/wp\/v2\/product_brand?post=7883"},{"taxonomy":"product_cat","embeddable":true,"href":"https:\/\/infomacrio.com.br\/index.php\/wp-json\/wp\/v2\/product_cat?post=7883"},{"taxonomy":"product_tag","embeddable":true,"href":"https:\/\/infomacrio.com.br\/index.php\/wp-json\/wp\/v2\/product_tag?post=7883"}],"curies":[{"name":"wp","href":"https:\/\/api.w.org\/{rel}","templated":true}]}}