{"id":7831,"date":"2022-11-18T17:47:45","date_gmt":"2022-11-18T20:47:45","guid":{"rendered":"https:\/\/infomacrio.com.br\/index.php\/produto\/kit-teclado-e-mouse-sem-fio-maxprint-arteck\/"},"modified":"2025-07-14T11:29:01","modified_gmt":"2025-07-14T14:29:01","slug":"kit-teclado-e-mouse-sem-fio-maxprint-arteck","status":"publish","type":"product","link":"https:\/\/infomacrio.com.br\/index.php\/produto\/kit-teclado-e-mouse-sem-fio-maxprint-arteck\/","title":{"rendered":"KIT TECLADO E MOUSE SEM FIO MAXPRINT ARTECK"},"content":{"rendered":"<p>O Kit Mouse e Teclado da MaxPrint, al\u00e9m de unir um custo x beneficio e um design padr\u00e3o, contando com 104 teclas com padr\u00e3o ABNT2, faz a jun\u00e7\u00e3o perfeita de ferramentas que otimizem seu dia a dia no trabalho ou em casa de forma f\u00e1cil e completa.<\/p>\n<ul>\n<li>Combo Wireless 2.4G Super Silencioso<\/li>\n<li>F\u00e1cil de instalar<\/li>\n<li>Compatibilidade: Windows 2000\/XP\/Vista\/7\/8\/10 ou superior<\/li>\n<\/ul>\n<p>&nbsp;<\/p>\n<p>Mouse:<br \/>\n\u2022\u00a0Dimens\u00f5es: 106 x 60 x 38mm<br \/>\n\u2022\u00a0Resolu\u00e7\u00e3o: 800\/1200\/1600 DPI<br \/>\n\u2022\u00a03 bot\u00f5es de fun\u00e7\u00e3o e mais 1 bot\u00e3o scroll para rolagem de tela<br \/>\n\u2022\u00a0Pilha AA<\/p>\n<p>Teclado:<br \/>\n\u2022\u00a0ABNT2<br \/>\n\u2022\u00a0Dimens\u00f5es: 438 x 133 x 25mm<br \/>\n\u2022 Pilha AAA<\/p>\n","protected":false},"excerpt":{"rendered":"<p>KIT TECLADO E MOUSE SEM FIO MAXPRINT ARTECK<\/p>\n","protected":false},"featured_media":7830,"template":"","meta":{"om_disable_all_campaigns":false,"_monsterinsights_skip_tracking":false,"_monsterinsights_sitenote_active":false,"_monsterinsights_sitenote_note":"","_monsterinsights_sitenote_category":0},"product_brand":[],"product_cat":[296,387,384],"product_tag":[],"class_list":{"0":"post-7831","1":"product","2":"type-product","3":"status-publish","4":"has-post-thumbnail","6":"product_cat-informatica","7":"product_cat-kit-teclado-e-mouse","8":"product_cat-perifericos","9":"thunk-woo-product-list","10":"big-store-woo-hover-zoom","11":"open-single-product-tab-horizontal","12":"open-shadow-","13":"open-shadow-hover-","15":"first","16":"outofstock","17":"sale","18":"shipping-taxable","19":"purchasable","20":"product-type-simple"},"aioseo_notices":[],"_links":{"self":[{"href":"https:\/\/infomacrio.com.br\/index.php\/wp-json\/wp\/v2\/product\/7831","targetHints":{"allow":["GET"]}}],"collection":[{"href":"https:\/\/infomacrio.com.br\/index.php\/wp-json\/wp\/v2\/product"}],"about":[{"href":"https:\/\/infomacrio.com.br\/index.php\/wp-json\/wp\/v2\/types\/product"}],"wp:featuredmedia":[{"embeddable":true,"href":"https:\/\/infomacrio.com.br\/index.php\/wp-json\/wp\/v2\/media\/7830"}],"wp:attachment":[{"href":"https:\/\/infomacrio.com.br\/index.php\/wp-json\/wp\/v2\/media?parent=7831"}],"wp:term":[{"taxonomy":"product_brand","embeddable":true,"href":"https:\/\/infomacrio.com.br\/index.php\/wp-json\/wp\/v2\/product_brand?post=7831"},{"taxonomy":"product_cat","embeddable":true,"href":"https:\/\/infomacrio.com.br\/index.php\/wp-json\/wp\/v2\/product_cat?post=7831"},{"taxonomy":"product_tag","embeddable":true,"href":"https:\/\/infomacrio.com.br\/index.php\/wp-json\/wp\/v2\/product_tag?post=7831"}],"curies":[{"name":"wp","href":"https:\/\/api.w.org\/{rel}","templated":true}]}}