{"id":7802,"date":"2022-11-18T17:47:31","date_gmt":"2022-11-18T20:47:31","guid":{"rendered":"https:\/\/infomacrio.com.br\/index.php\/produto\/abracadeira-multiuso\/"},"modified":"2026-05-12T09:58:27","modified_gmt":"2026-05-12T12:58:27","slug":"abracadeira-multiuso","status":"publish","type":"product","link":"https:\/\/infomacrio.com.br\/index.php\/produto\/abracadeira-multiuso\/","title":{"rendered":"ABRA\u00c7ADEIRA NYLON M10 100X3MM 100UN"},"content":{"rendered":"<p>A especifica\u00e7\u00e3o\u00a0<strong class=\"Yjhzub\" data-complete=\"true\" data-processed=\"true\">M10<\/strong> para abra\u00e7adeiras de nylon refere-se comumente ao tamanho de 100mm de comprimento por 3mm de largura. Elas s\u00e3o flex\u00edveis, resistentes e ideais para a organiza\u00e7\u00e3o e amarra\u00e7\u00e3o de fios, cabos e outros acess\u00f3rios.<\/p>\n","protected":false},"excerpt":{"rendered":"<p>ABRA\u00c7ADEIRA NYLON M10 100X3MM 100UN<\/p>\n","protected":false},"featured_media":8553,"template":"","meta":{"om_disable_all_campaigns":false,"_monsterinsights_skip_tracking":false,"_monsterinsights_sitenote_active":false,"_monsterinsights_sitenote_note":"","_monsterinsights_sitenote_category":0},"product_brand":[],"product_cat":[311,383],"product_tag":[],"class_list":{"0":"post-7802","1":"product","2":"type-product","3":"status-publish","4":"has-post-thumbnail","6":"product_cat-ancoragem","7":"product_cat-injetados","8":"thunk-woo-product-list","9":"big-store-woo-hover-zoom","10":"open-single-product-tab-horizontal","11":"open-shadow-","12":"open-shadow-hover-","14":"first","15":"instock","16":"sale","17":"shipping-taxable","18":"purchasable","19":"product-type-simple"},"aioseo_notices":[],"_links":{"self":[{"href":"https:\/\/infomacrio.com.br\/index.php\/wp-json\/wp\/v2\/product\/7802","targetHints":{"allow":["GET"]}}],"collection":[{"href":"https:\/\/infomacrio.com.br\/index.php\/wp-json\/wp\/v2\/product"}],"about":[{"href":"https:\/\/infomacrio.com.br\/index.php\/wp-json\/wp\/v2\/types\/product"}],"wp:featuredmedia":[{"embeddable":true,"href":"https:\/\/infomacrio.com.br\/index.php\/wp-json\/wp\/v2\/media\/8553"}],"wp:attachment":[{"href":"https:\/\/infomacrio.com.br\/index.php\/wp-json\/wp\/v2\/media?parent=7802"}],"wp:term":[{"taxonomy":"product_brand","embeddable":true,"href":"https:\/\/infomacrio.com.br\/index.php\/wp-json\/wp\/v2\/product_brand?post=7802"},{"taxonomy":"product_cat","embeddable":true,"href":"https:\/\/infomacrio.com.br\/index.php\/wp-json\/wp\/v2\/product_cat?post=7802"},{"taxonomy":"product_tag","embeddable":true,"href":"https:\/\/infomacrio.com.br\/index.php\/wp-json\/wp\/v2\/product_tag?post=7802"}],"curies":[{"name":"wp","href":"https:\/\/api.w.org\/{rel}","templated":true}]}}