{"id":7795,"date":"2022-11-18T17:47:27","date_gmt":"2022-11-18T20:47:27","guid":{"rendered":"https:\/\/infomacrio.com.br\/index.php\/produto\/adaptador-bluetooth-usb-dungle\/"},"modified":"2024-01-31T13:22:05","modified_gmt":"2024-01-31T16:22:05","slug":"adaptador-bluetooth-usb-dungle","status":"publish","type":"product","link":"https:\/\/infomacrio.com.br\/index.php\/produto\/adaptador-bluetooth-usb-dungle\/","title":{"rendered":"ADAPTADOR BLUETOOTH USB DUNGLE"},"content":{"rendered":"<p>Gabinete Preto 4B Black Piano &#8211; USB e SOM<br \/>\nFrontal<\/p>\n<p>Fonte ATX 24Pinos<\/p>\n<p>Processador INTEL PENTIUM DUAL-CORE G3220 3.0GHZ (3MG CACHE)<br \/>\nLGA1150<\/p>\n<p>Placa M\u00e3e ASROCK H81 C\/ HDMI LGA1150<\/p>\n<p>Mem\u00f3ria 4GB DDR3<\/p>\n<p>HD 500GB SATA<\/p>\n<p>Gravador DVD\/CD SATA<\/p>\n<p>Teclado Preto<\/p>\n<p>Mouse \u00d3ptico<\/p>\n<p>Caixas de Som 300W<\/p>\n<p>Monitor LED 18,5\u201d<\/p>\n<p>&nbsp;<\/p>\n<p>IMPORTANTE:<\/p>\n<p>* Garantia na loja de 01 ano em todas as<br \/>\npe\u00e7as!<\/p>\n<p>** Algumas pe\u00e7as t\u00eam garantia de at\u00e9 3 anos com seus respectivos<br \/>\nfabricantes!<\/p>\n<p>*** Montamos seu PC de acordo com a configura\u00e7\u00e3o desejada! Teremos o<br \/>\nprazer em atend\u00ea-lo!<\/p>\n","protected":false},"excerpt":{"rendered":"<p>ADAPTADOR BLUETOOTH USB DUNGLE<\/p>\n","protected":false},"featured_media":7794,"template":"","meta":{"om_disable_all_campaigns":false,"_monsterinsights_skip_tracking":false,"_monsterinsights_sitenote_active":false,"_monsterinsights_sitenote_note":"","_monsterinsights_sitenote_category":0},"product_brand":[],"product_cat":[305,304,296],"product_tag":[],"class_list":{"0":"post-7795","1":"product","2":"type-product","3":"status-publish","4":"has-post-thumbnail","6":"product_cat-adaptador-bluetooth","7":"product_cat-cabos-e-adaptadores","8":"product_cat-informatica","9":"thunk-woo-product-list","10":"big-store-woo-hover-zoom","11":"open-single-product-tab-horizontal","12":"open-shadow-","13":"open-shadow-hover-","15":"first","16":"instock","17":"sale","18":"shipping-taxable","19":"purchasable","20":"product-type-simple"},"aioseo_notices":[],"_links":{"self":[{"href":"https:\/\/infomacrio.com.br\/index.php\/wp-json\/wp\/v2\/product\/7795","targetHints":{"allow":["GET"]}}],"collection":[{"href":"https:\/\/infomacrio.com.br\/index.php\/wp-json\/wp\/v2\/product"}],"about":[{"href":"https:\/\/infomacrio.com.br\/index.php\/wp-json\/wp\/v2\/types\/product"}],"wp:featuredmedia":[{"embeddable":true,"href":"https:\/\/infomacrio.com.br\/index.php\/wp-json\/wp\/v2\/media\/7794"}],"wp:attachment":[{"href":"https:\/\/infomacrio.com.br\/index.php\/wp-json\/wp\/v2\/media?parent=7795"}],"wp:term":[{"taxonomy":"product_brand","embeddable":true,"href":"https:\/\/infomacrio.com.br\/index.php\/wp-json\/wp\/v2\/product_brand?post=7795"},{"taxonomy":"product_cat","embeddable":true,"href":"https:\/\/infomacrio.com.br\/index.php\/wp-json\/wp\/v2\/product_cat?post=7795"},{"taxonomy":"product_tag","embeddable":true,"href":"https:\/\/infomacrio.com.br\/index.php\/wp-json\/wp\/v2\/product_tag?post=7795"}],"curies":[{"name":"wp","href":"https:\/\/api.w.org\/{rel}","templated":true}]}}