{"id":7754,"date":"2022-11-18T17:47:07","date_gmt":"2022-11-18T20:47:07","guid":{"rendered":"https:\/\/infomacrio.com.br\/index.php\/produto\/alicate-crimpar-2flex-c-catraca-rj45-11-2f-n6-8p\/"},"modified":"2026-05-04T10:31:37","modified_gmt":"2026-05-04T13:31:37","slug":"alicate-crimpar-2flex-c-catraca-rj45-11-2f-n6-8p","status":"publish","type":"product","link":"https:\/\/infomacrio.com.br\/index.php\/produto\/alicate-crimpar-2flex-c-catraca-rj45-11-2f-n6-8p\/","title":{"rendered":"ALICATE CRIMPAR 2FLEX 6\/8 PINOS COM CATRACA"},"content":{"rendered":"<p>O Alicate de Crimpar Catraca possui com corpo anat\u00f4mico e conectoriza\u00e7\u00e3o de alta precis\u00e3o. Com ele ter\u00e1 aumento de performance e estabilidade porque ele permite conex\u00f5es perfeitas e est\u00e1veis .<\/p>\n<p>O Alicate de Crimpar Catraca possui um sistema de catraca que evita falha na crimpagem gerando uma perfeita prensagem do conector e melhor sinal recebido, sua rede nunca ficar\u00e1 fora do ar com ele .Suporta conectores\u00a0RJ45\u00a0e RJ11. O\u00a0Alicate\u00a0de Crimpar Catraca foi desenvolvido com a melhor ergonomia, materiais de alta qualidade e resist\u00eancia.<\/p>\n","protected":false},"excerpt":{"rendered":"<p>ALICATE CRIMPAR 2FLEX 6\/8 PINOS COM CATRACA<\/p>\n","protected":false},"featured_media":10651,"template":"","meta":{"om_disable_all_campaigns":false,"_monsterinsights_skip_tracking":false,"_monsterinsights_sitenote_active":false,"_monsterinsights_sitenote_note":"","_monsterinsights_sitenote_category":0},"product_brand":[],"product_cat":[315,313,314],"product_tag":[],"class_list":{"0":"post-7754","1":"product","2":"type-product","3":"status-publish","4":"has-post-thumbnail","6":"product_cat-alicate-de-crimpar","7":"product_cat-ferramentas","8":"product_cat-para-network","9":"thunk-woo-product-list","10":"big-store-woo-hover-zoom","11":"open-single-product-tab-horizontal","12":"open-shadow-","13":"open-shadow-hover-","15":"first","16":"instock","17":"sale","18":"shipping-taxable","19":"purchasable","20":"product-type-simple"},"aioseo_notices":[],"_links":{"self":[{"href":"https:\/\/infomacrio.com.br\/index.php\/wp-json\/wp\/v2\/product\/7754","targetHints":{"allow":["GET"]}}],"collection":[{"href":"https:\/\/infomacrio.com.br\/index.php\/wp-json\/wp\/v2\/product"}],"about":[{"href":"https:\/\/infomacrio.com.br\/index.php\/wp-json\/wp\/v2\/types\/product"}],"wp:featuredmedia":[{"embeddable":true,"href":"https:\/\/infomacrio.com.br\/index.php\/wp-json\/wp\/v2\/media\/10651"}],"wp:attachment":[{"href":"https:\/\/infomacrio.com.br\/index.php\/wp-json\/wp\/v2\/media?parent=7754"}],"wp:term":[{"taxonomy":"product_brand","embeddable":true,"href":"https:\/\/infomacrio.com.br\/index.php\/wp-json\/wp\/v2\/product_brand?post=7754"},{"taxonomy":"product_cat","embeddable":true,"href":"https:\/\/infomacrio.com.br\/index.php\/wp-json\/wp\/v2\/product_cat?post=7754"},{"taxonomy":"product_tag","embeddable":true,"href":"https:\/\/infomacrio.com.br\/index.php\/wp-json\/wp\/v2\/product_tag?post=7754"}],"curies":[{"name":"wp","href":"https:\/\/api.w.org\/{rel}","templated":true}]}}