{"id":7737,"date":"2022-11-18T17:46:59","date_gmt":"2022-11-18T20:46:59","guid":{"rendered":"https:\/\/infomacrio.com.br\/index.php\/produto\/alicate-decapador-de-cabo-drop-2flex-2f-decap\/"},"modified":"2026-04-10T13:11:06","modified_gmt":"2026-04-10T16:11:06","slug":"alicate-decapador-de-cabo-drop-2flex-2f-decap","status":"publish","type":"product","link":"https:\/\/infomacrio.com.br\/index.php\/produto\/alicate-decapador-de-cabo-drop-2flex-2f-decap\/","title":{"rendered":"ALICATE DECAPADOR DE CABO DROP 2FLEX 2F-DECAP"},"content":{"rendered":"<p>O Alicate Decapador de Drop \u00e9 uma ferramenta espec\u00edfica para retirar com seguran\u00e7a a capa externa de cabo \u00f3ptico flat (3x2mm), expondo a fibra para trabalhos de fus\u00e3o ou conectoriza\u00e7\u00f5es de conector pr\u00e9-polido (de campo). Atende tanto a decapagem do cabo FLEX quanto ao cabo DROP MINI (para o DROP MINI \u00e9 necess\u00e1rio abrir manualmente e cortar o arame que serve de sustenta\u00e7\u00e3o no lan\u00e7amento a\u00e9reo). Alicate Decapador de DROP \u00e9 uma ferramenta essencial para instaladores e provedores regionais de internet.<\/p>\n<p>Design vers\u00e1til;<\/p>\n<p>Material do elemento de tra\u00e7\u00e3o: FRP e A\u00e7o;<\/p>\n<p>Material de alta durabilidade;<\/p>\n<p>F\u00e1cil opera\u00e7\u00e3o;<\/p>\n<p>N\u00e3o danifica a fibra \u00f3ptica;<\/p>\n<p>Eficaz no corte da capa externa do cabo;<\/p>\n<p>Aplic\u00e1vel ao cabo drop flat com at\u00e9 3 mm de di\u00e2metro;<\/p>\n<p>Possui r\u00e9gua para medida do corte;<\/p>\n<p>Temperatura de opera\u00e7\u00e3o : \u2013 20 \u00baC ~ 45 \u00baC;<\/p>\n<p>Dimens\u00f5es: 12 cm x 6 cm x 2 cm (Altura x Largura x Profundidade);<\/p>\n<p>Peso: 145g.<\/p>\n","protected":false},"excerpt":{"rendered":"<p>ALICATE DECAPADOR DE CABO DROP 2FLEX 2F-DECAP<\/p>\n","protected":false},"featured_media":7735,"template":"","meta":{"om_disable_all_campaigns":false,"_monsterinsights_skip_tracking":false,"_monsterinsights_sitenote_active":false,"_monsterinsights_sitenote_note":"","_monsterinsights_sitenote_category":0},"product_brand":[],"product_cat":[360,313,348],"product_tag":[],"class_list":{"0":"post-7737","1":"product","2":"type-product","3":"status-publish","4":"has-post-thumbnail","6":"product_cat-decapador-de-drop","7":"product_cat-ferramentas","8":"product_cat-para-fibra-optica","9":"thunk-woo-product-list","10":"big-store-woo-hover-zoom","11":"open-single-product-tab-horizontal","12":"open-shadow-","13":"open-shadow-hover-","15":"first","16":"instock","17":"sale","18":"shipping-taxable","19":"purchasable","20":"product-type-simple"},"aioseo_notices":[],"_links":{"self":[{"href":"https:\/\/infomacrio.com.br\/index.php\/wp-json\/wp\/v2\/product\/7737","targetHints":{"allow":["GET"]}}],"collection":[{"href":"https:\/\/infomacrio.com.br\/index.php\/wp-json\/wp\/v2\/product"}],"about":[{"href":"https:\/\/infomacrio.com.br\/index.php\/wp-json\/wp\/v2\/types\/product"}],"wp:featuredmedia":[{"embeddable":true,"href":"https:\/\/infomacrio.com.br\/index.php\/wp-json\/wp\/v2\/media\/7735"}],"wp:attachment":[{"href":"https:\/\/infomacrio.com.br\/index.php\/wp-json\/wp\/v2\/media?parent=7737"}],"wp:term":[{"taxonomy":"product_brand","embeddable":true,"href":"https:\/\/infomacrio.com.br\/index.php\/wp-json\/wp\/v2\/product_brand?post=7737"},{"taxonomy":"product_cat","embeddable":true,"href":"https:\/\/infomacrio.com.br\/index.php\/wp-json\/wp\/v2\/product_cat?post=7737"},{"taxonomy":"product_tag","embeddable":true,"href":"https:\/\/infomacrio.com.br\/index.php\/wp-json\/wp\/v2\/product_tag?post=7737"}],"curies":[{"name":"wp","href":"https:\/\/api.w.org\/{rel}","templated":true}]}}