{"id":7688,"date":"2022-11-18T17:46:33","date_gmt":"2022-11-18T20:46:33","guid":{"rendered":"https:\/\/infomacrio.com.br\/index.php\/produto\/bateria-selada-p-nobreak-12v-5ah-unipower\/"},"modified":"2025-06-25T09:56:09","modified_gmt":"2025-06-25T12:56:09","slug":"bateria-selada-p-nobreak-12v-5ah-unipower","status":"publish","type":"product","link":"https:\/\/infomacrio.com.br\/index.php\/produto\/bateria-selada-p-nobreak-12v-5ah-unipower\/","title":{"rendered":"BATERIA SELADA P\/ NOBREAK 12V 5AH UNIPOWER"},"content":{"rendered":"<p>Bateria Selada 12 volts 5 Amperes Unipower UP1250<\/p>\n<p>Bateria Interna Selada Unipower UP1250 \u00e9 uma bateria chumbo-\u00e1cida regulada por v\u00e1lvulas, produto de \u00faltima gera\u00e7\u00e3o para uso em sistemas de alarme, Ilumina\u00e7\u00e3o de Emerg\u00eancia, Nobreak, UPS, Port\u00f5es Eletr\u00f4nicos, Ilumina\u00e7\u00e3o de V\u00eddeo, Equipamentos M\u00e9dicos e N\u00e1uticos.<br \/>\nComposta com liga chumbo-c\u00e1lcio, separador de manta de microfibras de vidro totalmente selada proporcionando utiliza\u00e7\u00e3o em qualquer posi\u00e7\u00e3o.<\/p>\n<p>ESPECIFICA\u00c7\u00d5ES<br \/>\nModelo: UP1250<br \/>\nTens\u00e3o Nominal (V): 12<br \/>\nCapacidade (C10): 4,6<br \/>\nCapacidade (C20): 5<br \/>\nComprimento (mm): 90<br \/>\nLargura (mm): 70<br \/>\nAltura total (mm): 106<br \/>\nPeso (kg): 1,7<br \/>\nTipo terminal: Faston 187<\/p>\n","protected":false},"excerpt":{"rendered":"<p>BATERIA SELADA P\/ NOBREAK 12V 5AH UNIPOWER<\/p>\n","protected":false},"featured_media":7687,"template":"","meta":{"om_disable_all_campaigns":false,"_monsterinsights_skip_tracking":false,"_monsterinsights_sitenote_active":false,"_monsterinsights_sitenote_note":"","_monsterinsights_sitenote_category":0},"product_brand":[],"product_cat":[325,327,324],"product_tag":[],"class_list":{"0":"post-7688","1":"product","2":"type-product","3":"status-publish","4":"has-post-thumbnail","6":"product_cat-bateria","7":"product_cat-bateria-p-nobreak","8":"product_cat-energia","9":"thunk-woo-product-list","10":"big-store-woo-hover-zoom","11":"open-single-product-tab-horizontal","12":"open-shadow-","13":"open-shadow-hover-","15":"first","16":"outofstock","17":"sale","18":"shipping-taxable","19":"purchasable","20":"product-type-simple"},"aioseo_notices":[],"_links":{"self":[{"href":"https:\/\/infomacrio.com.br\/index.php\/wp-json\/wp\/v2\/product\/7688","targetHints":{"allow":["GET"]}}],"collection":[{"href":"https:\/\/infomacrio.com.br\/index.php\/wp-json\/wp\/v2\/product"}],"about":[{"href":"https:\/\/infomacrio.com.br\/index.php\/wp-json\/wp\/v2\/types\/product"}],"wp:featuredmedia":[{"embeddable":true,"href":"https:\/\/infomacrio.com.br\/index.php\/wp-json\/wp\/v2\/media\/7687"}],"wp:attachment":[{"href":"https:\/\/infomacrio.com.br\/index.php\/wp-json\/wp\/v2\/media?parent=7688"}],"wp:term":[{"taxonomy":"product_brand","embeddable":true,"href":"https:\/\/infomacrio.com.br\/index.php\/wp-json\/wp\/v2\/product_brand?post=7688"},{"taxonomy":"product_cat","embeddable":true,"href":"https:\/\/infomacrio.com.br\/index.php\/wp-json\/wp\/v2\/product_cat?post=7688"},{"taxonomy":"product_tag","embeddable":true,"href":"https:\/\/infomacrio.com.br\/index.php\/wp-json\/wp\/v2\/product_tag?post=7688"}],"curies":[{"name":"wp","href":"https:\/\/api.w.org\/{rel}","templated":true}]}}