{"id":7684,"date":"2022-11-18T17:46:31","date_gmt":"2022-11-18T20:46:31","guid":{"rendered":"https:\/\/infomacrio.com.br\/index.php\/produto\/bateria-selada-p-nobreak-12v-7ah-unipower\/"},"modified":"2025-06-25T10:37:18","modified_gmt":"2025-06-25T13:37:18","slug":"bateria-selada-p-nobreak-12v-7ah-unipower","status":"publish","type":"product","link":"https:\/\/infomacrio.com.br\/index.php\/produto\/bateria-selada-p-nobreak-12v-7ah-unipower\/","title":{"rendered":"BATERIA SELADA P\/ NOBREAK 12V 7AH UNIPOWER"},"content":{"rendered":"<p>ESPECIFICA\u00c7\u00d5ES T\u00c9CNICAS<\/p>\n<p>Alimenta\u00e7\u00e3o: 12V<\/p>\n<p>Capacidade: 7,0 Ah (Amperes Hora)<\/p>\n<p>Dura\u00e7\u00e3o de Bateria: DEPENDE MUITO DA APLICA\u00c7\u00c3O DE MODELO DE SISTEMA ONDE \u00c9 UTILIZADA<\/p>\n<p>Instru\u00e7\u00e3o de Carga: 25\u00b0C<\/p>\n<p>Voltagem de Flutua\u00e7\u00e3o: 13,6VDC a 13,8VDC \u2013 (VDC tens\u00e3o corrente cont\u00ednua)<\/p>\n<p>Modo de Carga C\u00edclico 14,5VDC a 14,9VDC<\/p>\n<p>Corrente Inicial de Carga Menor de 2,1 (A) Amperes<\/p>\n<p>Tipo de Bateria: BATERIA SELADA, REGULADA A V\u00c1LVULA (VRLA)<\/p>\n<p>Frequ\u00eancia de Opera\u00e7\u00e3o: N\u00c3O APLIC\u00c1VEL<\/p>\n<p>Tipo de Identifica\u00e7\u00e3o: BATERIA SELADA<\/p>\n","protected":false},"excerpt":{"rendered":"<p>BATERIA SELADA P\/ NOBREAK 12V 7AH UNIPOWER<\/p>\n","protected":false},"featured_media":7683,"template":"","meta":{"om_disable_all_campaigns":false,"_monsterinsights_skip_tracking":false,"_monsterinsights_sitenote_active":false,"_monsterinsights_sitenote_note":"","_monsterinsights_sitenote_category":0},"product_brand":[],"product_cat":[325,327,324],"product_tag":[],"class_list":{"0":"post-7684","1":"product","2":"type-product","3":"status-publish","4":"has-post-thumbnail","6":"product_cat-bateria","7":"product_cat-bateria-p-nobreak","8":"product_cat-energia","9":"thunk-woo-product-list","10":"big-store-woo-hover-zoom","11":"open-single-product-tab-horizontal","12":"open-shadow-","13":"open-shadow-hover-","15":"first","16":"outofstock","17":"sale","18":"shipping-taxable","19":"purchasable","20":"product-type-simple"},"aioseo_notices":[],"_links":{"self":[{"href":"https:\/\/infomacrio.com.br\/index.php\/wp-json\/wp\/v2\/product\/7684","targetHints":{"allow":["GET"]}}],"collection":[{"href":"https:\/\/infomacrio.com.br\/index.php\/wp-json\/wp\/v2\/product"}],"about":[{"href":"https:\/\/infomacrio.com.br\/index.php\/wp-json\/wp\/v2\/types\/product"}],"wp:featuredmedia":[{"embeddable":true,"href":"https:\/\/infomacrio.com.br\/index.php\/wp-json\/wp\/v2\/media\/7683"}],"wp:attachment":[{"href":"https:\/\/infomacrio.com.br\/index.php\/wp-json\/wp\/v2\/media?parent=7684"}],"wp:term":[{"taxonomy":"product_brand","embeddable":true,"href":"https:\/\/infomacrio.com.br\/index.php\/wp-json\/wp\/v2\/product_brand?post=7684"},{"taxonomy":"product_cat","embeddable":true,"href":"https:\/\/infomacrio.com.br\/index.php\/wp-json\/wp\/v2\/product_cat?post=7684"},{"taxonomy":"product_tag","embeddable":true,"href":"https:\/\/infomacrio.com.br\/index.php\/wp-json\/wp\/v2\/product_tag?post=7684"}],"curies":[{"name":"wp","href":"https:\/\/api.w.org\/{rel}","templated":true}]}}