{"id":7657,"date":"2022-11-18T17:46:14","date_gmt":"2022-11-18T20:46:14","guid":{"rendered":"https:\/\/infomacrio.com.br\/index.php\/produto\/cabo-de-rede-4-pares-metro\/"},"modified":"2025-06-18T09:24:16","modified_gmt":"2025-06-18T12:24:16","slug":"cabo-de-rede-4-pares-metro","status":"publish","type":"product","link":"https:\/\/infomacrio.com.br\/index.php\/produto\/cabo-de-rede-4-pares-metro\/","title":{"rendered":"CABO DE REDE 4 PARES &#8211; METRO"},"content":{"rendered":"<p>O Cabo 4 pares \u00e9 composto de alum\u00ednio acobreado. Ideal para instala\u00e7\u00f5es residenciais, comerciais ou para uso em CFTV sem perda de<br \/>\nqualidade. Recomendado para redes, sistemas de seguran\u00e7a eletr\u00f4nica e monitoramento.<\/p>\n<p>Caracter\u00edsticas T\u00e9cnicas:<\/p>\n<p>. Tipo de cabo: Conex\u00e3o;<\/p>\n<p>. Material da capa externa: PVC n\u00e3o reciclado;<\/p>\n<p>. N\u00famero de pares: 4 pares;<\/p>\n<p>. Material de Isolamento do condutor: HDP-e n\u00e3o reciclado;<\/p>\n<p>. Condutor: \u00d8 0.48 mm.<\/p>\n","protected":false},"excerpt":{"rendered":"<p>CABO DE REDE 4 PARES &#8211; METRO<\/p>\n","protected":false},"featured_media":7656,"template":"","meta":{"om_disable_all_campaigns":false,"_monsterinsights_skip_tracking":false,"_monsterinsights_sitenote_active":false,"_monsterinsights_sitenote_note":"","_monsterinsights_sitenote_category":0},"product_brand":[],"product_cat":[330,347,298],"product_tag":[],"class_list":{"0":"post-7657","1":"product","2":"type-product","3":"status-publish","4":"has-post-thumbnail","6":"product_cat-cabo-de-rede","7":"product_cat-cca","8":"product_cat-network","9":"thunk-woo-product-list","10":"big-store-woo-hover-zoom","11":"open-single-product-tab-horizontal","12":"open-shadow-","13":"open-shadow-hover-","15":"first","16":"outofstock","17":"sale","18":"shipping-taxable","19":"purchasable","20":"product-type-simple"},"aioseo_notices":[],"_links":{"self":[{"href":"https:\/\/infomacrio.com.br\/index.php\/wp-json\/wp\/v2\/product\/7657","targetHints":{"allow":["GET"]}}],"collection":[{"href":"https:\/\/infomacrio.com.br\/index.php\/wp-json\/wp\/v2\/product"}],"about":[{"href":"https:\/\/infomacrio.com.br\/index.php\/wp-json\/wp\/v2\/types\/product"}],"wp:featuredmedia":[{"embeddable":true,"href":"https:\/\/infomacrio.com.br\/index.php\/wp-json\/wp\/v2\/media\/7656"}],"wp:attachment":[{"href":"https:\/\/infomacrio.com.br\/index.php\/wp-json\/wp\/v2\/media?parent=7657"}],"wp:term":[{"taxonomy":"product_brand","embeddable":true,"href":"https:\/\/infomacrio.com.br\/index.php\/wp-json\/wp\/v2\/product_brand?post=7657"},{"taxonomy":"product_cat","embeddable":true,"href":"https:\/\/infomacrio.com.br\/index.php\/wp-json\/wp\/v2\/product_cat?post=7657"},{"taxonomy":"product_tag","embeddable":true,"href":"https:\/\/infomacrio.com.br\/index.php\/wp-json\/wp\/v2\/product_tag?post=7657"}],"curies":[{"name":"wp","href":"https:\/\/api.w.org\/{rel}","templated":true}]}}