{"id":7655,"date":"2022-11-18T17:46:13","date_gmt":"2022-11-18T20:46:13","guid":{"rendered":"https:\/\/infomacrio.com.br\/index.php\/produto\/cabo-de-rede-lanexpert-cat5e-4-pares-cobre-305m\/"},"modified":"2026-03-11T14:24:21","modified_gmt":"2026-03-11T17:24:21","slug":"cabo-de-rede-lanexpert-cat5e-4-pares-cobre-305m","status":"publish","type":"product","link":"https:\/\/infomacrio.com.br\/index.php\/produto\/cabo-de-rede-lanexpert-cat5e-4-pares-cobre-305m\/","title":{"rendered":"CABO DE REDE LANEXPERT CAT5E 4 PARES *COBRE 305M"},"content":{"rendered":"<p>O Cabo de Rede 4 pares \u00e9 fabricado com 100% de cobre em todos os seu condutores, n\u00e3o sendo utilizado alum\u00ednio na sua composi\u00e7\u00e3o. Essa \u00e9 a sua maior qualidade e diferencial dentre os seus concorrentes. Modelo de 4 pares em caixa com 305m cada. Atinge uma excel\u00eancia em transporte de dados, voz, v\u00eddeo e etc. Desenvolvido de acordo com todas as normas de qualidade.<\/p>\n<p>. Normas de qualidade:<\/p>\n<p>ANSI TIA\/EIA-568-B.2, ANSI TIA\/EIA-568-B.2-11 \u2013 2005,\u00a0ABNT NBR \u2013 14703:2005,\u00a0ABNT NBR 9141:1998,\u00a0ABNT NBR 9148:1998 e\u00a0ABNT NBR 14705:2006.<\/p>\n<p>. Caracter\u00edsticas T\u00e9cnicas:<\/p>\n<p>Tipo de cabo:\u00a0UTP;<\/p>\n<p>Material da capa externa:\u00a0PVC n\u00e3o reciclado;<\/p>\n<p>N\u00famero de pares:\u00a04;<\/p>\n<p>Categoria:\u00a0Cat. 5e;<\/p>\n","protected":false},"excerpt":{"rendered":"<p>CABO DE REDE LANEXPERT CAT5E 4 PARES *COBRE 305M<\/p>\n","protected":false},"featured_media":7654,"template":"","meta":{"om_disable_all_campaigns":false,"_monsterinsights_skip_tracking":false,"_monsterinsights_sitenote_active":false,"_monsterinsights_sitenote_note":"","_monsterinsights_sitenote_category":0},"product_brand":[],"product_cat":[330,350,298],"product_tag":[],"class_list":{"0":"post-7655","1":"product","2":"type-product","3":"status-publish","4":"has-post-thumbnail","6":"product_cat-cabo-de-rede","7":"product_cat-cobre","8":"product_cat-network","9":"thunk-woo-product-list","10":"big-store-woo-hover-zoom","11":"open-single-product-tab-horizontal","12":"open-shadow-","13":"open-shadow-hover-","15":"first","16":"instock","17":"sale","18":"shipping-taxable","19":"purchasable","20":"product-type-simple"},"aioseo_notices":[],"_links":{"self":[{"href":"https:\/\/infomacrio.com.br\/index.php\/wp-json\/wp\/v2\/product\/7655","targetHints":{"allow":["GET"]}}],"collection":[{"href":"https:\/\/infomacrio.com.br\/index.php\/wp-json\/wp\/v2\/product"}],"about":[{"href":"https:\/\/infomacrio.com.br\/index.php\/wp-json\/wp\/v2\/types\/product"}],"wp:featuredmedia":[{"embeddable":true,"href":"https:\/\/infomacrio.com.br\/index.php\/wp-json\/wp\/v2\/media\/7654"}],"wp:attachment":[{"href":"https:\/\/infomacrio.com.br\/index.php\/wp-json\/wp\/v2\/media?parent=7655"}],"wp:term":[{"taxonomy":"product_brand","embeddable":true,"href":"https:\/\/infomacrio.com.br\/index.php\/wp-json\/wp\/v2\/product_brand?post=7655"},{"taxonomy":"product_cat","embeddable":true,"href":"https:\/\/infomacrio.com.br\/index.php\/wp-json\/wp\/v2\/product_cat?post=7655"},{"taxonomy":"product_tag","embeddable":true,"href":"https:\/\/infomacrio.com.br\/index.php\/wp-json\/wp\/v2\/product_tag?post=7655"}],"curies":[{"name":"wp","href":"https:\/\/api.w.org\/{rel}","templated":true}]}}