{"id":7624,"date":"2022-11-18T17:45:56","date_gmt":"2022-11-18T20:45:56","guid":{"rendered":"https:\/\/infomacrio.com.br\/index.php\/produto\/cabo-optico-2flex-drop-flat-1fo-1km\/"},"modified":"2026-04-15T12:08:43","modified_gmt":"2026-04-15T15:08:43","slug":"cabo-optico-2flex-drop-flat-1fo-1km","status":"publish","type":"product","link":"https:\/\/infomacrio.com.br\/index.php\/produto\/cabo-optico-2flex-drop-flat-1fo-1km\/","title":{"rendered":"CABO OPTICO DROP 2FLEX 1FO 1KM"},"content":{"rendered":"<p>O Cabo \u00d3ptico Drop com revestimento externo de baixo atrito (Low Friction). Para aplica\u00e7\u00e3o em instala\u00e7\u00e3o a\u00e9rea de acesso ao assinante (Tipo Drop) em rede FTTH, sendo indicado para ser utilizado da caixa de emenda at\u00e9 o assinante e em v\u00e3os de at\u00e9 80 metros.<\/p>\n<p>O Cabo \u00d3ptico Drop possui elementos de tra\u00e7\u00e3o em a\u00e7o que possibilita instala\u00e7\u00e3o em dutos sem utiliza\u00e7\u00e3o de guia. O Cabo \u00d3ptico Drop possui revestimento externo de baixo atrito (Low Friction). Tem baixa emiss\u00e3o de fuma\u00e7a e gases t\u00f3xicos sem halog\u00eanios (LSZH).<\/p>\n<p>&nbsp;<\/p>\n<p>&nbsp;<\/p>\n<p>Caracter\u00edsticas T\u00e9cnicas:<\/p>\n<p>&nbsp;<\/p>\n<p>N\u00famero de Fibras: 1 Fibra;<\/p>\n<p>&nbsp;<\/p>\n<p>Elemento de sustenta\u00e7\u00e3o met\u00e1lico: 1.0 mm (a\u00e7o galvanizado);<\/p>\n<p>&nbsp;<\/p>\n<p>Elemento de tra\u00e7\u00e3o met\u00e1lico: 0.5 mm (a\u00e7o);<\/p>\n<p>&nbsp;<\/p>\n<p>Revestimento Exterior: Di\u00e2metro 2.0 \u00b1 5.0mm \u2013 Material LSZH;<\/p>\n<p>&nbsp;<\/p>\n<p>Raio m\u00ednimo de curvatura durante a opera\u00e7\u00e3o: 15mm;<\/p>\n<p>&nbsp;<\/p>\n<p>Raio m\u00ednimo de curvatura durante instala\u00e7\u00e3o: 30mm;<\/p>\n<p>&nbsp;<\/p>\n<p>Carga m\u00e1xima com elemento de tra\u00e7\u00e3o: 660N;<\/p>\n<p>&nbsp;<\/p>\n<p>Carga m\u00e1xima sem elemento de tra\u00e7\u00e3o: 100N;<\/p>\n<p>&nbsp;<\/p>\n<p>Di\u00e2metro do cabo: 2 x 5,2 mm;<\/p>\n<p>&nbsp;<\/p>\n<p>Coeficiente de atrito din\u00e2mico: 0.3;<\/p>\n<p>&nbsp;<\/p>\n<p>Peso: 20 kg por km;<\/p>\n<p>&nbsp;<\/p>\n<p>Tamanho 1km;<\/p>\n<p>&nbsp;<\/p>\n<p>Temperatura de Instala\u00e7\u00e3o \u00baC: -15 60;<\/p>\n<p>&nbsp;<\/p>\n<p>Temperatura em Estoque \u00baC: -20 65.<\/p>\n","protected":false},"excerpt":{"rendered":"<p>CABO OPTICO DROP 2FLEX 1FO 1KM<\/p>\n","protected":false},"featured_media":9535,"template":"","meta":{"om_disable_all_campaigns":false,"_monsterinsights_skip_tracking":false,"_monsterinsights_sitenote_active":false,"_monsterinsights_sitenote_note":"","_monsterinsights_sitenote_category":0},"product_brand":[],"product_cat":[320,362,301],"product_tag":[],"class_list":{"0":"post-7624","1":"product","2":"type-product","3":"status-publish","4":"has-post-thumbnail","6":"product_cat-cabo-optico","7":"product_cat-drop","8":"product_cat-fibra-optica","9":"thunk-woo-product-list","10":"big-store-woo-hover-zoom","11":"open-single-product-tab-horizontal","12":"open-shadow-","13":"open-shadow-hover-","15":"first","16":"instock","17":"shipping-taxable","18":"product-type-simple"},"aioseo_notices":[],"_links":{"self":[{"href":"https:\/\/infomacrio.com.br\/index.php\/wp-json\/wp\/v2\/product\/7624","targetHints":{"allow":["GET"]}}],"collection":[{"href":"https:\/\/infomacrio.com.br\/index.php\/wp-json\/wp\/v2\/product"}],"about":[{"href":"https:\/\/infomacrio.com.br\/index.php\/wp-json\/wp\/v2\/types\/product"}],"wp:featuredmedia":[{"embeddable":true,"href":"https:\/\/infomacrio.com.br\/index.php\/wp-json\/wp\/v2\/media\/9535"}],"wp:attachment":[{"href":"https:\/\/infomacrio.com.br\/index.php\/wp-json\/wp\/v2\/media?parent=7624"}],"wp:term":[{"taxonomy":"product_brand","embeddable":true,"href":"https:\/\/infomacrio.com.br\/index.php\/wp-json\/wp\/v2\/product_brand?post=7624"},{"taxonomy":"product_cat","embeddable":true,"href":"https:\/\/infomacrio.com.br\/index.php\/wp-json\/wp\/v2\/product_cat?post=7624"},{"taxonomy":"product_tag","embeddable":true,"href":"https:\/\/infomacrio.com.br\/index.php\/wp-json\/wp\/v2\/product_tag?post=7624"}],"curies":[{"name":"wp","href":"https:\/\/api.w.org\/{rel}","templated":true}]}}