{"id":7609,"date":"2022-11-18T17:45:47","date_gmt":"2022-11-18T20:45:47","guid":{"rendered":"https:\/\/infomacrio.com.br\/index.php\/produto\/cabo-optico-transcend-drop-1fo-1km\/"},"modified":"2026-04-29T10:04:20","modified_gmt":"2026-04-29T13:04:20","slug":"cabo-optico-transcend-drop-1fo-1km","status":"publish","type":"product","link":"https:\/\/infomacrio.com.br\/index.php\/produto\/cabo-optico-transcend-drop-1fo-1km\/","title":{"rendered":"CABO OPTICO DROP TRANSCEND 1FO 1KM"},"content":{"rendered":"<p>O Speed Star Mini Flat DROP TRANSCEND foi projetado com capa pl\u00e1stica<br \/>\nde alta resist\u00eancia a tra\u00e7\u00e3o mec\u00e2nica e contra intemperismo (sol, chuva,<br \/>\nvaria\u00e7\u00f5es de temperaturas) e com baixa emiss\u00e3o de fuma\u00e7a (em caso de queima),<br \/>\nde modo a atender aplica\u00e7\u00f5es tanto internas quanto externas, onde \u00e9 exigido<br \/>\num cabo com uma maior qualidade e performance elevada.<\/p>\n<p>Utilizando fibra \u00f3ptica de baixa sensibilidade a curvatura, permite<br \/>\nmais dobras no cabo durante as instala\u00e7\u00f5es em espa\u00e7os limitados com menores<br \/>\nperdas, aumentando a performance na transmiss\u00e3o<\/p>\n<p>. Durabilidade:<\/p>\n<p>Vida \u00fatil superior proporcionada por\u00a0meio de capa isolante \u00e0<br \/>\neletricidade,\u00a0retardante a chama e com baixa\u00a0emiss\u00e3o de<br \/>\nfuma\u00e7a.<\/p>\n<p>. Perfomance:<\/p>\n<p>Fibras capazes de transferir de 180.000~200.000 Km\/s resultando em<br \/>\numa lat\u00eancia de apenas 0.005 milissegundos por km.<\/p>\n<p>. Precis\u00e3o:<\/p>\n<p>Suporte \u00e0 curvaturas extremas entre\u00a0a caixa assinante<br \/>\ne as depend\u00eancias do\u00a0usu\u00e1rio, com m\u00ednimos efeitos<br \/>\nna\u00a0transmiss\u00e3o.<\/p>\n","protected":false},"excerpt":{"rendered":"<p>CABO OPTICO DROP TRANSCEND 1FO 1KM<\/p>\n","protected":false},"featured_media":7608,"template":"","meta":{"om_disable_all_campaigns":false,"_monsterinsights_skip_tracking":false,"_monsterinsights_sitenote_active":false,"_monsterinsights_sitenote_note":"","_monsterinsights_sitenote_category":0},"product_brand":[],"product_cat":[320,362,301],"product_tag":[],"class_list":{"0":"post-7609","1":"product","2":"type-product","3":"status-publish","4":"has-post-thumbnail","6":"product_cat-cabo-optico","7":"product_cat-drop","8":"product_cat-fibra-optica","9":"thunk-woo-product-list","10":"big-store-woo-hover-zoom","11":"open-single-product-tab-horizontal","12":"open-shadow-","13":"open-shadow-hover-","15":"first","16":"instock","17":"shipping-taxable","18":"product-type-simple"},"aioseo_notices":[],"_links":{"self":[{"href":"https:\/\/infomacrio.com.br\/index.php\/wp-json\/wp\/v2\/product\/7609","targetHints":{"allow":["GET"]}}],"collection":[{"href":"https:\/\/infomacrio.com.br\/index.php\/wp-json\/wp\/v2\/product"}],"about":[{"href":"https:\/\/infomacrio.com.br\/index.php\/wp-json\/wp\/v2\/types\/product"}],"wp:featuredmedia":[{"embeddable":true,"href":"https:\/\/infomacrio.com.br\/index.php\/wp-json\/wp\/v2\/media\/7608"}],"wp:attachment":[{"href":"https:\/\/infomacrio.com.br\/index.php\/wp-json\/wp\/v2\/media?parent=7609"}],"wp:term":[{"taxonomy":"product_brand","embeddable":true,"href":"https:\/\/infomacrio.com.br\/index.php\/wp-json\/wp\/v2\/product_brand?post=7609"},{"taxonomy":"product_cat","embeddable":true,"href":"https:\/\/infomacrio.com.br\/index.php\/wp-json\/wp\/v2\/product_cat?post=7609"},{"taxonomy":"product_tag","embeddable":true,"href":"https:\/\/infomacrio.com.br\/index.php\/wp-json\/wp\/v2\/product_tag?post=7609"}],"curies":[{"name":"wp","href":"https:\/\/api.w.org\/{rel}","templated":true}]}}