{"id":7474,"date":"2022-11-18T17:44:35","date_gmt":"2022-11-18T20:44:35","guid":{"rendered":"https:\/\/infomacrio.com.br\/index.php\/produto\/carrinho-para-bobina-drop-lc\/"},"modified":"2026-04-09T17:31:04","modified_gmt":"2026-04-09T20:31:04","slug":"carrinho-para-bobina-drop-lc","status":"publish","type":"product","link":"https:\/\/infomacrio.com.br\/index.php\/produto\/carrinho-para-bobina-drop-lc\/","title":{"rendered":"CARRINHO PARA BOBINA DROP LC"},"content":{"rendered":"<p>O Carrinho Para Bobina \u00e9 ideal para facilitar o trabalho e manuseio dos instaladores e tornar mais eficiente as tarefas em campo. Foi projetado para otimizar espa\u00e7o (com p\u00e9s ajust\u00e1veis) e economizar espa\u00e7o durante o transporte. Desenvolvido com A\u00c7O 1020 para aguentar qualquer impacto durante o uso.<\/p>\n<p>Compat\u00edvel com bobinas de 1 ou 2 Km;<\/p>\n<p>CARACTER\u00cdSTICAS<\/p>\n<p>Compat\u00edvel com bobinas de 1 ou 2 Km;<br \/>\nFabricado com tubo de 1 polegada (a\u00e7o 1020);<br \/>\nPintura com microtextura eletrost\u00e1tica;<br \/>\nRodas emborrachadas de 6 polegadas;<br \/>\nP\u00e9s dobr\u00e1veis para economizar espa\u00e7o.<\/p>\n","protected":false},"excerpt":{"rendered":"<p>CARRINHO PARA BOBINA DROP LC<\/p>\n","protected":false},"featured_media":10092,"template":"","meta":{"om_disable_all_campaigns":false,"_monsterinsights_skip_tracking":false,"_monsterinsights_sitenote_active":false,"_monsterinsights_sitenote_note":"","_monsterinsights_sitenote_category":0},"product_brand":[],"product_cat":[313,408],"product_tag":[],"class_list":{"0":"post-7474","1":"product","2":"type-product","3":"status-publish","4":"has-post-thumbnail","6":"product_cat-ferramentas","7":"product_cat-para-diversos","8":"thunk-woo-product-list","9":"big-store-woo-hover-zoom","10":"open-single-product-tab-horizontal","11":"open-shadow-","12":"open-shadow-hover-","14":"first","15":"outofstock","16":"sale","17":"shipping-taxable","18":"purchasable","19":"product-type-simple"},"aioseo_notices":[],"_links":{"self":[{"href":"https:\/\/infomacrio.com.br\/index.php\/wp-json\/wp\/v2\/product\/7474","targetHints":{"allow":["GET"]}}],"collection":[{"href":"https:\/\/infomacrio.com.br\/index.php\/wp-json\/wp\/v2\/product"}],"about":[{"href":"https:\/\/infomacrio.com.br\/index.php\/wp-json\/wp\/v2\/types\/product"}],"wp:featuredmedia":[{"embeddable":true,"href":"https:\/\/infomacrio.com.br\/index.php\/wp-json\/wp\/v2\/media\/10092"}],"wp:attachment":[{"href":"https:\/\/infomacrio.com.br\/index.php\/wp-json\/wp\/v2\/media?parent=7474"}],"wp:term":[{"taxonomy":"product_brand","embeddable":true,"href":"https:\/\/infomacrio.com.br\/index.php\/wp-json\/wp\/v2\/product_brand?post=7474"},{"taxonomy":"product_cat","embeddable":true,"href":"https:\/\/infomacrio.com.br\/index.php\/wp-json\/wp\/v2\/product_cat?post=7474"},{"taxonomy":"product_tag","embeddable":true,"href":"https:\/\/infomacrio.com.br\/index.php\/wp-json\/wp\/v2\/product_tag?post=7474"}],"curies":[{"name":"wp","href":"https:\/\/api.w.org\/{rel}","templated":true}]}}