{"id":7415,"date":"2022-11-18T17:44:00","date_gmt":"2022-11-18T20:44:00","guid":{"rendered":"https:\/\/infomacrio.com.br\/index.php\/produto\/conector-optico-2flex-click-3-posicoes-upc\/"},"modified":"2026-04-20T14:40:28","modified_gmt":"2026-04-20T17:40:28","slug":"conector-optico-2flex-click-3-posicoes-upc","status":"publish","type":"product","link":"https:\/\/infomacrio.com.br\/index.php\/produto\/conector-optico-2flex-click-3-posicoes-upc\/","title":{"rendered":"CONECTOR OPTICO 2FLEX T-CLICK 3P UPC"},"content":{"rendered":"<p>O Conector \u00d3ptico com trava e click de rosca SC\/UPC foi desenvolvido para ser utilizado,em campo em cabos Drop Flat (Low Friction) de at\u00e9 3 mm e\/ou Cord\u00f5es \u00d3pticos de 2 a 3mm em redes FTTH.<\/p>\n<p>F\u00e1cil montagem, n\u00e3o exige nenhuma ferramenta especial, al\u00e9m de ferramentas normais para prepara\u00e7\u00e3o da fibra \u00f3ptica (decapador do cabo, decapador da fibra, gabarito, clivador e componentes de limpeza).<\/p>\n<p>. O Conector 3 posi\u00e7\u00f5es de rosca pode ser utilizado em rede de Telecomunica\u00e7\u00e3o, rede de dados, \u00e1rea industrial ou m\u00e9dica.<\/p>\n<p>. Caracter\u00edsticas T\u00e9cnicas:<\/p>\n<p>Conector reutiliz\u00e1vel sem perda de caracter\u00edsticas;<\/p>\n<p>Pr\u00e9-polimento UPC;<\/p>\n<p>Montagem simples e r\u00e1pida;<\/p>\n<p>Tempo de instala\u00e7\u00e3o inferior 3 min;<\/p>\n<p>Baixa Perda de inser\u00e7\u00e3o \u2264 0.3dB;<\/p>\n<p>Perda do retorno: \u2265 \u2013 40dB;<\/p>\n<p>Taxa de reflex\u00e3o: \u2265 45 ~ 53dB;<\/p>\n<p>Temperatura de Opera\u00e7\u00e3o: \u2013 40 ~ +85\u00b0C.<\/p>\n","protected":false},"excerpt":{"rendered":"<p>CONECTOR OPTICO 2FLEX T-CLICK 3P UPC<\/p>\n","protected":false},"featured_media":7413,"template":"","meta":{"om_disable_all_campaigns":false,"_monsterinsights_skip_tracking":false,"_monsterinsights_sitenote_active":false,"_monsterinsights_sitenote_note":"","_monsterinsights_sitenote_category":0},"product_brand":[],"product_cat":[316,301,431],"product_tag":[],"class_list":{"0":"post-7415","1":"product","2":"type-product","3":"status-publish","4":"has-post-thumbnail","6":"product_cat-conector-optico","7":"product_cat-fibra-optica","8":"product_cat-upc","9":"thunk-woo-product-list","10":"big-store-woo-hover-zoom","11":"open-single-product-tab-horizontal","12":"open-shadow-","13":"open-shadow-hover-","15":"first","16":"instock","17":"sale","18":"shipping-taxable","19":"purchasable","20":"product-type-simple"},"aioseo_notices":[],"_links":{"self":[{"href":"https:\/\/infomacrio.com.br\/index.php\/wp-json\/wp\/v2\/product\/7415","targetHints":{"allow":["GET"]}}],"collection":[{"href":"https:\/\/infomacrio.com.br\/index.php\/wp-json\/wp\/v2\/product"}],"about":[{"href":"https:\/\/infomacrio.com.br\/index.php\/wp-json\/wp\/v2\/types\/product"}],"wp:featuredmedia":[{"embeddable":true,"href":"https:\/\/infomacrio.com.br\/index.php\/wp-json\/wp\/v2\/media\/7413"}],"wp:attachment":[{"href":"https:\/\/infomacrio.com.br\/index.php\/wp-json\/wp\/v2\/media?parent=7415"}],"wp:term":[{"taxonomy":"product_brand","embeddable":true,"href":"https:\/\/infomacrio.com.br\/index.php\/wp-json\/wp\/v2\/product_brand?post=7415"},{"taxonomy":"product_cat","embeddable":true,"href":"https:\/\/infomacrio.com.br\/index.php\/wp-json\/wp\/v2\/product_cat?post=7415"},{"taxonomy":"product_tag","embeddable":true,"href":"https:\/\/infomacrio.com.br\/index.php\/wp-json\/wp\/v2\/product_tag?post=7415"}],"curies":[{"name":"wp","href":"https:\/\/api.w.org\/{rel}","templated":true}]}}