{"id":7379,"date":"2022-11-18T17:43:42","date_gmt":"2022-11-18T20:43:42","guid":{"rendered":"https:\/\/infomacrio.com.br\/index.php\/produto\/conjunto-bap-4-completa-100-mt\/"},"modified":"2026-03-11T09:53:27","modified_gmt":"2026-03-11T12:53:27","slug":"conjunto-bap-4-completa-100-mt","status":"publish","type":"product","link":"https:\/\/infomacrio.com.br\/index.php\/produto\/conjunto-bap-4-completa-100-mt\/","title":{"rendered":"CONJUNTO BAP 4 COMPLETA 1,00 MT"},"content":{"rendered":"<p>A Bra\u00e7adeira Ajust\u00e1vel para Poste BAP \u00e9 constitu\u00edda de uma cinta de a\u00e7o com orif\u00edcios ovais sequenciais, que se ajusta em superf\u00edcie curva atrav\u00e9s do encaixe do parafuso regulador em forma de gancho.<\/p>\n<p>Ela deve ser utilizada para sustenta\u00e7\u00e3o de cordoalhas e acess\u00f3rios em postes circulares de concreto, de madeira ou de pl\u00e1stico refor\u00e7ado com fibra de vidro. Para instala\u00e7\u00e3o na parte c\u00f4ncava de poste duplo T, a BAP deve ser aplicada com a base adaptadora.<\/p>\n","protected":false},"excerpt":{"rendered":"<p>CONJUNTO BAP 4 COMPLETA 1,00 MT<\/p>\n","protected":false},"featured_media":7378,"template":"","meta":{"om_disable_all_campaigns":false,"_monsterinsights_skip_tracking":false,"_monsterinsights_sitenote_active":false,"_monsterinsights_sitenote_note":"","_monsterinsights_sitenote_category":0},"product_brand":[],"product_cat":[311,370],"product_tag":[],"class_list":{"0":"post-7379","1":"product","2":"type-product","3":"status-publish","4":"has-post-thumbnail","6":"product_cat-ancoragem","7":"product_cat-ferragens","8":"thunk-woo-product-list","9":"big-store-woo-hover-zoom","10":"open-single-product-tab-horizontal","11":"open-shadow-","12":"open-shadow-hover-","14":"first","15":"instock","16":"sale","17":"shipping-taxable","18":"purchasable","19":"product-type-simple"},"aioseo_notices":[],"_links":{"self":[{"href":"https:\/\/infomacrio.com.br\/index.php\/wp-json\/wp\/v2\/product\/7379","targetHints":{"allow":["GET"]}}],"collection":[{"href":"https:\/\/infomacrio.com.br\/index.php\/wp-json\/wp\/v2\/product"}],"about":[{"href":"https:\/\/infomacrio.com.br\/index.php\/wp-json\/wp\/v2\/types\/product"}],"wp:featuredmedia":[{"embeddable":true,"href":"https:\/\/infomacrio.com.br\/index.php\/wp-json\/wp\/v2\/media\/7378"}],"wp:attachment":[{"href":"https:\/\/infomacrio.com.br\/index.php\/wp-json\/wp\/v2\/media?parent=7379"}],"wp:term":[{"taxonomy":"product_brand","embeddable":true,"href":"https:\/\/infomacrio.com.br\/index.php\/wp-json\/wp\/v2\/product_brand?post=7379"},{"taxonomy":"product_cat","embeddable":true,"href":"https:\/\/infomacrio.com.br\/index.php\/wp-json\/wp\/v2\/product_cat?post=7379"},{"taxonomy":"product_tag","embeddable":true,"href":"https:\/\/infomacrio.com.br\/index.php\/wp-json\/wp\/v2\/product_tag?post=7379"}],"curies":[{"name":"wp","href":"https:\/\/api.w.org\/{rel}","templated":true}]}}