{"id":7373,"date":"2022-11-18T17:43:39","date_gmt":"2022-11-18T20:43:39","guid":{"rendered":"https:\/\/infomacrio.com.br\/index.php\/produto\/conversor-de-midia-fast-lb-20km-2flex\/"},"modified":"2026-03-23T17:26:04","modified_gmt":"2026-03-23T20:26:04","slug":"conversor-de-midia-fast-lb-20km-2flex","status":"publish","type":"product","link":"https:\/\/infomacrio.com.br\/index.php\/produto\/conversor-de-midia-fast-lb-20km-2flex\/","title":{"rendered":"CONVERSOR DE MIDIA FAST &#8211; LB &#8211; 20KM 2FLEX"},"content":{"rendered":"<p>O conversor de m\u00eddia torna poss\u00edvel convers\u00e3o de m\u00eddia de rede para otimizar o custo de propriedade quando voc\u00ea estiver estendendo a rede de par tran\u00e7ado. Herdado de um backbone de fibra \u00f3ptica. \u00c9 projetado principalmente para largura de banda maior e mais exigente de grupos de trabalho que exigem a expans\u00e3o da rede ethernet.<\/p>\n<p>O conversor de m\u00eddia possui uma tomada RJ45 e SC conector fibra \u00f3ptica, conectando a rede 10\/100 Mbps \u00e0 rede BASE-FX (fiber optic) 100. Esse modo full-duplex, o conversor pode estender acima da dist\u00e2ncia de 2km para multimodo e at\u00e9 60km para a fibra de modo \u00fanico. Maximize as op\u00e7\u00f5es de convers\u00e3o e flexibilidade de projeto de rede.<\/p>\n","protected":false},"excerpt":{"rendered":"<p>CONVERSOR DE MIDIA FAST &#8211; LB &#8211; 20KM 2FLEX<\/p>\n","protected":false},"featured_media":11047,"template":"","meta":{"om_disable_all_campaigns":false,"_monsterinsights_skip_tracking":false,"_monsterinsights_sitenote_active":false,"_monsterinsights_sitenote_note":"","_monsterinsights_sitenote_category":0},"product_brand":[],"product_cat":[353,301],"product_tag":[],"class_list":{"0":"post-7373","1":"product","2":"type-product","3":"status-publish","4":"has-post-thumbnail","6":"product_cat-conversor-de-midia","7":"product_cat-fibra-optica","8":"thunk-woo-product-list","9":"big-store-woo-hover-zoom","10":"open-single-product-tab-horizontal","11":"open-shadow-","12":"open-shadow-hover-","14":"first","15":"instock","16":"sale","17":"shipping-taxable","18":"purchasable","19":"product-type-simple"},"aioseo_notices":[],"_links":{"self":[{"href":"https:\/\/infomacrio.com.br\/index.php\/wp-json\/wp\/v2\/product\/7373","targetHints":{"allow":["GET"]}}],"collection":[{"href":"https:\/\/infomacrio.com.br\/index.php\/wp-json\/wp\/v2\/product"}],"about":[{"href":"https:\/\/infomacrio.com.br\/index.php\/wp-json\/wp\/v2\/types\/product"}],"wp:featuredmedia":[{"embeddable":true,"href":"https:\/\/infomacrio.com.br\/index.php\/wp-json\/wp\/v2\/media\/11047"}],"wp:attachment":[{"href":"https:\/\/infomacrio.com.br\/index.php\/wp-json\/wp\/v2\/media?parent=7373"}],"wp:term":[{"taxonomy":"product_brand","embeddable":true,"href":"https:\/\/infomacrio.com.br\/index.php\/wp-json\/wp\/v2\/product_brand?post=7373"},{"taxonomy":"product_cat","embeddable":true,"href":"https:\/\/infomacrio.com.br\/index.php\/wp-json\/wp\/v2\/product_cat?post=7373"},{"taxonomy":"product_tag","embeddable":true,"href":"https:\/\/infomacrio.com.br\/index.php\/wp-json\/wp\/v2\/product_tag?post=7373"}],"curies":[{"name":"wp","href":"https:\/\/api.w.org\/{rel}","templated":true}]}}