{"id":7369,"date":"2022-11-18T17:43:36","date_gmt":"2022-11-18T20:43:36","guid":{"rendered":"https:\/\/infomacrio.com.br\/index.php\/produto\/conversor-de-midia-giga-lb-10km-2flex\/"},"modified":"2026-05-04T11:27:35","modified_gmt":"2026-05-04T14:27:35","slug":"conversor-de-midia-giga-lb-10km-2flex","status":"publish","type":"product","link":"https:\/\/infomacrio.com.br\/index.php\/produto\/conversor-de-midia-giga-lb-10km-2flex\/","title":{"rendered":"CONVERSOR DE MIDIA GIGA &#8211; LB &#8211; 10KM 2FLEX"},"content":{"rendered":"<p>O conversor de m\u00eddia giga \u00e9 projetado para converter fibra \u00f3ptica em rede 10\/100\/1000, ou vice-versa. O conversor foi idealizado para uso com cabo de fibra mono-modo e multi-modo. Devido a levar apenas um cabo de fibra para transmitir e receber dados economiza muito o custo. O conversor foi projetado sob IEEE 802.3u 10\/1000Base-TX e padr\u00f5es 100Base-FX.<\/p>\n<p>O conversor de m\u00eddia giga torna poss\u00edvel convers\u00e3o de m\u00eddia de rede para otimizar o custo de propriedade quando voc\u00ea estiver estendendo a rede de par tran\u00e7ado, atrav\u00e9s de um Backbone de fibra \u00f3ptica. \u00c9 projetado principalmente para grupos de trabalhos que exigem a expans\u00e3o da rede Ethernet e uma largura de banda maior.<\/p>\n","protected":false},"excerpt":{"rendered":"<p>CONVERSOR DE MIDIA GIGA &#8211; LB &#8211; 10KM 2FLEX<\/p>\n","protected":false},"featured_media":11049,"template":"","meta":{"om_disable_all_campaigns":false,"_monsterinsights_skip_tracking":false,"_monsterinsights_sitenote_active":false,"_monsterinsights_sitenote_note":"","_monsterinsights_sitenote_category":0},"product_brand":[],"product_cat":[353,301],"product_tag":[],"class_list":{"0":"post-7369","1":"product","2":"type-product","3":"status-publish","4":"has-post-thumbnail","6":"product_cat-conversor-de-midia","7":"product_cat-fibra-optica","8":"thunk-woo-product-list","9":"big-store-woo-hover-zoom","10":"open-single-product-tab-horizontal","11":"open-shadow-","12":"open-shadow-hover-","14":"first","15":"instock","16":"sale","17":"shipping-taxable","18":"purchasable","19":"product-type-simple"},"aioseo_notices":[],"_links":{"self":[{"href":"https:\/\/infomacrio.com.br\/index.php\/wp-json\/wp\/v2\/product\/7369","targetHints":{"allow":["GET"]}}],"collection":[{"href":"https:\/\/infomacrio.com.br\/index.php\/wp-json\/wp\/v2\/product"}],"about":[{"href":"https:\/\/infomacrio.com.br\/index.php\/wp-json\/wp\/v2\/types\/product"}],"wp:featuredmedia":[{"embeddable":true,"href":"https:\/\/infomacrio.com.br\/index.php\/wp-json\/wp\/v2\/media\/11049"}],"wp:attachment":[{"href":"https:\/\/infomacrio.com.br\/index.php\/wp-json\/wp\/v2\/media?parent=7369"}],"wp:term":[{"taxonomy":"product_brand","embeddable":true,"href":"https:\/\/infomacrio.com.br\/index.php\/wp-json\/wp\/v2\/product_brand?post=7369"},{"taxonomy":"product_cat","embeddable":true,"href":"https:\/\/infomacrio.com.br\/index.php\/wp-json\/wp\/v2\/product_cat?post=7369"},{"taxonomy":"product_tag","embeddable":true,"href":"https:\/\/infomacrio.com.br\/index.php\/wp-json\/wp\/v2\/product_tag?post=7369"}],"curies":[{"name":"wp","href":"https:\/\/api.w.org\/{rel}","templated":true}]}}