{"id":7331,"date":"2022-11-18T17:43:15","date_gmt":"2022-11-18T20:43:15","guid":{"rendered":"https:\/\/infomacrio.com.br\/index.php\/produto\/cx-som-hoopson-rbm-010-bluetooth-50w-rms\/"},"modified":"2025-07-15T13:05:49","modified_gmt":"2025-07-15T16:05:49","slug":"cx-som-hoopson-rbm-010-bluetooth-50w-rms","status":"publish","type":"product","link":"https:\/\/infomacrio.com.br\/index.php\/produto\/cx-som-hoopson-rbm-010-bluetooth-50w-rms\/","title":{"rendered":"CX SOM HOOPSON RBM-010 BLUETOOTH 50W RMS"},"content":{"rendered":"<p>Entradas: Aux,USB,SD,FM, Pot\u00eancia: 50W, Suporte para Smartphone, Alto falante: 4\u2033x1, Bluetooth (alcance 10m), Bateria: 800mAH, Dura\u00e7\u00e3o: Aprox. 3h., Alimenta\u00e7\u00e3o: USB 5V, Dimens\u00e3o:22X14X10,5cm, Ilumina\u00e7\u00e3o: LED<\/p>\n","protected":false},"excerpt":{"rendered":"<p>CX SOM HOOPSON RBM-010 BLUETOOTH 50W RMS<\/p>\n","protected":false},"featured_media":7330,"template":"","meta":{"om_disable_all_campaigns":false,"_monsterinsights_skip_tracking":false,"_monsterinsights_sitenote_active":false,"_monsterinsights_sitenote_note":"","_monsterinsights_sitenote_category":0},"product_brand":[],"product_cat":[337,296,336],"product_tag":[],"class_list":{"0":"post-7331","1":"product","2":"type-product","3":"status-publish","4":"has-post-thumbnail","6":"product_cat-caixa-de-som","7":"product_cat-informatica","8":"product_cat-som","9":"thunk-woo-product-list","10":"big-store-woo-hover-zoom","11":"open-single-product-tab-horizontal","12":"open-shadow-","13":"open-shadow-hover-","15":"first","16":"outofstock","17":"sale","18":"shipping-taxable","19":"purchasable","20":"product-type-simple"},"aioseo_notices":[],"_links":{"self":[{"href":"https:\/\/infomacrio.com.br\/index.php\/wp-json\/wp\/v2\/product\/7331","targetHints":{"allow":["GET"]}}],"collection":[{"href":"https:\/\/infomacrio.com.br\/index.php\/wp-json\/wp\/v2\/product"}],"about":[{"href":"https:\/\/infomacrio.com.br\/index.php\/wp-json\/wp\/v2\/types\/product"}],"wp:featuredmedia":[{"embeddable":true,"href":"https:\/\/infomacrio.com.br\/index.php\/wp-json\/wp\/v2\/media\/7330"}],"wp:attachment":[{"href":"https:\/\/infomacrio.com.br\/index.php\/wp-json\/wp\/v2\/media?parent=7331"}],"wp:term":[{"taxonomy":"product_brand","embeddable":true,"href":"https:\/\/infomacrio.com.br\/index.php\/wp-json\/wp\/v2\/product_brand?post=7331"},{"taxonomy":"product_cat","embeddable":true,"href":"https:\/\/infomacrio.com.br\/index.php\/wp-json\/wp\/v2\/product_cat?post=7331"},{"taxonomy":"product_tag","embeddable":true,"href":"https:\/\/infomacrio.com.br\/index.php\/wp-json\/wp\/v2\/product_tag?post=7331"}],"curies":[{"name":"wp","href":"https:\/\/api.w.org\/{rel}","templated":true}]}}