{"id":7294,"date":"2022-11-18T17:42:54","date_gmt":"2022-11-18T20:42:54","guid":{"rendered":"https:\/\/infomacrio.com.br\/index.php\/produto\/splitter-balanceado-1x8-sc-upc-2flex\/"},"modified":"2026-03-24T11:34:08","modified_gmt":"2026-03-24T14:34:08","slug":"splitter-balanceado-1x8-sc-upc-2flex","status":"publish","type":"product","link":"https:\/\/infomacrio.com.br\/index.php\/produto\/splitter-balanceado-1x8-sc-upc-2flex\/","title":{"rendered":"SPLITTER BALANCEADO 1&#215;8 SC-UPC"},"content":{"rendered":"<p>Splitter Balanceado conectorizado (PLC) \u00e9 um componente passivo utilizado para realizar a\u00a0divis\u00e3o do sinal \u00f3ptico em uma rede de distribui\u00e7\u00e3o PON. Ideal para atuar entre os comprimentos de onda de 1.260nm a 1.650nm sendo o mais comum 1310nm a 1490nm (ONU \/ OLT). Conta com fibras de baixa sensibilidade a curvatura (G.657A) e \u00e9 ideal para sistemas FTTH. Permite fazer uma r\u00e1pida instala\u00e7\u00e3o de assinantes, pois todas as extremidades vem conectorizadas, dispensando o uso de m\u00e1quina de fus\u00e3o.<\/p>\n","protected":false},"excerpt":{"rendered":"<p>SPLITTER BALANCEADO 1&#215;8 SC-UPC<\/p>\n","protected":false},"featured_media":7293,"template":"","meta":{"om_disable_all_campaigns":false,"_monsterinsights_skip_tracking":false,"_monsterinsights_sitenote_active":false,"_monsterinsights_sitenote_note":"","_monsterinsights_sitenote_category":0},"product_brand":[],"product_cat":[323,301,322],"product_tag":[],"class_list":{"0":"post-7294","1":"product","2":"type-product","3":"status-publish","4":"has-post-thumbnail","6":"product_cat-balanceado","7":"product_cat-fibra-optica","8":"product_cat-splitter-optico","9":"thunk-woo-product-list","10":"big-store-woo-hover-zoom","11":"open-single-product-tab-horizontal","12":"open-shadow-","13":"open-shadow-hover-","15":"first","16":"instock","17":"sale","18":"shipping-taxable","19":"purchasable","20":"product-type-simple"},"aioseo_notices":[],"_links":{"self":[{"href":"https:\/\/infomacrio.com.br\/index.php\/wp-json\/wp\/v2\/product\/7294","targetHints":{"allow":["GET"]}}],"collection":[{"href":"https:\/\/infomacrio.com.br\/index.php\/wp-json\/wp\/v2\/product"}],"about":[{"href":"https:\/\/infomacrio.com.br\/index.php\/wp-json\/wp\/v2\/types\/product"}],"wp:featuredmedia":[{"embeddable":true,"href":"https:\/\/infomacrio.com.br\/index.php\/wp-json\/wp\/v2\/media\/7293"}],"wp:attachment":[{"href":"https:\/\/infomacrio.com.br\/index.php\/wp-json\/wp\/v2\/media?parent=7294"}],"wp:term":[{"taxonomy":"product_brand","embeddable":true,"href":"https:\/\/infomacrio.com.br\/index.php\/wp-json\/wp\/v2\/product_brand?post=7294"},{"taxonomy":"product_cat","embeddable":true,"href":"https:\/\/infomacrio.com.br\/index.php\/wp-json\/wp\/v2\/product_cat?post=7294"},{"taxonomy":"product_tag","embeddable":true,"href":"https:\/\/infomacrio.com.br\/index.php\/wp-json\/wp\/v2\/product_tag?post=7294"}],"curies":[{"name":"wp","href":"https:\/\/api.w.org\/{rel}","templated":true}]}}