{"id":7241,"date":"2022-11-18T17:42:26","date_gmt":"2022-11-18T20:42:26","guid":{"rendered":"https:\/\/infomacrio.com.br\/index.php\/produto\/placa-de-rede-usb-10-100-adaptador\/"},"modified":"2026-01-14T10:59:51","modified_gmt":"2026-01-14T13:59:51","slug":"placa-de-rede-usb-10-100-adaptador","status":"publish","type":"product","link":"https:\/\/infomacrio.com.br\/index.php\/produto\/placa-de-rede-usb-10-100-adaptador\/","title":{"rendered":"PLACA DE REDE USB 10\/100 &#8211; ADAPTADOR"},"content":{"rendered":"<p>A placa de rede USB possibilita conex\u00e3o USB\/Rede Ethernet para dispositivos que n\u00e3o possuem placa de rede RJ\/45. Compat\u00edvel com Windows \u2013 Mac \u2013 Linux. Para voc\u00ea que teve algum problema em sua placa de rede ou a sa\u00edda RJ 45 do seu notebook ou PC, com este adaptador sua necessidade de conex\u00e3o est\u00e1 resolvida bastando apenas plugar e instalar o drive.<\/p>\n","protected":false},"excerpt":{"rendered":"<p>PLACA DE REDE USB 10\/100 &#8211; ADAPTADOR<\/p>\n","protected":false},"featured_media":11030,"template":"","meta":{"om_disable_all_campaigns":false,"_monsterinsights_skip_tracking":false,"_monsterinsights_sitenote_active":false,"_monsterinsights_sitenote_note":"","_monsterinsights_sitenote_category":0},"product_brand":[],"product_cat":[298,413],"product_tag":[],"class_list":{"0":"post-7241","1":"product","2":"type-product","3":"status-publish","4":"has-post-thumbnail","6":"product_cat-network","7":"product_cat-placa-de-rede","8":"thunk-woo-product-list","9":"big-store-woo-hover-zoom","10":"open-single-product-tab-horizontal","11":"open-shadow-","12":"open-shadow-hover-","14":"first","15":"instock","16":"sale","17":"shipping-taxable","18":"purchasable","19":"product-type-simple"},"aioseo_notices":[],"_links":{"self":[{"href":"https:\/\/infomacrio.com.br\/index.php\/wp-json\/wp\/v2\/product\/7241","targetHints":{"allow":["GET"]}}],"collection":[{"href":"https:\/\/infomacrio.com.br\/index.php\/wp-json\/wp\/v2\/product"}],"about":[{"href":"https:\/\/infomacrio.com.br\/index.php\/wp-json\/wp\/v2\/types\/product"}],"wp:featuredmedia":[{"embeddable":true,"href":"https:\/\/infomacrio.com.br\/index.php\/wp-json\/wp\/v2\/media\/11030"}],"wp:attachment":[{"href":"https:\/\/infomacrio.com.br\/index.php\/wp-json\/wp\/v2\/media?parent=7241"}],"wp:term":[{"taxonomy":"product_brand","embeddable":true,"href":"https:\/\/infomacrio.com.br\/index.php\/wp-json\/wp\/v2\/product_brand?post=7241"},{"taxonomy":"product_cat","embeddable":true,"href":"https:\/\/infomacrio.com.br\/index.php\/wp-json\/wp\/v2\/product_cat?post=7241"},{"taxonomy":"product_tag","embeddable":true,"href":"https:\/\/infomacrio.com.br\/index.php\/wp-json\/wp\/v2\/product_tag?post=7241"}],"curies":[{"name":"wp","href":"https:\/\/api.w.org\/{rel}","templated":true}]}}