{"id":7183,"date":"2022-11-18T17:41:51","date_gmt":"2022-11-18T20:41:51","guid":{"rendered":"https:\/\/infomacrio.com.br\/index.php\/produto\/mouse-c3tech-gamer-mg-12bk\/"},"modified":"2025-12-29T17:25:43","modified_gmt":"2025-12-29T20:25:43","slug":"mouse-c3tech-gamer-mg-12bk","status":"publish","type":"product","link":"https:\/\/infomacrio.com.br\/index.php\/produto\/mouse-c3tech-gamer-mg-12bk\/","title":{"rendered":"MOUSE C3TECH GAMER MG-12BK"},"content":{"rendered":"<p>O Mouse Gamer MG-12 possui alta tecnologia e design ergon\u00f4mico, proporcionando \u00f3tima pegada. Conta com 4 bot\u00f5es, sensor \u00f3ptico configur\u00e1vel de 800 ate 2400dpi e led interno multicolorido.<\/p>\n<p><strong>ESPECIFICA\u00c7\u00d5ES GERAIS:<\/strong><br \/>\nDimens\u00e3o: 125*67*40 mm<br \/>\nPeso: 105g<br \/>\nConex\u00e3o: USB 2.0 Gold<br \/>\nRaio de Comunica\u00e7\u00e3o Sem Fio: N\/A<br \/>\nTipo de Receptor Sem Fio: N\/A<br \/>\nDPI M\u00e1ximo: 2400<br \/>\nPossui Ajuste de DPI: Sim<br \/>\nOp\u00e7\u00f5es de DPI: 800\/1200\/1600\/2400<br \/>\nTipo de Sensor: \u00d3ptico<br \/>\nModelo de Sensor: 601 or 611<br \/>\nQtde Bot\u00f5es: 4<br \/>\nPossui Scroll: Sim<br \/>\nPossui Bot\u00e3o em Scroll: Sim<br \/>\nPossui Bot\u00e3o Lateral: Sim<br \/>\nPossui Ilumina\u00e7\u00e3o: Sim<br \/>\nTipo de Ilumina\u00e7\u00e3o: Multicores<br \/>\nComprimento de Cabo: 1,35m<br \/>\nRevestimento de Cabo: PVC<br \/>\nErgon\u00f4mico: Sim<br \/>\nAmbidestro: Sim<br \/>\nPlug and Play: Sim<br \/>\nCompatibilidade: Windows 7\/8\/10<\/p>\n<p><strong>CARACTER\u00cdSTICAS GAMING:<\/strong><br \/>\nPossui Software: N\u00e3o<br \/>\nPossui Macro: N\u00e3o<br \/>\nPossui Ilumina\u00e7\u00e3o: Sim<br \/>\nTipo de Ilumina\u00e7\u00e3o: Multicores<br \/>\nAcelera\u00e7\u00e3o: 8G<br \/>\nTaxa de Frequ\u00eancia (Polling Rate): 250Hz<br \/>\nTempo de Resposta: 1ms<\/p>\n<p><strong>CARACTER\u00cdSTICAS EL\u00c9TRICAS:<\/strong><br \/>\nTens\u00e3o de Opera\u00e7\u00e3o: DC 5V<br \/>\nCorrente de Opera\u00e7\u00e3o: 60mA<br \/>\nAlimenta\u00e7\u00e3o: USB<\/p>\n<p><strong>CARACTER\u00cdSTICAS MEC\u00c2NICAS E DURABILIDADE:<\/strong><br \/>\nFor\u00e7a de Acionamento &#8211; Bot\u00f5es Principais: 70 \u00b1 20gf<br \/>\nFor\u00e7a de Acionamento &#8211; Bot\u00f5es Laterais: 70 \u00b1 20gf<br \/>\nFor\u00e7a de Acionamento &#8211; Bot\u00e3o Scroll: 70 \u00b1 20gf<br \/>\nFor\u00e7a de Acionamento &#8211; Scroll: 30 \u00b1 10gf<br \/>\nTempo de Vida &#8211; Bot\u00f5es Principais: 3 milh\u00f5es de cliques<br \/>\nTempo de Vida &#8211; Bot\u00e3o Scroll: 3 milh\u00f5es de cliques<br \/>\nTempo de Vida &#8211; Scroll: 100 mil voltas<br \/>\nTemperatura Ambiente para Opera\u00e7\u00e3o: -5\u00b0C a 40\u00b0C<br \/>\nUmidade Ambiente para Opera\u00e7\u00e3o: 20% a 90% RH<\/p>\n","protected":false},"excerpt":{"rendered":"<p>MOUSE C3TECH GAMER MG-12BK<\/p>\n","protected":false},"featured_media":10998,"template":"","meta":{"om_disable_all_campaigns":false,"_monsterinsights_skip_tracking":false,"_monsterinsights_sitenote_active":false,"_monsterinsights_sitenote_note":"","_monsterinsights_sitenote_category":0},"product_brand":[],"product_cat":[296,393,384],"product_tag":[],"class_list":{"0":"post-7183","1":"product","2":"type-product","3":"status-publish","4":"has-post-thumbnail","6":"product_cat-informatica","7":"product_cat-mouse","8":"product_cat-perifericos","9":"thunk-woo-product-list","10":"big-store-woo-hover-zoom","11":"open-single-product-tab-horizontal","12":"open-shadow-","13":"open-shadow-hover-","15":"first","16":"instock","17":"sale","18":"shipping-taxable","19":"purchasable","20":"product-type-simple"},"aioseo_notices":[],"_links":{"self":[{"href":"https:\/\/infomacrio.com.br\/index.php\/wp-json\/wp\/v2\/product\/7183","targetHints":{"allow":["GET"]}}],"collection":[{"href":"https:\/\/infomacrio.com.br\/index.php\/wp-json\/wp\/v2\/product"}],"about":[{"href":"https:\/\/infomacrio.com.br\/index.php\/wp-json\/wp\/v2\/types\/product"}],"wp:featuredmedia":[{"embeddable":true,"href":"https:\/\/infomacrio.com.br\/index.php\/wp-json\/wp\/v2\/media\/10998"}],"wp:attachment":[{"href":"https:\/\/infomacrio.com.br\/index.php\/wp-json\/wp\/v2\/media?parent=7183"}],"wp:term":[{"taxonomy":"product_brand","embeddable":true,"href":"https:\/\/infomacrio.com.br\/index.php\/wp-json\/wp\/v2\/product_brand?post=7183"},{"taxonomy":"product_cat","embeddable":true,"href":"https:\/\/infomacrio.com.br\/index.php\/wp-json\/wp\/v2\/product_cat?post=7183"},{"taxonomy":"product_tag","embeddable":true,"href":"https:\/\/infomacrio.com.br\/index.php\/wp-json\/wp\/v2\/product_tag?post=7183"}],"curies":[{"name":"wp","href":"https:\/\/api.w.org\/{rel}","templated":true}]}}