{"id":7179,"date":"2022-11-18T17:41:49","date_gmt":"2022-11-18T20:41:49","guid":{"rendered":"https:\/\/infomacrio.com.br\/index.php\/produto\/mouse-c3tech-gamer-prism-mg-340bk-6400dpi\/"},"modified":"2026-03-17T17:53:21","modified_gmt":"2026-03-17T20:53:21","slug":"mouse-c3tech-gamer-prism-mg-340bk-6400dpi","status":"publish","type":"product","link":"https:\/\/infomacrio.com.br\/index.php\/produto\/mouse-c3tech-gamer-prism-mg-340bk-6400dpi\/","title":{"rendered":"MOUSE C3TECH GAMER PRISM MG-340BK 6400DPI"},"content":{"rendered":"<p>O mouse Prism C3Tech Gaming \u00e9 ideal para os jogadores mais exigentes. Seus leds foram inclu\u00eddos em pontos estrat\u00e9gicos para oferecer uma experi\u00eancia inexplic\u00e1vel. Tamb\u00e9m conhecido como MG-340 o mouse conta com modelo ergon\u00f4mico proporcionando encaixe natural em v\u00e1rios tamanhos de m\u00e3os, para horas de conforto. Al\u00e9m disso, gra\u00e7as a precis\u00e3o a cada toque, ele \u00e9 perfeito para muitas superf\u00edcies. Possui sensor de 6400 DPI, 6 bot\u00f5es de configura\u00e7\u00e3o e fun\u00e7\u00f5es macro.<\/p>\n<p>ESPECIFICA\u00c7\u00d5ES GERAIS<br \/>\nDimens\u00e3o: 125*62*39mm<br \/>\nPeso:130g<br \/>\nConex\u00e3o: USB 2.0<br \/>\nDPI M\u00e1ximo: 6.400<br \/>\nPossui Ajuste de DPI: Sim<br \/>\nOp\u00e7\u00f5es de DPI: 1000-2400-3200-4800-6400<br \/>\nTipo de Sensor: \u00d3ptico<br \/>\nModelo de Sensor:<br \/>\nQtde Bot\u00f5es: 6<br \/>\nPossui Scroll: Sim<br \/>\nPossui Bot\u00e3o em Scroll: Sim<br \/>\nPossui Bot\u00e3o Lateral: Sim<br \/>\nPossui Ilumina\u00e7\u00e3o: Sim<br \/>\nTipo de Ilumina\u00e7\u00e3o: Multicores<br \/>\nComprimento de Cabo: 145+5cm<br \/>\nRevestimento de Cabo: Nylon<br \/>\nErgon\u00f4mico: Sim<br \/>\nAmbidestro: N\u00e3o<br \/>\nPlug and Play: Sim<br \/>\nCompatibilidade: Windows 7\/8\/10<\/p>\n<p>CARACTER\u00cdSTICAS GAMING<br \/>\nPossui Software: Sim<br \/>\nPossui Macro: Sim<br \/>\nPossui Ilumina\u00e7\u00e3o: Sim<br \/>\nTipo de Ilumina\u00e7\u00e3o: Multicores<br \/>\nAcelera\u00e7\u00e3o:<br \/>\nTaxa de Frequ\u00eancia (Polling Rate):<br \/>\nTempo de Resposta:<\/p>\n<p>CARACTER\u00cdSTICAS EL\u00c9TRICAS<br \/>\nTens\u00e3o de Opera\u00e7\u00e3o: DC 5V<br \/>\nCorrente de Opera\u00e7\u00e3o: 60mA<br \/>\nAlimenta\u00e7\u00e3o: USB<\/p>\n<p>CARACTER\u00cdSTICAS MEC\u00c2NICAS E DURABILIDADE<br \/>\nFor\u00e7a de Acionamento &#8211; Bot\u00f5es Principais:<br \/>\nFor\u00e7a de Acionamento &#8211; Bot\u00f5es Laterais:<br \/>\nFor\u00e7a de Acionamento &#8211; Bot\u00e3o Scroll:<br \/>\nFor\u00e7a de Acionamento &#8211; Scroll:<br \/>\nTempo de Vida &#8211; Bot\u00f5es Principais: 100 milh\u00f5es de cliques<br \/>\nTempo de Vida &#8211; Bot\u00f5es Laterais:<br \/>\nTempo de Vida &#8211; Bot\u00e3o Scroll: 100 milh\u00f5es de cliques<br \/>\nTempo de Vida &#8211; Scroll: 100 mil voltas<br \/>\nTemperatura Ambiente para Opera\u00e7\u00e3o:<br \/>\nUmidade Ambiente para Opera\u00e7\u00e3o:<\/p>\n","protected":false},"excerpt":{"rendered":"<p>MOUSE C3TECH GAMER PRISM MG-340BK 6400DPI<\/p>\n","protected":false},"featured_media":7178,"template":"","meta":{"om_disable_all_campaigns":false,"_monsterinsights_skip_tracking":false,"_monsterinsights_sitenote_active":false,"_monsterinsights_sitenote_note":"","_monsterinsights_sitenote_category":0},"product_brand":[],"product_cat":[296,393,384],"product_tag":[],"class_list":{"0":"post-7179","1":"product","2":"type-product","3":"status-publish","4":"has-post-thumbnail","6":"product_cat-informatica","7":"product_cat-mouse","8":"product_cat-perifericos","9":"thunk-woo-product-list","10":"big-store-woo-hover-zoom","11":"open-single-product-tab-horizontal","12":"open-shadow-","13":"open-shadow-hover-","15":"first","16":"instock","17":"sale","18":"shipping-taxable","19":"purchasable","20":"product-type-simple"},"aioseo_notices":[],"_links":{"self":[{"href":"https:\/\/infomacrio.com.br\/index.php\/wp-json\/wp\/v2\/product\/7179","targetHints":{"allow":["GET"]}}],"collection":[{"href":"https:\/\/infomacrio.com.br\/index.php\/wp-json\/wp\/v2\/product"}],"about":[{"href":"https:\/\/infomacrio.com.br\/index.php\/wp-json\/wp\/v2\/types\/product"}],"wp:featuredmedia":[{"embeddable":true,"href":"https:\/\/infomacrio.com.br\/index.php\/wp-json\/wp\/v2\/media\/7178"}],"wp:attachment":[{"href":"https:\/\/infomacrio.com.br\/index.php\/wp-json\/wp\/v2\/media?parent=7179"}],"wp:term":[{"taxonomy":"product_brand","embeddable":true,"href":"https:\/\/infomacrio.com.br\/index.php\/wp-json\/wp\/v2\/product_brand?post=7179"},{"taxonomy":"product_cat","embeddable":true,"href":"https:\/\/infomacrio.com.br\/index.php\/wp-json\/wp\/v2\/product_cat?post=7179"},{"taxonomy":"product_tag","embeddable":true,"href":"https:\/\/infomacrio.com.br\/index.php\/wp-json\/wp\/v2\/product_tag?post=7179"}],"curies":[{"name":"wp","href":"https:\/\/api.w.org\/{rel}","templated":true}]}}