{"id":7052,"date":"2022-11-18T17:40:43","date_gmt":"2022-11-18T20:40:43","guid":{"rendered":"https:\/\/infomacrio.com.br\/index.php\/produto\/kit-teclado-e-mouse-sem-fio-c3tech-k-w10\/"},"modified":"2025-07-14T16:10:21","modified_gmt":"2025-07-14T19:10:21","slug":"kit-teclado-e-mouse-sem-fio-c3tech-k-w10","status":"publish","type":"product","link":"https:\/\/infomacrio.com.br\/index.php\/produto\/kit-teclado-e-mouse-sem-fio-c3tech-k-w10\/","title":{"rendered":"KIT TECLADO E MOUSE SEM FIO C3TECH K-W10"},"content":{"rendered":"<p>Voc\u00ea vai adorar a praticidade de trabalhar sem fios! Elimine os fios da sua mesa e trabalhe com mais conforto com o KIT K-W10. Teclado multim\u00eddia com 8 teclas de fun\u00e7\u00f5es, layout ABNT 2 (PT\/BR), sistema anti-respingo e regulagem de altura. Mouse \u00f3ptico com resolu\u00e7\u00f5es ajust\u00e1veis de DPI (500\/800\/1000) atrav\u00e9s de bot\u00e3o.<\/p>\n<p>Especifica\u00e7\u00f5es:<\/p>\n<p>&#8211; Combo de Teclado e Mouse<\/p>\n<p>&#8211; Raio de opera\u00e7\u00e3o de at\u00e9 10m<\/p>\n<p>&#8211; Modo de opera\u00e7\u00e3o em 2.4GHz (bidirecional)<\/p>\n<p>&#8211; Conex\u00e3o Free Smart Link<\/p>\n<p>&#8211; Comunica\u00e7\u00e3o BiDirecional<\/p>\n<p>&#8211; Micro Receptor Nano<\/p>\n<p>&#8211; Interface: USB<\/p>\n<p>&#8211; Plug and Play<\/p>\n<p>&#8211; Sistema inteligente de gerenciamento de energia<\/p>\n<p>&#8211; Alta economia das pilhas.<\/p>\n<p>&#8211; Resistente a pequenos derramamentos de l\u00edquidos<\/p>\n<p>&#8211; Material de alta durabilidade, resistente a impactos e arranh\u00f5es<\/p>\n<p>&nbsp;<\/p>\n<p>Teclado:<\/p>\n<p>&#8211; Layout das teclas ABNT 2<\/p>\n<p>&#8211; Teclas de alta qualidade<\/p>\n<p>&#8211; Resistente a pequenos derramamentos de l\u00edquidos<\/p>\n<p>&#8211; Tipo: Membrana<\/p>\n<p>&#8211; N\u00fameros de teclas: 107<\/p>\n<p>&#8211; Teclas de Atalhos: 8<\/p>\n<p>&#8211; Teclas Multim\u00eddias: Reproduzir e Pausar \/ Parar \/ Faixa Anterior \/ Pr\u00f3xima Faixa \/ Aumentar Volume \/ Diminuir Volume \/ Mudo \/ P\u00e1gina Inicial<\/p>\n<p>&#8211; Serigrafia das teclas: Silk<\/p>\n<p>&#8211; 1x Pilha AA<\/p>\n<p>&#8211; Durabilidade da tecla: 80 milh\u00f5es de acionamentos<\/p>\n<p>&nbsp;<\/p>\n<p>Mouse:<\/p>\n<p>&#8211; Bot\u00f5es: 4<\/p>\n<p>&#8211; Sensor \u00d3ptico<\/p>\n<p>&#8211; Resolu\u00e7\u00f5es: 500\/800\/1000 DPI<\/p>\n<p>&#8211; Designer ergon\u00f4mico<\/p>\n<p>&#8211; Estrutura resistente<\/p>\n<p>&#8211; 2x Pilhas AAA<\/p>\n<p>&#8211; Milh\u00f5es de cliques<\/p>\n<p>&nbsp;<\/p>\n<p>Alimenta\u00e7\u00e3o:<\/p>\n<p>&#8211; Conex\u00e3o: USB<\/p>\n<p>&#8211; Voltagem: 5V DC<\/p>\n<p>&#8211; Corrente: 200mA<\/p>\n<p>&#8211; Consumo: 1 watts<\/p>\n<p>&#8211; Temperatura de Trabalho: 5 \u00e0 50 graus<\/p>\n<p>&#8211; Umidade m\u00e1xima de opera\u00e7\u00e3o: 10% ~ 85% RH 25 graus<\/p>\n","protected":false},"excerpt":{"rendered":"<p>KIT TECLADO E MOUSE SEM FIO C3TECH K-W10<\/p>\n","protected":false},"featured_media":7051,"template":"","meta":{"om_disable_all_campaigns":false,"_monsterinsights_skip_tracking":false,"_monsterinsights_sitenote_active":false,"_monsterinsights_sitenote_note":"","_monsterinsights_sitenote_category":0},"product_brand":[],"product_cat":[296,387,384],"product_tag":[],"class_list":{"0":"post-7052","1":"product","2":"type-product","3":"status-publish","4":"has-post-thumbnail","6":"product_cat-informatica","7":"product_cat-kit-teclado-e-mouse","8":"product_cat-perifericos","9":"thunk-woo-product-list","10":"big-store-woo-hover-zoom","11":"open-single-product-tab-horizontal","12":"open-shadow-","13":"open-shadow-hover-","15":"first","16":"outofstock","17":"sale","18":"shipping-taxable","19":"purchasable","20":"product-type-simple"},"aioseo_notices":[],"_links":{"self":[{"href":"https:\/\/infomacrio.com.br\/index.php\/wp-json\/wp\/v2\/product\/7052","targetHints":{"allow":["GET"]}}],"collection":[{"href":"https:\/\/infomacrio.com.br\/index.php\/wp-json\/wp\/v2\/product"}],"about":[{"href":"https:\/\/infomacrio.com.br\/index.php\/wp-json\/wp\/v2\/types\/product"}],"wp:featuredmedia":[{"embeddable":true,"href":"https:\/\/infomacrio.com.br\/index.php\/wp-json\/wp\/v2\/media\/7051"}],"wp:attachment":[{"href":"https:\/\/infomacrio.com.br\/index.php\/wp-json\/wp\/v2\/media?parent=7052"}],"wp:term":[{"taxonomy":"product_brand","embeddable":true,"href":"https:\/\/infomacrio.com.br\/index.php\/wp-json\/wp\/v2\/product_brand?post=7052"},{"taxonomy":"product_cat","embeddable":true,"href":"https:\/\/infomacrio.com.br\/index.php\/wp-json\/wp\/v2\/product_cat?post=7052"},{"taxonomy":"product_tag","embeddable":true,"href":"https:\/\/infomacrio.com.br\/index.php\/wp-json\/wp\/v2\/product_tag?post=7052"}],"curies":[{"name":"wp","href":"https:\/\/api.w.org\/{rel}","templated":true}]}}