{"id":7028,"date":"2022-11-18T17:40:29","date_gmt":"2022-11-18T20:40:29","guid":{"rendered":"https:\/\/infomacrio.com.br\/index.php\/produto\/mouse-logitech-wireless-m170\/"},"modified":"2026-04-07T17:01:12","modified_gmt":"2026-04-07T20:01:12","slug":"mouse-logitech-wireless-m170","status":"publish","type":"product","link":"https:\/\/infomacrio.com.br\/index.php\/produto\/mouse-logitech-wireless-m170\/","title":{"rendered":"MOUSE LOGITECH SEM FIO M170 PRETO"},"content":{"rendered":"<p>O Logitech M170 \u00e9 um mouse sem fio de tamanho padr\u00e3o com um design arredondado e ambidestro que segue a curva natural das m\u00e3os de m\u00e9dio a grande porte. Conforto durante todo o dia, gra\u00e7as \u00e0 superf\u00edcie arredondada do mouse para apoio da palma da m\u00e3o e bot\u00f5es c\u00f4ncavos moldados para o posicionamento ideal dos dedos. Trabalhe sem fios e movimente-se livremente a uma dist\u00e2ncia de at\u00e9 10 metros*, praticamente sem atrasos ou interfer\u00eancias. O design sem fios evita bagun\u00e7a na sua mesa, e a durabilidade de 18 meses de vida \u00fatil da pilha permite que voc\u00ea trabalhe sem preocupa\u00e7\u00f5es, gra\u00e7as ao modo de economia de energia que \u00e9 ativado automaticamente quando o mouse n\u00e3o est\u00e1 em uso. Conte com uma navega\u00e7\u00e3o de qualidade com rastreamento de precis\u00e3o e rolagem linha por linha precisa, tudo a um pre\u00e7o acess\u00edvel. *O alcance do sistema sem fio e a dura\u00e7\u00e3o de uma bateria variam, dependendo do usu\u00e1rio, das condi\u00e7\u00f5es de computa\u00e7\u00e3o e do ambiente.<\/p>\n","protected":false},"excerpt":{"rendered":"<p>MOUSE LOGITECH SEM FIO M170 PRETO<\/p>\n","protected":false},"featured_media":10915,"template":"","meta":{"om_disable_all_campaigns":false,"_monsterinsights_skip_tracking":false,"_monsterinsights_sitenote_active":false,"_monsterinsights_sitenote_note":"","_monsterinsights_sitenote_category":0},"product_brand":[],"product_cat":[296,393,384],"product_tag":[],"class_list":{"0":"post-7028","1":"product","2":"type-product","3":"status-publish","4":"has-post-thumbnail","6":"product_cat-informatica","7":"product_cat-mouse","8":"product_cat-perifericos","9":"thunk-woo-product-list","10":"big-store-woo-hover-zoom","11":"open-single-product-tab-horizontal","12":"open-shadow-","13":"open-shadow-hover-","15":"first","16":"instock","17":"sale","18":"shipping-taxable","19":"purchasable","20":"product-type-simple"},"aioseo_notices":[],"_links":{"self":[{"href":"https:\/\/infomacrio.com.br\/index.php\/wp-json\/wp\/v2\/product\/7028","targetHints":{"allow":["GET"]}}],"collection":[{"href":"https:\/\/infomacrio.com.br\/index.php\/wp-json\/wp\/v2\/product"}],"about":[{"href":"https:\/\/infomacrio.com.br\/index.php\/wp-json\/wp\/v2\/types\/product"}],"wp:featuredmedia":[{"embeddable":true,"href":"https:\/\/infomacrio.com.br\/index.php\/wp-json\/wp\/v2\/media\/10915"}],"wp:attachment":[{"href":"https:\/\/infomacrio.com.br\/index.php\/wp-json\/wp\/v2\/media?parent=7028"}],"wp:term":[{"taxonomy":"product_brand","embeddable":true,"href":"https:\/\/infomacrio.com.br\/index.php\/wp-json\/wp\/v2\/product_brand?post=7028"},{"taxonomy":"product_cat","embeddable":true,"href":"https:\/\/infomacrio.com.br\/index.php\/wp-json\/wp\/v2\/product_cat?post=7028"},{"taxonomy":"product_tag","embeddable":true,"href":"https:\/\/infomacrio.com.br\/index.php\/wp-json\/wp\/v2\/product_tag?post=7028"}],"curies":[{"name":"wp","href":"https:\/\/api.w.org\/{rel}","templated":true}]}}