{"id":7015,"date":"2022-11-18T17:40:19","date_gmt":"2022-11-18T20:40:19","guid":{"rendered":"https:\/\/infomacrio.com.br\/index.php\/produto\/nobreak-apc-600va-115v\/"},"modified":"2025-07-11T12:21:21","modified_gmt":"2025-07-11T15:21:21","slug":"nobreak-apc-600va-115v","status":"publish","type":"product","link":"https:\/\/infomacrio.com.br\/index.php\/produto\/nobreak-apc-600va-115v\/","title":{"rendered":"NOBREAK APC 600VA 115V"},"content":{"rendered":"<p>Os Back-UPS\u00ae BR fornecem autonomia para que voc\u00ea continue trabalhando durante quedas de energia de curta e m\u00e9dia dura\u00e7\u00e3o. Eles tamb\u00e9m protegem seus equipamentos contra surtos e picos, al\u00e9m de protegerem contra sobrecarga, curto-circuito, subtens\u00f5es e sobretens\u00f5es.<\/p>\n","protected":false},"excerpt":{"rendered":"<p>NOBREAK APC 600VA 115V<\/p>\n","protected":false},"featured_media":7014,"template":"","meta":{"om_disable_all_campaigns":false,"_monsterinsights_skip_tracking":false,"_monsterinsights_sitenote_active":false,"_monsterinsights_sitenote_note":"","_monsterinsights_sitenote_category":0},"product_brand":[],"product_cat":[324,395],"product_tag":[],"class_list":{"0":"post-7015","1":"product","2":"type-product","3":"status-publish","4":"has-post-thumbnail","6":"product_cat-energia","7":"product_cat-nobreak","8":"thunk-woo-product-list","9":"big-store-woo-hover-zoom","10":"open-single-product-tab-horizontal","11":"open-shadow-","12":"open-shadow-hover-","14":"first","15":"outofstock","16":"sale","17":"shipping-taxable","18":"purchasable","19":"product-type-simple"},"aioseo_notices":[],"_links":{"self":[{"href":"https:\/\/infomacrio.com.br\/index.php\/wp-json\/wp\/v2\/product\/7015","targetHints":{"allow":["GET"]}}],"collection":[{"href":"https:\/\/infomacrio.com.br\/index.php\/wp-json\/wp\/v2\/product"}],"about":[{"href":"https:\/\/infomacrio.com.br\/index.php\/wp-json\/wp\/v2\/types\/product"}],"wp:featuredmedia":[{"embeddable":true,"href":"https:\/\/infomacrio.com.br\/index.php\/wp-json\/wp\/v2\/media\/7014"}],"wp:attachment":[{"href":"https:\/\/infomacrio.com.br\/index.php\/wp-json\/wp\/v2\/media?parent=7015"}],"wp:term":[{"taxonomy":"product_brand","embeddable":true,"href":"https:\/\/infomacrio.com.br\/index.php\/wp-json\/wp\/v2\/product_brand?post=7015"},{"taxonomy":"product_cat","embeddable":true,"href":"https:\/\/infomacrio.com.br\/index.php\/wp-json\/wp\/v2\/product_cat?post=7015"},{"taxonomy":"product_tag","embeddable":true,"href":"https:\/\/infomacrio.com.br\/index.php\/wp-json\/wp\/v2\/product_tag?post=7015"}],"curies":[{"name":"wp","href":"https:\/\/api.w.org\/{rel}","templated":true}]}}