{"id":7013,"date":"2022-11-18T17:40:17","date_gmt":"2022-11-18T20:40:17","guid":{"rendered":"https:\/\/infomacrio.com.br\/index.php\/produto\/nobreak-intelbras-600va-xnb-115v\/"},"modified":"2026-03-24T15:58:19","modified_gmt":"2026-03-24T18:58:19","slug":"nobreak-intelbras-600va-xnb-115v","status":"publish","type":"product","link":"https:\/\/infomacrio.com.br\/index.php\/produto\/nobreak-intelbras-600va-xnb-115v\/","title":{"rendered":"NOBREAK INTELBRAS 600VA XNB 120V"},"content":{"rendered":"<p>Os Nobreaks Interativos Intelbras oferecem prote\u00e7\u00e3o e autonomia para equipamentos eletr\u00f4nicos. De f\u00e1cil instala\u00e7\u00e3o, eles s\u00e3o ideais para utiliza\u00e7\u00e3o junto a modens, roteadores, TVs, Home Theaters, Video Games, equipamentos de Pdv e c\u00e2meras de seguran\u00e7a. Al\u00e9m de proteger os equipamentos de oscila\u00e7\u00f5es da rede el\u00e9trica, eles possuem baterias extras para prolongar a utiliza\u00e7\u00e3o dos itens conectados, em caso de queda no fornecimento de energia, garantindo mais tranquilidade e seguran\u00e7a para o usu\u00e1rio. Antes de utilizar os Nobreaks Intelbras, verifique se o modelo \u00e9 adequado \u00e0 sua aplica\u00e7\u00e3o;<\/p>\n<p>. Equipamentos sempre funcionando<\/p>\n<p>Com o nobreak XNB 600, voc\u00ea mant\u00e9m seus equipamentos sempre funcionando, como: gravadores de v\u00eddeo (DVR), central telef\u00f4nica, roteador, computador, impressora, telefone, console de jogos, m\u00e1quina de cart\u00e3o de cr\u00e9dito, instrumentos musicais e equipamentos de som;<\/p>\n<p>. Sinaliza\u00e7\u00e3o de status para n\u00e3o deixar d\u00favidas<\/p>\n<p>Para facilitar a visualiza\u00e7\u00e3o do status de funcionamento do nobreak e da rede el\u00e9trica, o XNB 600 possui sinaliza\u00e7\u00f5es visuais, atrav\u00e9s de LEDs indicativos (vermelho, amarelo e verde), e sinaliza\u00e7\u00f5es sonoras.<\/p>\n<p>. Mais tomadas, mais dispositivos;<\/p>\n<p>O XNB 600 possui 600 VA de pot\u00eancia e quatro tomadas para conectar e alimentar seus equipamentos.<\/p>\n","protected":false},"excerpt":{"rendered":"<p>NOBREAK INTELBRAS 600VA XNB 120V<\/p>\n","protected":false},"featured_media":7011,"template":"","meta":{"om_disable_all_campaigns":false,"_monsterinsights_skip_tracking":false,"_monsterinsights_sitenote_active":false,"_monsterinsights_sitenote_note":"","_monsterinsights_sitenote_category":0},"product_brand":[],"product_cat":[324,395],"product_tag":[],"class_list":{"0":"post-7013","1":"product","2":"type-product","3":"status-publish","4":"has-post-thumbnail","6":"product_cat-energia","7":"product_cat-nobreak","8":"thunk-woo-product-list","9":"big-store-woo-hover-zoom","10":"open-single-product-tab-horizontal","11":"open-shadow-","12":"open-shadow-hover-","14":"first","15":"instock","16":"sale","17":"shipping-taxable","18":"purchasable","19":"product-type-simple"},"aioseo_notices":[],"_links":{"self":[{"href":"https:\/\/infomacrio.com.br\/index.php\/wp-json\/wp\/v2\/product\/7013","targetHints":{"allow":["GET"]}}],"collection":[{"href":"https:\/\/infomacrio.com.br\/index.php\/wp-json\/wp\/v2\/product"}],"about":[{"href":"https:\/\/infomacrio.com.br\/index.php\/wp-json\/wp\/v2\/types\/product"}],"wp:featuredmedia":[{"embeddable":true,"href":"https:\/\/infomacrio.com.br\/index.php\/wp-json\/wp\/v2\/media\/7011"}],"wp:attachment":[{"href":"https:\/\/infomacrio.com.br\/index.php\/wp-json\/wp\/v2\/media?parent=7013"}],"wp:term":[{"taxonomy":"product_brand","embeddable":true,"href":"https:\/\/infomacrio.com.br\/index.php\/wp-json\/wp\/v2\/product_brand?post=7013"},{"taxonomy":"product_cat","embeddable":true,"href":"https:\/\/infomacrio.com.br\/index.php\/wp-json\/wp\/v2\/product_cat?post=7013"},{"taxonomy":"product_tag","embeddable":true,"href":"https:\/\/infomacrio.com.br\/index.php\/wp-json\/wp\/v2\/product_tag?post=7013"}],"curies":[{"name":"wp","href":"https:\/\/api.w.org\/{rel}","templated":true}]}}