{"id":6975,"date":"2022-11-18T17:39:55","date_gmt":"2022-11-18T20:39:55","guid":{"rendered":"https:\/\/infomacrio.com.br\/index.php\/produto\/teclado-hp-k200-usb-com-fio\/"},"modified":"2025-07-30T14:16:56","modified_gmt":"2025-07-30T17:16:56","slug":"teclado-hp-k200-usb-com-fio","status":"publish","type":"product","link":"https:\/\/infomacrio.com.br\/index.php\/produto\/teclado-hp-k200-usb-com-fio\/","title":{"rendered":"TECLADO HP K200 USB COM FIO"},"content":{"rendered":"<p>O teclado HP K200 possui um design compacto que traz eleg\u00e2ncia em sua mesa, voltado para as pessoas que procuram a qualidade HP em sua casa ou em seu escrit\u00f3rio. Este teclado foi criado pensando na durabilidade, constru\u00eddo em material de alta qualidade, possui tamb\u00e9m resist\u00eancia a derramamentos de l\u00edquidos, prolongando a durabilidade. O HP K200 traz teclas macias ultra silenciosas que criam um ambiente sem ru\u00eddos ainda mais confort\u00e1vel, combinado com tudo isso sua vida \u00fatil ultrapassa os 10 milh\u00f5es de toques. Equipado com a tecnologia plug n play, basta conectar o USB para come\u00e7ar a utiliz\u00e1-lo, descartando a necessidade de drivers pr\u00e9-instalados.<\/p>\n","protected":false},"excerpt":{"rendered":"<p>TECLADO HP K200 USB COM FIO<\/p>\n","protected":false},"featured_media":6974,"template":"","meta":{"om_disable_all_campaigns":false,"_monsterinsights_skip_tracking":false,"_monsterinsights_sitenote_active":false,"_monsterinsights_sitenote_note":"","_monsterinsights_sitenote_category":0},"product_brand":[],"product_cat":[296,384,427],"product_tag":[],"class_list":{"0":"post-6975","1":"product","2":"type-product","3":"status-publish","4":"has-post-thumbnail","6":"product_cat-informatica","7":"product_cat-perifericos","8":"product_cat-teclado","9":"thunk-woo-product-list","10":"big-store-woo-hover-zoom","11":"open-single-product-tab-horizontal","12":"open-shadow-","13":"open-shadow-hover-","15":"first","16":"outofstock","17":"sale","18":"shipping-taxable","19":"purchasable","20":"product-type-simple"},"aioseo_notices":[],"_links":{"self":[{"href":"https:\/\/infomacrio.com.br\/index.php\/wp-json\/wp\/v2\/product\/6975","targetHints":{"allow":["GET"]}}],"collection":[{"href":"https:\/\/infomacrio.com.br\/index.php\/wp-json\/wp\/v2\/product"}],"about":[{"href":"https:\/\/infomacrio.com.br\/index.php\/wp-json\/wp\/v2\/types\/product"}],"wp:featuredmedia":[{"embeddable":true,"href":"https:\/\/infomacrio.com.br\/index.php\/wp-json\/wp\/v2\/media\/6974"}],"wp:attachment":[{"href":"https:\/\/infomacrio.com.br\/index.php\/wp-json\/wp\/v2\/media?parent=6975"}],"wp:term":[{"taxonomy":"product_brand","embeddable":true,"href":"https:\/\/infomacrio.com.br\/index.php\/wp-json\/wp\/v2\/product_brand?post=6975"},{"taxonomy":"product_cat","embeddable":true,"href":"https:\/\/infomacrio.com.br\/index.php\/wp-json\/wp\/v2\/product_cat?post=6975"},{"taxonomy":"product_tag","embeddable":true,"href":"https:\/\/infomacrio.com.br\/index.php\/wp-json\/wp\/v2\/product_tag?post=6975"}],"curies":[{"name":"wp","href":"https:\/\/api.w.org\/{rel}","templated":true}]}}