{"id":6973,"date":"2022-11-18T17:39:54","date_gmt":"2022-11-18T20:39:54","guid":{"rendered":"https:\/\/infomacrio.com.br\/index.php\/produto\/teclado-hp-usb-100-com-fio\/"},"modified":"2025-07-30T14:19:27","modified_gmt":"2025-07-30T17:19:27","slug":"teclado-hp-usb-100-com-fio","status":"publish","type":"product","link":"https:\/\/infomacrio.com.br\/index.php\/produto\/teclado-hp-usb-100-com-fio\/","title":{"rendered":"TECLADO HP USB 100 COM FIO"},"content":{"rendered":"<p>O Teclado HP 100 \u00e9 ideal pra voc\u00ea que procura um produto com durabilidade e qualidade. Seu design foi projetado de maneira ergon\u00f4mica para ter contornos confort\u00e1veis na hora da digita\u00e7\u00e3o. Al\u00e9m disso vem com e 109 teclas, sendo 12 teclas de fun\u00e7\u00e3o operacionais e 3 teclas de atalho, possui tamb\u00e9m ajuste de altura e \u00f3timo comprimento de cabo de 1,5 metros. \u00c9 compat\u00edvel com Windows 7; 8 e 10 e sua conex\u00e3o e por meio de USB com sistema Plug and play sua instala\u00e7\u00e3o fica muito simples e r\u00e1pida.<\/p>\n","protected":false},"excerpt":{"rendered":"<p>TECLADO HP USB 100 COM FIO<\/p>\n","protected":false},"featured_media":6972,"template":"","meta":{"om_disable_all_campaigns":false,"_monsterinsights_skip_tracking":false,"_monsterinsights_sitenote_active":false,"_monsterinsights_sitenote_note":"","_monsterinsights_sitenote_category":0},"product_brand":[],"product_cat":[296,384,427],"product_tag":[],"class_list":{"0":"post-6973","1":"product","2":"type-product","3":"status-publish","4":"has-post-thumbnail","6":"product_cat-informatica","7":"product_cat-perifericos","8":"product_cat-teclado","9":"thunk-woo-product-list","10":"big-store-woo-hover-zoom","11":"open-single-product-tab-horizontal","12":"open-shadow-","13":"open-shadow-hover-","15":"first","16":"outofstock","17":"sale","18":"shipping-taxable","19":"purchasable","20":"product-type-simple"},"aioseo_notices":[],"_links":{"self":[{"href":"https:\/\/infomacrio.com.br\/index.php\/wp-json\/wp\/v2\/product\/6973","targetHints":{"allow":["GET"]}}],"collection":[{"href":"https:\/\/infomacrio.com.br\/index.php\/wp-json\/wp\/v2\/product"}],"about":[{"href":"https:\/\/infomacrio.com.br\/index.php\/wp-json\/wp\/v2\/types\/product"}],"wp:featuredmedia":[{"embeddable":true,"href":"https:\/\/infomacrio.com.br\/index.php\/wp-json\/wp\/v2\/media\/6972"}],"wp:attachment":[{"href":"https:\/\/infomacrio.com.br\/index.php\/wp-json\/wp\/v2\/media?parent=6973"}],"wp:term":[{"taxonomy":"product_brand","embeddable":true,"href":"https:\/\/infomacrio.com.br\/index.php\/wp-json\/wp\/v2\/product_brand?post=6973"},{"taxonomy":"product_cat","embeddable":true,"href":"https:\/\/infomacrio.com.br\/index.php\/wp-json\/wp\/v2\/product_cat?post=6973"},{"taxonomy":"product_tag","embeddable":true,"href":"https:\/\/infomacrio.com.br\/index.php\/wp-json\/wp\/v2\/product_tag?post=6973"}],"curies":[{"name":"wp","href":"https:\/\/api.w.org\/{rel}","templated":true}]}}