{"id":6971,"date":"2022-11-18T17:39:53","date_gmt":"2022-11-18T20:39:53","guid":{"rendered":"https:\/\/infomacrio.com.br\/index.php\/produto\/teclado-logitech-k120\/"},"modified":"2026-02-26T15:52:54","modified_gmt":"2026-02-26T18:52:54","slug":"teclado-logitech-k120","status":"publish","type":"product","link":"https:\/\/infomacrio.com.br\/index.php\/produto\/teclado-logitech-k120\/","title":{"rendered":"TECLADO LOGITECH K120"},"content":{"rendered":"<p>O K120 com fio \u00e9 confi\u00e1vel e dur\u00e1vel, equipado com um teclado num\u00e9rico com um design f\u00e1cil de usar que funciona assim que sai da caixa. Basta conectar este teclado com fio via USB e pronto.<\/p>\n<p>Design resistente a derramamentos<\/p>\n<p>Teclado num\u00e9rico de 10 teclas<\/p>\n<p>Luz indicadora da tecla Caps Lock<\/p>\n<p>Luz indicadora da tecla Num Lock<\/p>\n<p>At\u00e9 10 milh\u00f5es de toques de tecla (exclui a tecla de bloqueio num\u00e9rico)<\/p>\n<p>Tipo de tecla: Perfil profundo.<\/p>\n","protected":false},"excerpt":{"rendered":"<p>TECLADO LOGITECH K120<\/p>\n","protected":false},"featured_media":10326,"template":"","meta":{"om_disable_all_campaigns":false,"_monsterinsights_skip_tracking":false,"_monsterinsights_sitenote_active":false,"_monsterinsights_sitenote_note":"","_monsterinsights_sitenote_category":0},"product_brand":[],"product_cat":[296,384,427],"product_tag":[],"class_list":{"0":"post-6971","1":"product","2":"type-product","3":"status-publish","4":"has-post-thumbnail","6":"product_cat-informatica","7":"product_cat-perifericos","8":"product_cat-teclado","9":"thunk-woo-product-list","10":"big-store-woo-hover-zoom","11":"open-single-product-tab-horizontal","12":"open-shadow-","13":"open-shadow-hover-","15":"first","16":"outofstock","17":"sale","18":"shipping-taxable","19":"purchasable","20":"product-type-simple"},"aioseo_notices":[],"_links":{"self":[{"href":"https:\/\/infomacrio.com.br\/index.php\/wp-json\/wp\/v2\/product\/6971","targetHints":{"allow":["GET"]}}],"collection":[{"href":"https:\/\/infomacrio.com.br\/index.php\/wp-json\/wp\/v2\/product"}],"about":[{"href":"https:\/\/infomacrio.com.br\/index.php\/wp-json\/wp\/v2\/types\/product"}],"wp:featuredmedia":[{"embeddable":true,"href":"https:\/\/infomacrio.com.br\/index.php\/wp-json\/wp\/v2\/media\/10326"}],"wp:attachment":[{"href":"https:\/\/infomacrio.com.br\/index.php\/wp-json\/wp\/v2\/media?parent=6971"}],"wp:term":[{"taxonomy":"product_brand","embeddable":true,"href":"https:\/\/infomacrio.com.br\/index.php\/wp-json\/wp\/v2\/product_brand?post=6971"},{"taxonomy":"product_cat","embeddable":true,"href":"https:\/\/infomacrio.com.br\/index.php\/wp-json\/wp\/v2\/product_cat?post=6971"},{"taxonomy":"product_tag","embeddable":true,"href":"https:\/\/infomacrio.com.br\/index.php\/wp-json\/wp\/v2\/product_tag?post=6971"}],"curies":[{"name":"wp","href":"https:\/\/api.w.org\/{rel}","templated":true}]}}