{"id":6964,"date":"2022-11-18T17:39:50","date_gmt":"2022-11-18T20:39:50","guid":{"rendered":"https:\/\/infomacrio.com.br\/index.php\/produto\/testador-de-cabos-rj45-11-2flex-2f-nf4511\/"},"modified":"2026-04-20T14:40:07","modified_gmt":"2026-04-20T17:40:07","slug":"testador-de-cabos-rj45-11-2flex-2f-nf4511","status":"publish","type":"product","link":"https:\/\/infomacrio.com.br\/index.php\/produto\/testador-de-cabos-rj45-11-2flex-2f-nf4511\/","title":{"rendered":"TESTADOR DE CABOS RJ45\/11 2FLEX 2F-NF4511"},"content":{"rendered":"<p>. Testador de cabo RJ-45 2F-NF4511 \u00e9 um equipamento que auxilia os profissionais nos testes de cabos com conectores RJ45 ou RJ 11, checando a comunica\u00e7\u00e3o dos cabos Ethernet e Telefonia. De alta performance com design compacto de f\u00e1cil utiliza\u00e7\u00e3o.<\/p>\n<p>. Testador de cabos RJ45\u00a0(2F-NF4511)\u00a0possui um LED por cabo, que permite ao t\u00e9cnico r\u00e1pida visualiza\u00e7\u00e3o dos cabos danificados ou partidos. Sendo poss\u00edvel conex\u00e3o com o cabo RJ45 ou RJ11 para identificar poss\u00edveis falhas das vias. Feito com polipropileno e funcionamento plug-and-play simples.<\/p>\n<p>Conex\u00f5es: RJ11 e\u00a0RJ45;<\/p>\n<p>Necess\u00e1rio bateria de 9v; (N\u00e3o incluso no equipamento);<\/p>\n<p>Dimens\u00f5es: 10,4\u00d79,6\u00d72,7cm;<\/p>\n<p>Peso: 200g;<\/p>\n<p>Material: Polipropileno;<\/p>\n<p>Plug And Play: Simples;<\/p>\n<p>Fun\u00e7\u00e3o: testa condutores 1,2,3,4,5,6,7,8, possibilitando identificar a integridade destes, ou seja anomalias nas vias e sua polariza\u00e7\u00e3o. \u00c9 possivel testar padr\u00e3o T568A e\u00a0 T568B sendo esse CAT5e.<\/p>\n","protected":false},"excerpt":{"rendered":"<p>TESTADOR DE CABOS RJ45\/11 2FLEX 2F-NF4511<\/p>\n","protected":false},"featured_media":10262,"template":"","meta":{"om_disable_all_campaigns":false,"_monsterinsights_skip_tracking":false,"_monsterinsights_sitenote_active":false,"_monsterinsights_sitenote_note":"","_monsterinsights_sitenote_category":0},"product_brand":[],"product_cat":[313,314,429],"product_tag":[],"class_list":{"0":"post-6964","1":"product","2":"type-product","3":"status-publish","4":"has-post-thumbnail","6":"product_cat-ferramentas","7":"product_cat-para-network","8":"product_cat-testador-de-cabo","9":"thunk-woo-product-list","10":"big-store-woo-hover-zoom","11":"open-single-product-tab-horizontal","12":"open-shadow-","13":"open-shadow-hover-","15":"first","16":"instock","17":"sale","18":"shipping-taxable","19":"purchasable","20":"product-type-simple"},"aioseo_notices":[],"_links":{"self":[{"href":"https:\/\/infomacrio.com.br\/index.php\/wp-json\/wp\/v2\/product\/6964","targetHints":{"allow":["GET"]}}],"collection":[{"href":"https:\/\/infomacrio.com.br\/index.php\/wp-json\/wp\/v2\/product"}],"about":[{"href":"https:\/\/infomacrio.com.br\/index.php\/wp-json\/wp\/v2\/types\/product"}],"wp:featuredmedia":[{"embeddable":true,"href":"https:\/\/infomacrio.com.br\/index.php\/wp-json\/wp\/v2\/media\/10262"}],"wp:attachment":[{"href":"https:\/\/infomacrio.com.br\/index.php\/wp-json\/wp\/v2\/media?parent=6964"}],"wp:term":[{"taxonomy":"product_brand","embeddable":true,"href":"https:\/\/infomacrio.com.br\/index.php\/wp-json\/wp\/v2\/product_brand?post=6964"},{"taxonomy":"product_cat","embeddable":true,"href":"https:\/\/infomacrio.com.br\/index.php\/wp-json\/wp\/v2\/product_cat?post=6964"},{"taxonomy":"product_tag","embeddable":true,"href":"https:\/\/infomacrio.com.br\/index.php\/wp-json\/wp\/v2\/product_tag?post=6964"}],"curies":[{"name":"wp","href":"https:\/\/api.w.org\/{rel}","templated":true}]}}