{"id":6908,"date":"2022-11-18T17:39:20","date_gmt":"2022-11-18T20:39:20","guid":{"rendered":"https:\/\/infomacrio.com.br\/index.php\/produto\/cx-emenda-ceo-2flex-12fo-svt-24-fusoes\/"},"modified":"2026-04-14T10:01:16","modified_gmt":"2026-04-14T13:01:16","slug":"cx-emenda-ceo-2flex-12fo-svt-24-fusoes","status":"publish","type":"product","link":"https:\/\/infomacrio.com.br\/index.php\/produto\/cx-emenda-ceo-2flex-12fo-svt-24-fusoes\/","title":{"rendered":"CX EMENDA CEO 2FLEX 12FO SVT"},"content":{"rendered":"<p>A caixa de emenda SVT 12FO possui sistema de Veda\u00e7\u00e3o Termocontr\u00e1til .Tem esse nome por utilizar tubos retr\u00e1teis na veda\u00e7\u00e3o do cabo, ou seja, necessitam de aquecimento para sua aplica\u00e7\u00e3o. Esse sistema \u00e9 indicado para ser utilizado em backbones e presente nas instala\u00e7\u00f5es a\u00e9reas ou subterr\u00e2neas.<\/p>\n<p>A caixa de emenda SVT 12FO foi desenvolvida com polipropileno de alta resist\u00eancia para proteger a fus\u00e3o, distribui\u00e7\u00e3o e concentra\u00e7\u00e3o das fibras \u00f3pticas em redes a\u00e9reas. Podendo assim suportar condi\u00e7\u00f5es adversas, tais como vibra\u00e7\u00e3o, impacto, a distor\u00e7\u00e3o do cabo de tra\u00e7\u00e3o e as mudan\u00e7as de temperatura fortes. Possui fechamento termocontr\u00e1til, que garante melhor veda\u00e7\u00e3o e possibilita sangria. Vers\u00e1til, pode ser utilizada tanto em aplica\u00e7\u00f5es verticais quanto horizontais, e em ambientes a\u00e9reos outdoor ou subterr\u00e2neos. Acomoda at\u00e9 24 fibras em seu interior atrav\u00e9s de bandejas pl\u00e1sticas.<\/p>\n<p><strong>Caracter\u00edsticas T\u00e9cnicas:<\/strong><\/p>\n<ul>\n<li>Especifica\u00e7\u00f5es: 12 Fibras;<\/li>\n<li>Modelo: 2F-FCX12F-PQ-VT;<\/li>\n<li>Dimens\u00e3o: 295 x 175 mm;<\/li>\n<li>Material: Polipropileno;<\/li>\n<li>Peso: 1,620 KG;<\/li>\n<li>Cabos: 8-18mm;<\/li>\n<li>Fibras: 12 at\u00e9 24 Fibras;<\/li>\n<li>Temperatura: -40\u00baC~65\u00baC<\/li>\n<\/ul>\n","protected":false},"excerpt":{"rendered":"<p>CX EMENDA CEO 2FLEX 12FO SVT<\/p>\n","protected":false},"featured_media":6907,"template":"","meta":{"om_disable_all_campaigns":false,"_monsterinsights_skip_tracking":false,"_monsterinsights_sitenote_active":false,"_monsterinsights_sitenote_note":"","_monsterinsights_sitenote_category":0},"product_brand":[],"product_cat":[335,301,428],"product_tag":[],"class_list":{"0":"post-6908","1":"product","2":"type-product","3":"status-publish","4":"has-post-thumbnail","6":"product_cat-caixa-de-emenda-ceo","7":"product_cat-fibra-optica","8":"product_cat-termocontratil","9":"thunk-woo-product-list","10":"big-store-woo-hover-zoom","11":"open-single-product-tab-horizontal","12":"open-shadow-","13":"open-shadow-hover-","15":"first","16":"instock","17":"sale","18":"shipping-taxable","19":"purchasable","20":"product-type-simple"},"aioseo_notices":[],"_links":{"self":[{"href":"https:\/\/infomacrio.com.br\/index.php\/wp-json\/wp\/v2\/product\/6908","targetHints":{"allow":["GET"]}}],"collection":[{"href":"https:\/\/infomacrio.com.br\/index.php\/wp-json\/wp\/v2\/product"}],"about":[{"href":"https:\/\/infomacrio.com.br\/index.php\/wp-json\/wp\/v2\/types\/product"}],"wp:featuredmedia":[{"embeddable":true,"href":"https:\/\/infomacrio.com.br\/index.php\/wp-json\/wp\/v2\/media\/6907"}],"wp:attachment":[{"href":"https:\/\/infomacrio.com.br\/index.php\/wp-json\/wp\/v2\/media?parent=6908"}],"wp:term":[{"taxonomy":"product_brand","embeddable":true,"href":"https:\/\/infomacrio.com.br\/index.php\/wp-json\/wp\/v2\/product_brand?post=6908"},{"taxonomy":"product_cat","embeddable":true,"href":"https:\/\/infomacrio.com.br\/index.php\/wp-json\/wp\/v2\/product_cat?post=6908"},{"taxonomy":"product_tag","embeddable":true,"href":"https:\/\/infomacrio.com.br\/index.php\/wp-json\/wp\/v2\/product_tag?post=6908"}],"curies":[{"name":"wp","href":"https:\/\/api.w.org\/{rel}","templated":true}]}}