{"id":6904,"date":"2022-11-18T17:39:18","date_gmt":"2022-11-18T20:39:18","guid":{"rendered":"https:\/\/infomacrio.com.br\/index.php\/produto\/cx-som-padrao-pc018-hoopson-par\/"},"modified":"2025-08-08T08:03:54","modified_gmt":"2025-08-08T11:03:54","slug":"cx-som-padrao-pc018-hoopson-par","status":"publish","type":"product","link":"https:\/\/infomacrio.com.br\/index.php\/produto\/cx-som-padrao-pc018-hoopson-par\/","title":{"rendered":"CX SOM PADR\u00c3O PC018 HOOPSON &#8211; PAR"},"content":{"rendered":"<p>Alimenta\u00e7\u00e3o: USB, Cor: Preta, Branca e Azul, Conex\u00e3o: P2 3.5mm, Pot\u00eancia: 5W RMS (2Wx2), Frequ\u00eancia: 200-18KHz, Compat\u00edvel: Computador e Notebook<\/p>\n<ul>\n<li>Alimenta\u00e7\u00e3o: USB<\/li>\n<li>Cor: Preta, Branca e Azul<\/li>\n<li>Conex\u00e3o: P2 3.5mm<\/li>\n<li>Pot\u00eancia: 5W RMS (2Wx2)<\/li>\n<li>Frequ\u00eancia: 200-18KHz<\/li>\n<li>Compat\u00edvel: Computador e Notebook<\/li>\n<\/ul>\n","protected":false},"excerpt":{"rendered":"<p>CX SOM PADR\u00c3O PC018 HOOPSON &#8211; PAR<\/p>\n","protected":false},"featured_media":6903,"template":"","meta":{"om_disable_all_campaigns":false,"_monsterinsights_skip_tracking":false,"_monsterinsights_sitenote_active":false,"_monsterinsights_sitenote_note":"","_monsterinsights_sitenote_category":0},"product_brand":[],"product_cat":[337,296,336],"product_tag":[],"class_list":{"0":"post-6904","1":"product","2":"type-product","3":"status-publish","4":"has-post-thumbnail","6":"product_cat-caixa-de-som","7":"product_cat-informatica","8":"product_cat-som","9":"thunk-woo-product-list","10":"big-store-woo-hover-zoom","11":"open-single-product-tab-horizontal","12":"open-shadow-","13":"open-shadow-hover-","15":"first","16":"outofstock","17":"sale","18":"shipping-taxable","19":"purchasable","20":"product-type-simple"},"aioseo_notices":[],"_links":{"self":[{"href":"https:\/\/infomacrio.com.br\/index.php\/wp-json\/wp\/v2\/product\/6904","targetHints":{"allow":["GET"]}}],"collection":[{"href":"https:\/\/infomacrio.com.br\/index.php\/wp-json\/wp\/v2\/product"}],"about":[{"href":"https:\/\/infomacrio.com.br\/index.php\/wp-json\/wp\/v2\/types\/product"}],"wp:featuredmedia":[{"embeddable":true,"href":"https:\/\/infomacrio.com.br\/index.php\/wp-json\/wp\/v2\/media\/6903"}],"wp:attachment":[{"href":"https:\/\/infomacrio.com.br\/index.php\/wp-json\/wp\/v2\/media?parent=6904"}],"wp:term":[{"taxonomy":"product_brand","embeddable":true,"href":"https:\/\/infomacrio.com.br\/index.php\/wp-json\/wp\/v2\/product_brand?post=6904"},{"taxonomy":"product_cat","embeddable":true,"href":"https:\/\/infomacrio.com.br\/index.php\/wp-json\/wp\/v2\/product_cat?post=6904"},{"taxonomy":"product_tag","embeddable":true,"href":"https:\/\/infomacrio.com.br\/index.php\/wp-json\/wp\/v2\/product_tag?post=6904"}],"curies":[{"name":"wp","href":"https:\/\/api.w.org\/{rel}","templated":true}]}}