{"id":6896,"date":"2022-11-18T17:39:13","date_gmt":"2022-11-18T20:39:13","guid":{"rendered":"https:\/\/infomacrio.com.br\/index.php\/produto\/dio-12fo-2flex-sc-upc-completo\/"},"modified":"2025-10-13T13:23:25","modified_gmt":"2025-10-13T16:23:25","slug":"dio-12fo-2flex-sc-upc-completo","status":"publish","type":"product","link":"https:\/\/infomacrio.com.br\/index.php\/produto\/dio-12fo-2flex-sc-upc-completo\/","title":{"rendered":"DIO 12FO 2FLEX SC-UPC COMPLETO"},"content":{"rendered":"<p>O distribuidor interno \u00f3ptico \u00e9 ideal para uso interno em rack 19\u2033com 12 fibras. \u00c9 confeccionado em material de alta resist\u00eancia e pintura especial promovendo prote\u00e7\u00e3o e qualidade. Ideal para organiza\u00e7\u00e3o e acomoda\u00e7\u00e3o das fibras \u00f3pticas no Data Center.<\/p>\n<p>. Conte\u00fado da embalagem:<\/p>\n<p>01 unidade \u2013 Distribuidor interno \u00f3ptico 12FO \u2013 2F-FDIO-12-UPC;<\/p>\n<p>01 unidade \u2013 Bandeja para emendas \u00f3pticas;<\/p>\n<p>12 unidades \u2013 Protetores de emendas \u00f3pticas;<\/p>\n<p>12 unidades \u2013 Adaptadores \u00f3pticos SC\/UPC;<\/p>\n<p>12 unidades \u2013 Pig tails coloridos;<\/p>\n<p>04 unidades \u2013 Parafusos para fixa\u00e7\u00e3o de suporte no rack;<\/p>\n<p>02 unidades \u2013 Suportes para rack;<\/p>\n<p>06 unidades \u2013 Abra\u00e7adeiras pl\u00e1sticas;<\/p>\n<p>04 entradas e sa\u00eddas para fibras;<\/p>\n<p>04 fixadores para fibras;<\/p>\n<p>04 fixadores para o elemento de tra\u00e7\u00e3o.<\/p>\n<p>. Caracter\u00edsticas T\u00e9cnicas:<\/p>\n<p>Capacidade m\u00e1xima: 12 fibras;<\/p>\n<p>Dimens\u00f5es: 435 x 320 x 43mm \u2013 1U;<\/p>\n<p>Peso: 3,5 kg;<\/p>\n<p>Tipo de conector: SC;<\/p>\n<p>Tipo de polimento: UPC;<\/p>\n<p>Acabamento: Pintura eletro-est\u00e1tica preta;<\/p>\n<p>Temperatura de opera\u00e7\u00e3o: 0 \u00baC ~ 36\u00baC.<\/p>\n","protected":false},"excerpt":{"rendered":"<p>DIO 12FO 2FLEX SC-UPC COMPLETO<\/p>\n","protected":false},"featured_media":10242,"template":"","meta":{"om_disable_all_campaigns":false,"_monsterinsights_skip_tracking":false,"_monsterinsights_sitenote_active":false,"_monsterinsights_sitenote_note":"","_monsterinsights_sitenote_category":0},"product_brand":[],"product_cat":[318,301,432],"product_tag":[],"class_list":{"0":"post-6896","1":"product","2":"type-product","3":"status-publish","4":"has-post-thumbnail","6":"product_cat-dio-distribuidor-optico","7":"product_cat-fibra-optica","8":"product_cat-upc-dio-distribuidor-optico","9":"thunk-woo-product-list","10":"big-store-woo-hover-zoom","11":"open-single-product-tab-horizontal","12":"open-shadow-","13":"open-shadow-hover-","15":"first","16":"instock","17":"sale","18":"shipping-taxable","19":"purchasable","20":"product-type-simple"},"aioseo_notices":[],"_links":{"self":[{"href":"https:\/\/infomacrio.com.br\/index.php\/wp-json\/wp\/v2\/product\/6896","targetHints":{"allow":["GET"]}}],"collection":[{"href":"https:\/\/infomacrio.com.br\/index.php\/wp-json\/wp\/v2\/product"}],"about":[{"href":"https:\/\/infomacrio.com.br\/index.php\/wp-json\/wp\/v2\/types\/product"}],"wp:featuredmedia":[{"embeddable":true,"href":"https:\/\/infomacrio.com.br\/index.php\/wp-json\/wp\/v2\/media\/10242"}],"wp:attachment":[{"href":"https:\/\/infomacrio.com.br\/index.php\/wp-json\/wp\/v2\/media?parent=6896"}],"wp:term":[{"taxonomy":"product_brand","embeddable":true,"href":"https:\/\/infomacrio.com.br\/index.php\/wp-json\/wp\/v2\/product_brand?post=6896"},{"taxonomy":"product_cat","embeddable":true,"href":"https:\/\/infomacrio.com.br\/index.php\/wp-json\/wp\/v2\/product_cat?post=6896"},{"taxonomy":"product_tag","embeddable":true,"href":"https:\/\/infomacrio.com.br\/index.php\/wp-json\/wp\/v2\/product_tag?post=6896"}],"curies":[{"name":"wp","href":"https:\/\/api.w.org\/{rel}","templated":true}]}}